{"id":5490,"date":"2024-12-04T23:19:05","date_gmt":"2024-12-04T23:19:05","guid":{"rendered":"https:\/\/rc-hall.com\/?page_id=5490"},"modified":"2024-12-05T09:23:28","modified_gmt":"2024-12-05T09:23:28","slug":"widerrufsbelehrung","status":"publish","type":"page","link":"https:\/\/rc-hall.com\/zh\/widerrufsbelehrung\/","title":{"rendered":"\u53d6\u6d88\u653f\u7b56"},"content":{"rendered":"<p><strong>\u64a4\u56de\u6743\u7684<\/strong><\/p>\n\n\n\n<p>\u4f60\u6709\u6743\u53d6\u6d88\u5728\u5341\u56db\u5929\u6ca1\u6709\u7ed9\u4eba\u4e00\u79cd\u539f\u56e0\u8fd9\u4e00\u5408\u540c\u3002<\/p>\n\n\n\n<p>\u64a4\u9500\u5468\u671f\u4e3a\u56db\u5929\u7684\u5929\u54ea\uff0c\u4f60\u6216\u4e00\u4e2a\u7b2c\u4e09\u65b9\u547d\u540d\u4e3a\u901a\u8fc7\u4f60\uff0c\u4ed6\u662f\u4e0d\u662f\u8f7d\u4f53\uff0c\u6700\u540e\u7684\u8d27\u7269\u5df2\u91c7\u53d6\u7684\u5360\u6709\u6216\u62e5\u6709\u7684\u3002<\/p>\n\n\n\n<p>\u4e3a\u4e86\u953b\u70bc\u60a8\u7684\u53d6\u6d88\u6743\uff0c\u5219\u5fc5\u987b\u901a\u77e5\u6211\u4eec\uff0c<\/p>\n\n\n\n<p>\u540d\u79f0<br>\u5730\u5740<br>\u7535\u8bdd\uff1a <br>\u4f20\u771f\uff0c\u5982\u679c\uff1a<br>E-Mail:<\/p>\n\n\n\n<p>\u901a\u8fc7\u660e\u786e\u7684\u58f0\u660e(\u4f8b\u5982\u4fe1\u901a\u8fc7\u90ae\u5bc4\u3001\u4f20\u771f\u6216\u7535\u5b50\u90ae\u4ef6)\u7684\u51b3\u5b9a\u64a4\u51fa\u8be5\u5408\u540c\u7684\u901a\u77e5\u3002 \u4f60\u53ef\u4ee5\u4f7f\u7528\u7684\u9644\u6709\u6837\u672c\u7684\u64a4\u6d88\u5f62\u5f0f\uff0c\u4f46\u4e0d\u662f\u5f3a\u5236\u6027\u7684\u3002 \u4e3a\u6ee1\u8db3\u53d6\u6d88\u9650\u671f\uff0c\u5b83\u662f\u8db3\u591f\u7684\uff0c\u4f60\u53d1\u9001\u901a\u77e5\u6709\u5173\u884c\u4f7f\u64a4\u9500\u6743\u5230\u671f\u524d\u64a4\u9500\u7684\u671f\u95f4\u3002<\/p>\n\n\n\n<p><strong>\u540e\u679c\u7684\u64a4\u9500<\/strong><\/p>\n\n\n\n<p>\u5982\u679c\u4f60\u64a4\u9500\u8fd9\u4e00\u5408\u540c\uff0c\u6211\u4eec\u5df2\u7ecf\u4e3a\u4f60\u652f\u4ed8\u7684\u6240\u6709\u6b3e\u9879\uff0c\u6211\u4eec\u5df2\u7ecf\u6536\u5230\u60a8\uff0c\u5305\u62ec\u8d39\u7528\u7684\u4ed8\u6b3e(\u9664\u7684\u989d\u5916\u7684\u8d39\u7528\uff0c\u5176\u4e2d\u51fa\u73b0\u7684\u4e8b\u5b9e\u662f\uff0c\u4f60\u9009\u62e9\u53e6\u4e00\u79cd\u4ea4\u4ed8\u4e8e\u6211\u4eec\u6240\u63d0\u4f9b\u7684\u3001\u6700\u4fbf\u5b9c\u7684\u6807\u51c6\u8fd0)\u3001\u7acb\u5373\u548c\u6700\u8fdf\u5728\u5341\u56db\u5929\u5185\u4ece\u5929\u4e0a\u6765\u507f\u8fd8\uff0c\u5176\u4e0a\u901a\u77e5\u4f60\u64a4\u9500\u8be5\u5408\u540c\u5df2\u7ecf\u6536\u5230\u6211\u4eec\u3002 \u4e3a\u6b64\u507f\u8fd8\uff0c\u6211\u4eec\u5c06\u4f7f\u7528\u540c\u6837\u7684\u652f\u4ed8\u624b\u6bb5\u7684\u4f5c\u7528\u7684\u521d\u59cb\u4ea4\u6613\uff0c\u9664\u975e\u53e6\u6709\u660e\u786e\u534f\u8bae\uff1b\u5728\u4efb\u4f55\u60c5\u51b5\u4e0b\u4f60\u4f1a\u6536\u53d6\u7684\u8d39\u7528\uff0c\u8fd9\u79cd\u507f\u8fd8\u3002<\/p>\n\n\n\n<p>\u6211\u4eec\u53ef\u4ee5\u62d2\u7edd\u507f\u8fd8\uff0c\u76f4\u5230\u6211\u4eec\u5df2\u7ecf\u6536\u5230\u8d27\u7269\u540e\u518d\u8fd4\u56de\u6216\u76f4\u5230\u4f60\u6709\u63d0\u4f9b\u8bc1\u636e\u8bc1\u660e\u4f60\u6709\u9001\u56de\u7684\u8d27\u7269\uff0c\u65e0\u8bba\u662f\u5728\u8f83\u65e9\u7684\u65f6\u95f4\u70b9\u3002<\/p>\n\n\n\n<p>\u4f60\u5e94\u53d1\u56de\u8d27\u7269\u6beb\u4e0d\u8fdf\u5ef6\u5730\u5e76\u5728\u4efb\u4f55\u60c5\u51b5\u4e0b\u4e0d\u5f97\u8fdf\u4e8e\u56db\u5929\u54ea\u4f60\u544a\u8bc9\u6211\u4eec\u8be5\u53d6\u6d88\u8fd9\u79cd\u5408\u540c\u7ed9\u6211\u4eec<\/p>\n\n\n\n<p>[oder &#8211; sofern vorhanden &#8211; an Name, Anschrift]<\/p>\n\n\n\n<p>\u8fd4\u56de\u6216\u8f6c\u79fb\u3002 \u622a\u6b62\u65e5\u671f\u662f\u5982\u679c\u9047\u5230\u4e86\u4f60\u53d1\u56de\u8d27\u7269\u4e4b\u524d\u7684\u671f\u9650\u5c4a\u6ee1\u5341\u56db\u5c81\u7684\u65e5\u5b50\u3002 \u4f60\u5c06\u627f\u62c5\u76f4\u63a5\u8d39\u7528\u56de\u8d27\u7269\u3002<\/p>\n\n\n\n<p>\u4f60\u8981\u4e3a\u4e00\u4e2a\u53ef\u80fd\u7684\u635f\u5931\u5728\u8d27\u7269\u7684\u4ef7\u503c\uff0c\u5982\u679c\u8fd9\u79cd\u635f\u5931\u7684\u4ef7\u503c\uff0c\u539f\u56e0\u662f\u5efa\u7acb\u7684\u6027\u8d28\u3001\u7279\u70b9\u548c\u8fd0\u4f5c\u7684\u8d27\u7269\u4e0d\u662f\u5fc5\u987b\u5728\u5904\u7406\u5b83\u4eec\u3002<br>\u8fd8\u6709\uff0c\u6216\u8005\uff0c\u5982\u679c\u9002\u7528\uff0c\u4ee5\u4e0b\u8865\u5145\uff1a&nbsp;<strong>\u6392\u65a5\u548c\u65e9\u671f\u6ee1\u65f6\u64a4\u56de\u6743\u7684<\/strong><\/p>\n\n\n\n<p><strong>\u64a4\u56de\u6743\u4e0d\u5b58\u5728\u4e0e\u5408\u540c<\/strong><\/p>\n\n\n\n<p>\u5bf9\u4e8e\u5546\u54c1\u7684\u4f9b\u5e94\u800c\u4e0d\u662f\u9884\u5236\u6784\u4ef6\u548c\u5bf9\u5176\u5236\u9020\u4e00\u79cd\u4e2a\u4eba\u9009\u62e9\u6216\u786e\u5b9a\u901a\u8fc7\u7684\u6d88\u8d39\u8005\u662f\u91cd\u8981\u7684\uff0c\u6216\u662f\u660e\u786e\u9488\u5bf9\u4e2a\u4eba\u9700\u6c42\u7684\u6d88\u8d39\uff1b<\/p>\n\n\n\n<p>\u5bf9\u4e8e\u8d27\u7269\u7684\u4ea4\u4ed8\uff0c\u53ef\u4ee5\u7834\u574f\u8fc5\u901f\u6216\u5176\u6709\u6548\u671f\u5c06\u8d85\u8fc7\u8fc5\u901f\uff1b<\/p>\n\n\n\n<p>\u4ea4\u4ed8\u7684\u542b\u9152\u7cbe\u7684\u996e\u6599\uff0c\u5176\u4ef7\u683c\u540c\u610f\u5728\u8ba2\u7acb\u5408\u540c\uff0c\u8fd9\u53ef\u4ee5\u5728\u6700\u65e9\u768430\u5929\u4e4b\u540e\u7f14\u7ed3\u5408\u540c\uff0c\u5176\u76ee\u524d\u7684\u4ef7\u503c\u53d6\u51b3\u4e8e\u5e02\u573a\u6ce2\u52a8\u7684\u5f71\u54cd\u53d6\u51b3\u4e8e\u5176\u4f01\u4e1a\u5bb6\u6709\u6ca1\u6709\u5f71\u54cd\uff1b<\/p>\n\n\n\n<p>\u9001\u62a5\u7eb8\u3001\u671f\u520a\u6216\u6742\u5fd7\u4ee5\u5916\u7684\u8ba2\u8d2d\u5408\u540c\u3002<\/p>\n\n\n\n<p><strong>\u64a4\u9500\u6743\u5230\u671f\u65f6\u65e9\u4ea7\u7684\u60c5\u51b5\u4e0b\u5408\u540c<\/strong><\/p>\n\n\n\n<p>\u4f9b\u5e94\u5bc6\u5c01\u7684\u8d27\u7269\u4e0d\u9002\u7528\u4e8e\u56e0\u5065\u5eb7\u4fdd\u62a4\u6216\u536b\u751f\u8981\u8fd4\u56de\uff0c\u5982\u679c\u4ed6\u4eec\u7684\u5c01\u5370\u5df2\u7ecf\u88ab\u62c6\u9664\u4e4b\u540e\u7684\u4ea4\u4ed8\uff1b<\/p>\n\n\n\n<p>\u5bf9\u4e8e\u4ea4\u4ed8\u7684\u4ea7\u54c1\uff0c\u5982\u679c\u4ed6\u4eec\u5df2\u7ecf\u6df7\u5408\u540e\u9001\uff0c\u7531\u4e8e\u5176\u6027\u8d28\uff0c\u4e0d\u53ef\u5206\u5272\u5730\u4e0e\u5176\u4ed6\u8d27\u7269\uff1b<\/p>\n\n\n\n<p>\u7528\u4e8e\u4f20\u9001\u97f3\u9891\u6216\u89c6\u9891\u8bb0\u5f55\u6216\u8ba1\u7b97\u673a\u8f6f\u4ef6\uff0c\u5728\u4e00\u4e2a\u5bc6\u5c01\u5305\u88c5\uff0c\u5982\u679c\u5c01\u6761\u88ab\u5220\u9664\uff0c\u540e\u4ea4\u8d27\u3002<\/p>","protected":false},"excerpt":{"rendered":"<p>Widerrufsrecht Sie haben das Recht, binnen vierzehn Tagen ohne Angabe von Gr\u00fcnden diesen Vertrag zu widerrufen. Die Widerrufsfrist betr\u00e4gt vierzehn Tage ab dem Tage, an dem Sie oder ein von Ihnen benannter Dritter, der nicht der Bef\u00f6rderer ist, die letzte Ware in Besitz genommen haben bzw. hat. Um Ihr Widerrufsrecht auszu\u00fcben, m\u00fcssen Sie uns, NameAnschriftTelefon: [&hellip;]<\/p>","protected":false},"author":1,"featured_media":0,"parent":0,"menu_order":0,"comment_status":"closed","ping_status":"closed","template":"","meta":{"footnotes":""},"class_list":["post-5490","page","type-page","status-publish","hentry"],"yoast_head":"<!-- This site is optimized with the Yoast SEO Premium plugin v21.3 (Yoast SEO v25.9) - https:\/\/yoast.com\/wordpress\/plugins\/seo\/ -->\n<title>Widerrufsbelehrung - RC Hall<\/title>\n<meta name=\"robots\" content=\"index, follow, max-snippet:-1, max-image-preview:large, max-video-preview:-1\" \/>\n<link rel=\"canonical\" href=\"https:\/\/rc-hall.com\/zh\/widerrufsbelehrung\/\" \/>\n<meta property=\"og:locale\" content=\"zh_CN\" \/>\n<meta property=\"og:type\" content=\"article\" \/>\n<meta property=\"og:title\" content=\"Widerrufsbelehrung\" \/>\n<meta property=\"og:description\" content=\"Widerrufsrecht Sie haben das Recht, binnen vierzehn Tagen ohne Angabe von Gr\u00fcnden diesen Vertrag zu widerrufen. Die Widerrufsfrist betr\u00e4gt vierzehn Tage ab dem Tage, an dem Sie oder ein von Ihnen benannter Dritter, der nicht der Bef\u00f6rderer ist, die letzte Ware in Besitz genommen haben bzw. hat. Um Ihr Widerrufsrecht auszu\u00fcben, m\u00fcssen Sie uns, NameAnschriftTelefon: [&hellip;]\" \/>\n<meta property=\"og:url\" content=\"https:\/\/rc-hall.com\/zh\/widerrufsbelehrung\/\" \/>\n<meta property=\"og:site_name\" content=\"RC Hall\" \/>\n<meta property=\"article:modified_time\" content=\"2024-12-05T09:23:28+00:00\" \/>\n<meta name=\"twitter:card\" content=\"summary_large_image\" \/>\n<meta name=\"twitter:label1\" content=\"\u9884\u8ba1\u9605\u8bfb\u65f6\u95f4\" \/>\n\t<meta name=\"twitter:data1\" content=\"3 \u5206\" \/>\n<script type=\"application\/ld+json\" class=\"yoast-schema-graph\">{\"@context\":\"https:\/\/schema.org\",\"@graph\":[{\"@type\":\"WebPage\",\"@id\":\"https:\/\/rc-hall.com\/widerrufsbelehrung\/\",\"url\":\"https:\/\/rc-hall.com\/widerrufsbelehrung\/\",\"name\":\"Widerrufsbelehrung - RC Hall\",\"isPartOf\":{\"@id\":\"https:\/\/rc-hall.com\/#website\"},\"datePublished\":\"2024-12-04T23:19:05+00:00\",\"dateModified\":\"2024-12-05T09:23:28+00:00\",\"breadcrumb\":{\"@id\":\"https:\/\/rc-hall.com\/widerrufsbelehrung\/#breadcrumb\"},\"inLanguage\":\"zh-Hans\",\"potentialAction\":[{\"@type\":\"ReadAction\",\"target\":[\"https:\/\/rc-hall.com\/widerrufsbelehrung\/\"]}]},{\"@type\":\"BreadcrumbList\",\"@id\":\"https:\/\/rc-hall.com\/widerrufsbelehrung\/#breadcrumb\",\"itemListElement\":[{\"@type\":\"ListItem\",\"position\":1,\"name\":\"Startseite\",\"item\":\"https:\/\/rc-hall.com\/\"},{\"@type\":\"ListItem\",\"position\":2,\"name\":\"Widerrufsbelehrung\"}]},{\"@type\":\"WebSite\",\"@id\":\"https:\/\/rc-hall.com\/#website\",\"url\":\"https:\/\/rc-hall.com\/\",\"name\":\"RC Hall\",\"description\":\"Der Begleiter f\u00fcr das schnelle Hobby auf vier R\u00e4dern!\",\"potentialAction\":[{\"@type\":\"SearchAction\",\"target\":{\"@type\":\"EntryPoint\",\"urlTemplate\":\"https:\/\/rc-hall.com\/?s={search_term_string}\"},\"query-input\":{\"@type\":\"PropertyValueSpecification\",\"valueRequired\":true,\"valueName\":\"search_term_string\"}}],\"inLanguage\":\"zh-Hans\"}]}<\/script>\n<!-- \/ Yoast SEO Premium plugin. -->","yoast_head_json":{"title":"Widerrufsbelehrung - RC Hall","robots":{"index":"index","follow":"follow","max-snippet":"max-snippet:-1","max-image-preview":"max-image-preview:large","max-video-preview":"max-video-preview:-1"},"canonical":"https:\/\/rc-hall.com\/zh\/widerrufsbelehrung\/","og_locale":"zh_CN","og_type":"article","og_title":"Widerrufsbelehrung","og_description":"Widerrufsrecht Sie haben das Recht, binnen vierzehn Tagen ohne Angabe von Gr\u00fcnden diesen Vertrag zu widerrufen. Die Widerrufsfrist betr\u00e4gt vierzehn Tage ab dem Tage, an dem Sie oder ein von Ihnen benannter Dritter, der nicht der Bef\u00f6rderer ist, die letzte Ware in Besitz genommen haben bzw. hat. Um Ihr Widerrufsrecht auszu\u00fcben, m\u00fcssen Sie uns, NameAnschriftTelefon: [&hellip;]","og_url":"https:\/\/rc-hall.com\/zh\/widerrufsbelehrung\/","og_site_name":"RC Hall","article_modified_time":"2024-12-05T09:23:28+00:00","twitter_card":"summary_large_image","twitter_misc":{"\u9884\u8ba1\u9605\u8bfb\u65f6\u95f4":"3 \u5206"},"schema":{"@context":"https:\/\/schema.org","@graph":[{"@type":"WebPage","@id":"https:\/\/rc-hall.com\/widerrufsbelehrung\/","url":"https:\/\/rc-hall.com\/widerrufsbelehrung\/","name":"Widerrufsbelehrung - RC Hall","isPartOf":{"@id":"https:\/\/rc-hall.com\/#website"},"datePublished":"2024-12-04T23:19:05+00:00","dateModified":"2024-12-05T09:23:28+00:00","breadcrumb":{"@id":"https:\/\/rc-hall.com\/widerrufsbelehrung\/#breadcrumb"},"inLanguage":"zh-Hans","potentialAction":[{"@type":"ReadAction","target":["https:\/\/rc-hall.com\/widerrufsbelehrung\/"]}]},{"@type":"BreadcrumbList","@id":"https:\/\/rc-hall.com\/widerrufsbelehrung\/#breadcrumb","itemListElement":[{"@type":"ListItem","position":1,"name":"Startseite","item":"https:\/\/rc-hall.com\/"},{"@type":"ListItem","position":2,"name":"Widerrufsbelehrung"}]},{"@type":"WebSite","@id":"https:\/\/rc-hall.com\/#website","url":"https:\/\/rc-hall.com\/","name":"RC\u5385","description":"Der Begleiter f\u00fcr das schnelle Hobby auf vier R\u00e4dern!","potentialAction":[{"@type":"SearchAction","target":{"@type":"EntryPoint","urlTemplate":"https:\/\/rc-hall.com\/?s={search_term_string}"},"query-input":{"@type":"PropertyValueSpecification","valueRequired":true,"valueName":"search_term_string"}}],"inLanguage":"zh-Hans"}]}},"_links":{"self":[{"href":"https:\/\/rc-hall.com\/zh\/wp-json\/wp\/v2\/pages\/5490","targetHints":{"allow":["GET"]}}],"collection":[{"href":"https:\/\/rc-hall.com\/zh\/wp-json\/wp\/v2\/pages"}],"about":[{"href":"https:\/\/rc-hall.com\/zh\/wp-json\/wp\/v2\/types\/page"}],"author":[{"embeddable":true,"href":"https:\/\/rc-hall.com\/zh\/wp-json\/wp\/v2\/users\/1"}],"replies":[{"embeddable":true,"href":"https:\/\/rc-hall.com\/zh\/wp-json\/wp\/v2\/comments?post=5490"}],"version-history":[{"count":0,"href":"https:\/\/rc-hall.com\/zh\/wp-json\/wp\/v2\/pages\/5490\/revisions"}],"wp:attachment":[{"href":"https:\/\/rc-hall.com\/zh\/wp-json\/wp\/v2\/media?parent=5490"}],"curies":[{"name":"wp","href":"https:\/\/api.w.org\/{rel}","templated":true}]}}