{"id":1359,"date":"2020-10-26T22:45:19","date_gmt":"2020-10-26T22:45:19","guid":{"rendered":"https:\/\/rc-hall.com\/?page_id=1359"},"modified":"2024-02-04T01:10:52","modified_gmt":"2024-02-04T01:10:52","slug":"ueber-uns","status":"publish","type":"page","link":"https:\/\/rc-hall.com\/zh\/ueber-uns\/","title":{"rendered":"\u5173\u4e8e\u6211\u4eec"},"content":{"rendered":"<div data-elementor-type=\"wp-page\" data-elementor-id=\"1359\" class=\"elementor elementor-1359\" data-elementor-post-type=\"page\">\n\t\t\t\t\t\t<section class=\"elementor-section elementor-top-section elementor-element elementor-element-99a163c elementor-section-boxed elementor-section-height-default elementor-section-height-default\" data-id=\"99a163c\" data-element_type=\"section\">\n\t\t\t\t\t\t<div class=\"elementor-container elementor-column-gap-default\">\n\t\t\t\t\t<div class=\"elementor-column elementor-col-66 elementor-top-column elementor-element elementor-element-2acb068\" data-id=\"2acb068\" data-element_type=\"column\">\n\t\t\t<div class=\"elementor-widget-wrap elementor-element-populated\">\n\t\t\t\t\t\t<div class=\"elementor-element elementor-element-45e9283 elementor-widget elementor-widget-heading\" data-id=\"45e9283\" data-element_type=\"widget\" data-widget_type=\"heading.default\">\n\t\t\t\t<div class=\"elementor-widget-container\">\n\t\t\t\t\t<h2 class=\"elementor-heading-title elementor-size-default\">\u5173\u4e8e\u6211\u4eec<\/h2>\t\t\t\t<\/div>\n\t\t\t\t<\/div>\n\t\t\t\t<div class=\"elementor-element elementor-element-8dd3557 elementor-widget elementor-widget-text-editor\" data-id=\"8dd3557\" data-element_type=\"widget\" data-widget_type=\"text-editor.default\">\n\t\t\t\t<div class=\"elementor-widget-container\">\n\t\t\t\t\t\t\t\t\t<div dir=\"auto\"><p>\u6b22\u8fce\u6765\u5230RC\u5385\u2013\u60a8\u70b9\u7684\u8054\u7cfb\u5bf9\u4e8e\u5168\u9762\u7684\u4fe1\u606f\u6709\u5173\u7684\u9065\u63a7\u6c7d\u8f66! \u6211\u4eec\u7684\u5e73\u53f0\u7684\u5efa\u7acb\u662f\u4e3aRC\u7231\u597d\u8005\u63d0\u4f9b\u4e00\u4e2a\u4e2d\u592e\u4fe1\u606f\u6765\u6e90\uff0c\u8fd9\u4f7f\u5f97\u5b83\u80fd\u5b8c\u5168\u77e5\u60c5\u7684\u9065\u63a7\u6c7d\u8f66\u3002 \u6211\u4eec\u4e86\u89e3\u9700\u6c42\u7684\u9065\u63a7\u8f66\uff0c\u793e\u4f1a\u548c\u6709\u79f0\u4e3aRC\u5385\u7684\u751f\u6d3b\uff0c\u56e0\u4e3a\u6ca1\u6709\u53ef\u6bd4\u8f83\u7684\u5e73\u53f0\uff0c\u6db5\u76d6\u6240\u6709\u65b9\u9762\u7684\u9065\u63a7\u8f66\u7231\u597d\u3002<\/p><p>\u6211\u4eec\u611f\u5230\u81ea\u8c6a\u7684\u662f\u4e00\u4e2a\u70ed\u60c5\u7684\u5c0f\u7ec4\u7684\u9065\u63a7\u8f66\u8ff7\u4eec\u5df2\u7ecf\u52a0\u5165\u4e86\u5171\u540c\u7684\u5dee\u8ddd\u5728\u4fe1\u606f\u7684\u53ef\u7528\u6027\u3002 \u6cae\u4e27\u7684\u6709\u9650\u673a\u4f1a\u6bd4\u8f83\u4e0d\u540c\u7684\u9065\u63a7\u8f66\u548c\u786e\u5b9a\u901f\u5ea6\u7684\u4e00\u8f86\u6c7d\u8f66\u5185\u7f6e\u7535\u5b50\u4ea7\u54c1\uff0c\u786e\u5207\u5730\u8bf4\uff0c\u6211\u4eec\u5e0c\u671b\u521b\u9020\u4e00\u4e2a\u89e3\u51b3\u65b9\u6848\u3002 RC\u5385\uff0c\u4f60\u4f1a\u53d1\u73b0\u4e0d\u4ec5\u4e4b\u95f4\u7684\u8be6\u7ec6\u6bd4\u8f83\u4e0d\u540c\u7684\u9065\u63a7\u8f66\u8f86\uff0c\u4f46\u4e5f\u51c6\u786e\u7684\u4fe1\u606f\uff0c\u5173\u4e8e\u5982\u4f55\u5feb\u901f\u7684\u6bcf\u4e2a\u6a21\u578b\u5728\u4e0d\u540c\u7684\u6761\u4ef6\u3002<\/p><p>\u6211\u4eec\u7684\u4f7f\u547d\u662f\u4e3a\u4f7f\u4e16\u754c\u7684\u9065\u63a7\u6c7d\u8f66\u66f4\u52a0\u900f\u660e\u548c\u4fbf\u4e8e\u4f7f\u7528\u3002 \u65e0\u8bba\u4f60\u662f\u4e00\u4e2a\u7231\u597d\u8005\uff0c\u4e00\u4f4d\u7ecf\u9a8c\u4e30\u5bccRC\u6216\u4e00\u4e2a\u65b0\u624b\uff0c\u5728\u5168\u4e16\u754c\u7684\u9065\u63a7\u8f66\u8f86\uff0c\u5728\u8fd9\u79cd\u60c5\u51b5\u4e0bRC\u5927\u5385\u91cc\u4f60\u4f1a\u627e\u5230\u5168\u9762\u7684\u4fe1\u606f\u3001\u6280\u5de7\u548c\u54a8\u8be2\u610f\u89c1\uff0c\u4ee5\u4f18\u5316\u4f60\u7684\u9065\u63a7\u6c7d\u8f66\u7684\u7ecf\u9a8c\u3002 \u8ba9\u81ea\u5df1\u6c89\u6d78\u5728\u8ff7\u4eba\u7684\u4e16\u754c\u7684\u9065\u63a7\u6c7d\u8f66\uff0c\u53d1\u73b0\u4e3a\u4ec0\u4e48RC\u5385\u662f\u7b2c\u4e00\u4e2a\u63a5\u89e6\u70b9\u7684\u6240\u6709\u4f60\u7684\u9065\u63a7\u6c7d\u8f66\uff01<\/p><\/div>\t\t\t\t\t\t\t\t<\/div>\n\t\t\t\t<\/div>\n\t\t\t\t\t<\/div>\n\t\t<\/div>\n\t\t\t\t<div class=\"elementor-column elementor-col-33 elementor-top-column elementor-element elementor-element-2e4bf2d\" data-id=\"2e4bf2d\" data-element_type=\"column\">\n\t\t\t<div class=\"elementor-widget-wrap\">\n\t\t\t\t\t\t\t<\/div>\n\t\t<\/div>\n\t\t\t\t\t<\/div>\n\t\t<\/section>\n\t\t\t\t<\/div>","protected":false},"excerpt":{"rendered":"<p>\u00dcber Uns Willkommen bei RC Hall &#8211; deiner Anlaufstelle f\u00fcr umfassende Informationen rund um RC Cars! Unsere Plattform wurde gegr\u00fcndet, um RC Enthusiasten eine zentrale Informationsquelle zu bieten, die es erm\u00f6glicht, sich vollumf\u00e4nglich \u00fcber RC Cars zu informieren. Wir verstehen die Bed\u00fcrfnisse der RC Car Gemeinschaft und haben RC Hall ins Leben gerufen, weil es [&hellip;]<\/p>","protected":false},"author":1,"featured_media":0,"parent":0,"menu_order":0,"comment_status":"closed","ping_status":"closed","template":"","meta":{"footnotes":""},"class_list":["post-1359","page","type-page","status-publish","hentry"],"yoast_head":"<!-- This site is optimized with the Yoast SEO Premium plugin v21.3 (Yoast SEO v25.9) - https:\/\/yoast.com\/wordpress\/plugins\/seo\/ -->\n<title>\u00dcber uns - RC Hall<\/title>\n<meta name=\"robots\" content=\"index, follow, max-snippet:-1, max-image-preview:large, max-video-preview:-1\" \/>\n<link rel=\"canonical\" href=\"https:\/\/rc-hall.com\/zh\/ueber-uns\/\" \/>\n<meta property=\"og:locale\" content=\"zh_CN\" \/>\n<meta property=\"og:type\" content=\"article\" \/>\n<meta property=\"og:title\" content=\"\u00dcber uns\" \/>\n<meta property=\"og:description\" content=\"\u00dcber Uns Willkommen bei RC Hall &#8211; deiner Anlaufstelle f\u00fcr umfassende Informationen rund um RC Cars! Unsere Plattform wurde gegr\u00fcndet, um RC Enthusiasten eine zentrale Informationsquelle zu bieten, die es erm\u00f6glicht, sich vollumf\u00e4nglich \u00fcber RC Cars zu informieren. Wir verstehen die Bed\u00fcrfnisse der RC Car Gemeinschaft und haben RC Hall ins Leben gerufen, weil es [&hellip;]\" \/>\n<meta property=\"og:url\" content=\"https:\/\/rc-hall.com\/zh\/ueber-uns\/\" \/>\n<meta property=\"og:site_name\" content=\"RC Hall\" \/>\n<meta property=\"article:modified_time\" content=\"2024-02-04T01:10:52+00:00\" \/>\n<meta name=\"twitter:card\" content=\"summary_large_image\" \/>\n<meta name=\"twitter:label1\" content=\"\u9884\u8ba1\u9605\u8bfb\u65f6\u95f4\" \/>\n\t<meta name=\"twitter:data1\" content=\"2 \u5206\" \/>\n<script type=\"application\/ld+json\" class=\"yoast-schema-graph\">{\"@context\":\"https:\/\/schema.org\",\"@graph\":[{\"@type\":\"WebPage\",\"@id\":\"https:\/\/rc-hall.com\/ueber-uns\/\",\"url\":\"https:\/\/rc-hall.com\/ueber-uns\/\",\"name\":\"\u00dcber uns - RC Hall\",\"isPartOf\":{\"@id\":\"https:\/\/rc-hall.com\/#website\"},\"datePublished\":\"2020-10-26T22:45:19+00:00\",\"dateModified\":\"2024-02-04T01:10:52+00:00\",\"breadcrumb\":{\"@id\":\"https:\/\/rc-hall.com\/ueber-uns\/#breadcrumb\"},\"inLanguage\":\"zh-Hans\",\"potentialAction\":[{\"@type\":\"ReadAction\",\"target\":[\"https:\/\/rc-hall.com\/ueber-uns\/\"]}]},{\"@type\":\"BreadcrumbList\",\"@id\":\"https:\/\/rc-hall.com\/ueber-uns\/#breadcrumb\",\"itemListElement\":[{\"@type\":\"ListItem\",\"position\":1,\"name\":\"Startseite\",\"item\":\"https:\/\/rc-hall.com\/\"},{\"@type\":\"ListItem\",\"position\":2,\"name\":\"\u00dcber uns\"}]},{\"@type\":\"WebSite\",\"@id\":\"https:\/\/rc-hall.com\/#website\",\"url\":\"https:\/\/rc-hall.com\/\",\"name\":\"RC Hall\",\"description\":\"Der Begleiter f\u00fcr das schnelle Hobby auf vier R\u00e4dern!\",\"potentialAction\":[{\"@type\":\"SearchAction\",\"target\":{\"@type\":\"EntryPoint\",\"urlTemplate\":\"https:\/\/rc-hall.com\/?s={search_term_string}\"},\"query-input\":{\"@type\":\"PropertyValueSpecification\",\"valueRequired\":true,\"valueName\":\"search_term_string\"}}],\"inLanguage\":\"zh-Hans\"}]}<\/script>\n<!-- \/ Yoast SEO Premium plugin. -->","yoast_head_json":{"title":"\u00dcber uns - RC Hall","robots":{"index":"index","follow":"follow","max-snippet":"max-snippet:-1","max-image-preview":"max-image-preview:large","max-video-preview":"max-video-preview:-1"},"canonical":"https:\/\/rc-hall.com\/zh\/ueber-uns\/","og_locale":"zh_CN","og_type":"article","og_title":"\u00dcber uns","og_description":"\u00dcber Uns Willkommen bei RC Hall &#8211; deiner Anlaufstelle f\u00fcr umfassende Informationen rund um RC Cars! Unsere Plattform wurde gegr\u00fcndet, um RC Enthusiasten eine zentrale Informationsquelle zu bieten, die es erm\u00f6glicht, sich vollumf\u00e4nglich \u00fcber RC Cars zu informieren. Wir verstehen die Bed\u00fcrfnisse der RC Car Gemeinschaft und haben RC Hall ins Leben gerufen, weil es [&hellip;]","og_url":"https:\/\/rc-hall.com\/zh\/ueber-uns\/","og_site_name":"RC Hall","article_modified_time":"2024-02-04T01:10:52+00:00","twitter_card":"summary_large_image","twitter_misc":{"\u9884\u8ba1\u9605\u8bfb\u65f6\u95f4":"2 \u5206"},"schema":{"@context":"https:\/\/schema.org","@graph":[{"@type":"WebPage","@id":"https:\/\/rc-hall.com\/ueber-uns\/","url":"https:\/\/rc-hall.com\/ueber-uns\/","name":"\u00dcber uns - RC Hall","isPartOf":{"@id":"https:\/\/rc-hall.com\/#website"},"datePublished":"2020-10-26T22:45:19+00:00","dateModified":"2024-02-04T01:10:52+00:00","breadcrumb":{"@id":"https:\/\/rc-hall.com\/ueber-uns\/#breadcrumb"},"inLanguage":"zh-Hans","potentialAction":[{"@type":"ReadAction","target":["https:\/\/rc-hall.com\/ueber-uns\/"]}]},{"@type":"BreadcrumbList","@id":"https:\/\/rc-hall.com\/ueber-uns\/#breadcrumb","itemListElement":[{"@type":"ListItem","position":1,"name":"Startseite","item":"https:\/\/rc-hall.com\/"},{"@type":"ListItem","position":2,"name":"\u00dcber uns"}]},{"@type":"WebSite","@id":"https:\/\/rc-hall.com\/#website","url":"https:\/\/rc-hall.com\/","name":"RC\u5385","description":"Der Begleiter f\u00fcr das schnelle Hobby auf vier R\u00e4dern!","potentialAction":[{"@type":"SearchAction","target":{"@type":"EntryPoint","urlTemplate":"https:\/\/rc-hall.com\/?s={search_term_string}"},"query-input":{"@type":"PropertyValueSpecification","valueRequired":true,"valueName":"search_term_string"}}],"inLanguage":"zh-Hans"}]}},"_links":{"self":[{"href":"https:\/\/rc-hall.com\/zh\/wp-json\/wp\/v2\/pages\/1359","targetHints":{"allow":["GET"]}}],"collection":[{"href":"https:\/\/rc-hall.com\/zh\/wp-json\/wp\/v2\/pages"}],"about":[{"href":"https:\/\/rc-hall.com\/zh\/wp-json\/wp\/v2\/types\/page"}],"author":[{"embeddable":true,"href":"https:\/\/rc-hall.com\/zh\/wp-json\/wp\/v2\/users\/1"}],"replies":[{"embeddable":true,"href":"https:\/\/rc-hall.com\/zh\/wp-json\/wp\/v2\/comments?post=1359"}],"version-history":[{"count":0,"href":"https:\/\/rc-hall.com\/zh\/wp-json\/wp\/v2\/pages\/1359\/revisions"}],"wp:attachment":[{"href":"https:\/\/rc-hall.com\/zh\/wp-json\/wp\/v2\/media?parent=1359"}],"curies":[{"name":"wp","href":"https:\/\/api.w.org\/{rel}","templated":true}]}}