{"id":1350,"date":"2020-10-22T22:32:54","date_gmt":"2020-10-22T22:32:54","guid":{"rendered":"https:\/\/rc-hall.com\/?page_id=1350"},"modified":"2024-02-04T01:12:38","modified_gmt":"2024-02-04T01:12:38","slug":"datenschutzerklaerung","status":"publish","type":"page","link":"https:\/\/rc-hall.com\/zh\/datenschutzerklaerung\/","title":{"rendered":"\u9690\u79c1\u6743\u653f\u7b56"},"content":{"rendered":"<div data-elementor-type=\"wp-page\" data-elementor-id=\"1350\" class=\"elementor elementor-1350\" data-elementor-post-type=\"page\">\n\t\t\t\t\t\t<section class=\"elementor-section elementor-top-section elementor-element elementor-element-3a6025f elementor-section-boxed elementor-section-height-default elementor-section-height-default\" data-id=\"3a6025f\" data-element_type=\"section\">\n\t\t\t\t\t\t<div class=\"elementor-container elementor-column-gap-default\">\n\t\t\t\t\t<div class=\"elementor-column elementor-col-66 elementor-top-column elementor-element elementor-element-fd6f3b7\" data-id=\"fd6f3b7\" data-element_type=\"column\">\n\t\t\t<div class=\"elementor-widget-wrap elementor-element-populated\">\n\t\t\t\t\t\t<div class=\"elementor-element elementor-element-e57a9af elementor-widget elementor-widget-heading\" data-id=\"e57a9af\" data-element_type=\"widget\" data-widget_type=\"heading.default\">\n\t\t\t\t<div class=\"elementor-widget-container\">\n\t\t\t\t\t<h2 class=\"elementor-heading-title elementor-size-default\">\u9690\u79c1\u6743\u653f\u7b56<\/h2>\t\t\t\t<\/div>\n\t\t\t\t<\/div>\n\t\t\t\t<div class=\"elementor-element elementor-element-857f2d6 elementor-widget elementor-widget-text-editor\" data-id=\"857f2d6\" data-element_type=\"widget\" data-widget_type=\"text-editor.default\">\n\t\t\t\t<div class=\"elementor-widget-container\">\n\t\t\t\t\t\t\t\t\t<p>\u8d1f\u8d23\u4efb\u7684\u4f53\u542b\u4e49\u8303\u56f4\u5185\u7684\u6570\u636e\u4fdd\u62a4\u6cd5\u5f8b\uff0c\u7279\u522b\u662f\u6b27\u76df\u6570\u636e\u4fdd\u62a4\u57fa\u672c\u6761\u4f8b(DSGVO)\uff0c\u662f:<\/p><p>R.\u745e\u6469\u65af<\/p><p><br \/>\u53d7\u5f71\u54cd\u7684\u6743\u5229<\/p><p>\u5728\u6307\u5b9a\u8054\u7cfb\u4eba\u7684\u4fe1\u606f\uff0c\u6211\u4eec\u4fdd\u62a4\u7684\u6570\u636e\uff0c\u4f60\u53ef\u4ee5\u884c\u4f7f\u5b98\u5458\u5728\u4efb\u4f55\u65f6\u5019\u4ee5\u4e0b\u6743\u5229\uff1a<\/p><p>\u6709\u5173\u4fe1\u606f\u7684\u5b58\u50a8\u6570\u636e\u548c\u5904\u7406\uff0c<br \/>\u7ea0\u6b63\u9519\u8bef\u7684\u4e2a\u4eba\u6570\u636e\uff0c<br \/>\u5220\u53bb\u4f60\u7684\u5b58\u50a8\u7684\u6570\u636e\uff0c<br \/>\u9650\u5236\u7684\u6570\u636e\u5904\u7406\uff0c\u5982\u679c\u6211\u4eec\u4e0d\u5141\u8bb8\u5220\u9664\u7684\u6570\u636e\uff0c\u7531\u4e8e\u6cd5\u5f8b\u4e49\u52a1\uff0c<br \/>\u53cd\u5bf9\u5904\u7406\u6570\u636e\u4e0e\u6211\u4eec\u4ee5\u53ca<br \/>\u6570\u636e\u53ef\u8f6c\u8ba9\u6027\u7684\uff0c\u5982\u679c\u4f60\u540c\u610f\u7684\u6570\u636e\u5904\u7406\u6216\u6709\u5408\u540c\uff0c\u4e0e\u6211\u4eec\u5df2\u7ecf\u5b8c\u6210\u3002<\/p><p>\u5982\u679c\u4f60\u4eec\u6388\u4e88\u6211\u4eec\u540c\u610f\uff0c\u4f60\u53ef\u4ee5\u6536\u56de\u4ed6\u4eec\u5728\u4efb\u4f55\u65f6\u95f4\u4e0e\u6548\u679c\u7684\u672a\u6765\u3002<\/p><p>Sie k\u00f6nnen sich jederzeit mit einer Beschwerde an die f\u00fcr Sie zust\u00e4ndige Aufsichtsbeh\u00f6rde wenden. Ihre zust\u00e4ndige Aufsichtsbeh\u00f6rde richtet sich nach dem Bundesland Ihres Wohnsitzes, Ihrer Arbeit oder der mutma\u00dflichen Verletzung. Eine Liste der Aufsichtsbeh\u00f6rden (f\u00fcr den nicht\u00f6ffentlichen Bereich) mit Anschrift finden Sie unter: https:\/\/www.bfdi.bund.de\/DE\/Infothek\/Anschriften_Links\/anschriften_links-node.html.<br \/>\u76ee\u7684\u6570\u636e\u5904\u7406\u7531\u7684\u8d1f\u8d23\u673a\u6784\u548c\u7b2c\u4e09\u65b9<\/p><p>\u6211\u4eec\u5c06\u53ea\u5904\u7406\u4e2a\u4eba\u6570\u636e\u9690\u79c1\u7684\u58f0\u660e\u4e2d\u63d0\u5230\u7684\u76ee\u7684\u3002 \u4e00\u8f6c\u79fb\u7684\u4e2a\u4eba\u6570\u636e\u7684\u7b2c\u4e09\u65b9\u5176\u5b83\u4e8e\u4e0a\u8ff0\u76ee\u7684\uff0c\u5c06\u4e0d\u4f1a\u53d1\u751f\u3002 \u6211\u4eec\u5206\u4eab\u4f60\u7684\u4e2a\u4eba\u6570\u636e\uff0c\u53ea\u6709\u7b2c\u4e09\u65b9\uff0c\u5982\u679c\uff1a<\/p><p>\u4f60\u5fc5\u987b\u7ed9\u4f60\u7684\u660e\u786e\u8bb8\u53ef\u4ee5\u8fd9\u6837\u505a\uff0c<br \/>\u5904\u7406\u7684\u5408\u540c\u4f60\u7684\uff0c\u662f\u6240\u9700\u8981\u7684<br \/>\u5904\u7406\u4e3a\u5c65\u884c\u6cd5\u5f8b\u4e49\u52a1\u662f\u5fc5\u9700\u7684<\/p><p>\u5904\u7406\uff0c\u4ee5\u4fdd\u969c\u5408\u6cd5\u5229\u76ca\u548c\u6ca1\u6709\u7406\u7531\u8ba4\u4e3a\u4f60\u6709\u4e00\u4e2a\u538b\u5012\u4e00\u5207\u7684\u5229\u76ca\u503c\u5f97\u4fdd\u62a4\u5728\u975e\u516c\u5f00\u7684\u6570\u636e\u3002<br \/>\u6536\u96c6\u4e00\u822c\u4fe1\u606f\u65f6\u8bbf\u95ee\u6211\u4eec\u7684\u7f51\u7ad9<\/p><p>\u5f53\u4f60\u5728\u8bbf\u95ee\u6211\u4eec\u7684\u7f51\u7ad9\uff0c\u5c06\u6240\u6536\u96c6\u7684\u81ea\u52a8\u88c5\u7f6e\u7684\u4e00\u4e2a\u997c\u5e72\uff0c\u4fe1\u606f\u662f\u4e00\u822c\u6027\u7684\u3002 \u8fd9\u79cd\u4fe1\u606f(\u670d\u52a1\u5668\u767b\u5f55\u6587\u4ef6)\uff0c\u5176\u4e2d\u5305\u62ec\u79cd\u7c7b\u578b\u7684\u7f51\u7edc\u6d4f\u89c8\u5668\uff0c\u4f7f\u7528\u7684\u64cd\u4f5c\u7cfb\u7edf\u3001\u57df\u540d\u7684\u4e92\u8054\u7f51\u670d\u52a1\u63d0\u4f9b\u5546\u7b49\u3002 \u8fd9\u662f\u4e13\u95e8\u4fe1\u606f\uff0c\u4e0d\u5141\u8bb8\u4efb\u4f55\u7ed3\u8bba\u5bf9\u4f60\u7684\u4eba\u3002<\/p><p>\u8fd9\u4e2a\u4fe1\u606f\u5728\u6280\u672f\u4e0a\u662f\u5fc5\u8981\u7684\uff0c\u4ee5\u4fbf\u5185\u5bb9\u4f60\u5fc5\u987b\u8bf7\u6c42\u7684\u7f51\u9875\u6b63\u786e\u5730\u663e\u793a\u548c\u4e92\u8054\u7f51\u7684\u4f7f\u7528\u662f\u5f3a\u5236\u6027\u7684\u3002 \u4f60\u5c06\u7279\u522b\u5904\u7406\u4ee5\u4e0b\u76ee\u7684\uff1a<\/p><p>\u4e00\u4e2a\u95ee\u9898\u8fde\u63a5\u7684\u7f51\u7ad9<br \/>\u4fdd\u8bc1\u987a\u5229\u7528\u6211\u4eec\u7684\u7f51\u7ad9\uff0c<br \/>\u8bc4\u4ef7\u7684\u7cfb\u7edf\u7684\u5b89\u5168\u548c\u7a33\u5b9a\uff0c\u4ee5\u53ca<br \/>\u4e3a\u8fdb\u4e00\u6b65\u7ba1\u7406\u7684\u76ee\u7684\u3002<\/p><p>\u5904\u7406\u7684\u4e2a\u4eba\u6570\u636e\u662f\u57fa\u4e8e\u6211\u4eec\u7684\u5408\u6cd5\u5229\u76ca\u4ece\u4e0a\u8ff0\u76ee\u7684\u4e3a\u6570\u636e\u6536\u96c6\u3002 \u6211\u4eec\u7528\u4f60\u7684\u6570\u636e\u6765\u5f97\u51fa\u7ed3\u8bba\u4f60\u7684\u4eba\u3002 \u6536\u4ef6\u4eba\u7684\u6570\u636e\u662f\u552f\u4e00\u7684\u8d1f\u8d23\u673a\u6784\uff0c\u5982\u679c\u6709\u5fc5\u8981\uff0c\u4ee5\u4fbf\u5904\u7406\u5668\u3002<\/p><p>\u533f\u540d\u8fd9\u7c7b\u4fe1\u606f\u662f\u53ef\u80fd\u7684\u3002 \u7edf\u8ba1\u8bc4\u4f30\uff0c\u4ee5\u4fbf\u63d0\u4f9b\u6211\u4eec\u7684\u7f51\u7ad9\u4ee5\u53ca\u4f18\u5316\u6280\u672f\u3002<br \/>\u63d0\u4f9b\u7684\u6536\u8d39\u670d\u52a1<\/p><p>\u63d0\u4f9b\u7684\u652f\u4ed8\u670d\u52a1\uff0c\u6211\u4eec\u8981\u6c42\u989d\u5916\u6570\u636e\uff0c\u4f8b\u5982\u4ed8\u6b3e\u7684\u4fe1\u606f\u6765\u5904\u7406\u8ba2\u5355\u3002 \u6211\u4eec\u50a8\u5b58\u8fd9\u4e9b\u6570\u636e\u5728\u6211\u4eec\u7684\u7cfb\u7edf\uff0c\u76f4\u5230\u6cd5\u5f8b\u7684\u4fdd\u5b58\u671f\u5df2\u7ecf\u8fc7\u671f\u3002<br \/>SSL\u5bc6<\/p><p>\u4e3a\u4e86\u4fdd\u62a4\u60a8\u7684\u6570\u636e\u5728\u4f20\u9001\u8fc7\u7a0b\u4e2d\uff0c\u6211\u4eec\u4f7f\u7528\u7684\u6280\u672f\u52a0\u5bc6\u7a0b\u5e8f(\u4f8b\u5982SSL)\u901a\u8fc7HTTPS\u3002<br \/>\u65f6\u4e8b\u901a\u8baf<\/p><p>\u6839\u636e\u4f60\u7684\u660e\u786e\u540c\u610f\u7684\u60c5\u51b5\u4e0b\uff0c\u6211\u4eec\u5c06\u5b9a\u671f\u53d1\u9001\u4f60\u6211\u4eec\u7684\u901a\u8baf\u6216\u6bd4\u8f83\u7684\u4fe1\u606f\u901a\u8fc7\u7535\u5b50\u90ae\u4ef6\u5411\u60a8\u6307\u5b9a\u7684\u7535\u5b50\u90ae\u4ef6\u5730\u5740\u3002<\/p><p>\u5bf9\u4e8e\u6240\u6536\u5230\u7684\u901a\u8baf\uff0c\u8be5\u6307\u793a\u7684\u4f60\u7684\u7535\u5b50\u90ae\u4ef6\u5730\u5740\u662f\u8db3\u591f\u7684\u3002 \u5f53\u4f60\u8ba2\u5230\u6211\u4eec\u7684\u901a\u8baf\uff0c\u60a8\u63d0\u4f9b\u7684\u6570\u636e\u5c06\u4e13\u95e8\u7528\u4e8e\u8fd9\u4e00\u76ee\u7684\u3002 \u7528\u6237\u4e5f\u53ef\u80fd\u60c5\u51b5\u4e0b\u901a\u8fc7\u7535\u5b50\u90ae\u4ef6\u544a\u77e5\uff0c\u670d\u52a1\u6216\u767b\u8bb0\u7684\u76f8\u5173(\u4f8b\u5982\uff0c\u4fee\u6539\u901a\u8baf\u63d0\u4f9b\u6216\u6280\u672f\u6761\u4ef6)\u3002<\/p><p>\u5bf9\u4e8e\u4e00\u4e2a\u6709\u6548\u7684\u767b\u8bb0\uff0c\u6211\u4eec\u9700\u8981\u4e00\u4e2a\u6709\u6548\u7684\u7535\u5b50\u90ae\u4ef6\u5730\u5740\u3002 \u4ee5\u9a8c\u8bc1\u767b\u8bb0\u5b9e\u9645\u4e0a\u662f\u7531\u6240\u6709\u8005\u7684\u7535\u5b50\u90ae\u4ef6\u5730\u5740\uff0c\u6211\u4eec\u4f7f\u7528&#034;\u53cc\u91cd\u9009\u62e9&#034;\u7684\u8fc7\u7a0b\u3002 \u4e3a\u6b64\u76ee\u7684\uff0c\u6211\u4eec\u767b\u5f55\u4e86\u901a\u8baf\uff0c\u6d3e\u9063\u4e00\u4e2a\u786e\u8ba4\u90ae\u4ef6\u548c\u6536\u5230\u7684\u7b54\u590d\u6240\u5fc5\u9700\u7684\u3002 \u8fdb\u4e00\u6b65\u7684\u6570\u636e\u662f\u6ca1\u6709\u6536\u96c6\u3002 \u6570\u636e\u5c06\u4e13\u95e8\u7528\u4e8e\u53d1\u9001\u7684\u901a\u8baf\uff0c\u5e76\u4e14\u5c06\u4e0d\u4f1a\u62ab\u9732\u7ed9\u7b2c\u4e09\u65b9\u3002<\/p><p>\u540c\u610f\u5b58\u50a8\u7684\u4e2a\u4eba\u6570\u636e\u53ca\u5176\u7528\u4e8e\u901a\u8baf\u6d3e\u9063\u53ef\u4ee5\u968f\u65f6\u64a4\u9500\u3002 \u5728\u6bcf\u4e00\u671f\u7684\u901a\u8baf\uff0c\u5e94\u94fe\u8def\u662f\u53d1\u73b0\u4e86\u8fd9\u4e00\u70b9\u3002 \u4f60\u8fd8\u53ef\u4ee5\u53d6\u6d88\uff0c\u5728\u4efb\u4f55\u65f6\u76f4\u63a5\u5728\u8fd9\u4e2a\u7f51\u7ad9\uff0c\u6216\u8005\u6211\u4eec\uff0c\u8bf7\u6c42\u5b83\u901a\u8fc7\u5728\u7ed3\u675f\u672c\u58f0\u660e\u6307\u5b9a\u8054\u7cfb\u4eba\u7684\u65b9\u5f0f\u6765\u544a\u8bc9\u3002<br \/>\u63a5\u89e6\u7684\u5f62\u5f0f<\/p><p>\u4f60\u53ef\u4ee5\u8054\u7cfb\u7684\u6709\u5173\u95ee\u9898\u7684\u4efb\u4f55\u79cd\u7c7b\u7684\u7535\u5b50\u90ae\u4ef6\u6216\u8054\u7cfb\u65b9\u5f0f\uff0c\u4ee5\u83b7\u5f97\u4e0e\u6211\u4eec\u8054\u7cfb\uff0c\u60a8\u7ed9\u4e88\u6211\u4eec\u7684\u76ee\u7684\u63a5\u89e6\uff0c\u4f60\u81ea\u613f\u7684\u540c\u610f\u3002 \u4e3a\u6b64\u76ee\u7684\uff0c\u8be5\u89c4\u8303\u7684\u4e00\u4e2a\u6709\u6548\u7684\u7535\u5b50\u90ae\u4ef6\u5730\u5740\u662f\u4e0d\u662f\u5fc5\u9700\u7684\u3002 \u8fd9\u79cd\u4f9b\u5e94\u7684\u5206\u914d\u7684\u8bf7\u6c42\u548c\u968f\u540e\u7684\u56de\u7b54\u76f8\u540c\u3002 \u8be5\u89c4\u8303\u7684\u8fdb\u4e00\u6b65\u6570\u636e\u662f\u53ef\u9009\u62e9\u7684\u3002 \u60a8\u6240\u63d0\u4f9b\u7684\u4fe1\u606f\u5c06\u50a8\u5b58\u4e3a\u76ee\u7684\u7684\u8bf7\u6c42\u7684\u5904\u7406\u548c\u4e3a\u53ef\u80fd\u7684\u540e\u7eed\u884c\u52a8\u7684\u95ee\u9898\u3002 \u540e\u5b8c\u6210\u4f60\u7684\u8981\u6c42\uff0c\u4e2a\u4eba\u6570\u636e\u5c06\u88ab\u81ea\u52a8\u5220\u9664\u3002<br \/>\u7528\u811a\u672c\u5e93(\u8c37\u6b4c\u7f51\u9875\u5b57\u4f53)<\/p><p>Um unsere Inhalte browser\u00fcbergreifend korrekt und grafisch ansprechend darzustellen, verwenden wir auf dieser Website Scriptbibliotheken und Schriftbibliotheken wie z. B. Google Webfonts (https:\/\/www.google.com\/webfonts\/). Google Webfonts werden zur Vermeidung mehrfachen Ladens in den Cache Ihres Browsers \u00fcbertragen. Falls der Browser die Google Webfonts nicht unterst\u00fctzt oder den Zugriff unterbindet, werden Inhalte in einer Standardschrift angezeigt.<\/p><p>\u547c\u53eb\u7684\u811a\u672c\u4e2d\u7684\u56fe\u4e66\u9986\u6216\u5b57\u56fe\u4e66\u9986\u7684\u81ea\u52a8\u89e6\u53d1\u4e86\u63a5\u8fde\u63a5\u5230\u64cd\u4f5c\u8005\u7684\u56fe\u4e66\u9986\u3002 \u8fd9\u5728\u7406\u8bba\u4e0a\u662f\u53ef\u80fd\u7684\uff0c\u76ee\u524d\u8fd8\u4e0d\u6e05\u695a\u662f\u5426\u4ee5\u53ca\uff0c\u5982\u679c\u662f\u4e3a\u4e86\u4ec0\u4e48\u76ee\u7684\u2013\u5373\u7ecf\u8425\u8005\u5bf9\u5e94\u7684\u56fe\u4e66\u9986\u6536\u96c6\u7684\u6570\u636e\u3002<\/p><p>Die Datenschutzrichtlinie des Bibliothekbetreibers Google finden Sie hier: https:\/\/www.google.com\/policies\/privacy\/<br \/>\u4f7f\u7528\u7684\u8c37\u6b4c\u5730\u56fe<\/p><p>\u8fd9\u4e00\u7f51\u7ad9\u4f7f\u7528\u8c37\u6b4c\u5730\u56feAPI\u4ee5\u663e\u793a\u5730\u7406\u4fe1\u606f\u76f4\u89c2\u3002 \u5728\u8fd9\u79cd\u60c5\u51b5\u4e0b\u4f7f\u7528\u7684\u8c37\u6b4c\u5730\u56fe\u5c06\u901a\u8fc7\u6536\u96c6\u8c37\u6b4c\u4e5f\u662f\u6570\u636e\u7684\u4f7f\u7528\u4e0a\u7684\u5730\u56fe\u80fd\u901a\u8fc7\u6e38\u5ba2\u3001\u5904\u7406\u548c\u4f7f\u7528\u3002 \u66f4\u591a\u7684\u4fe1\u606f\u6709\u5173\u7684\u6570\u636e\u5904\u7406\u901a\u8fc7\u8c37\u6b4c\uff0c\u8bf7\u53c2\u9605\u8c37\u6b4c\u7684\u9690\u79c1\u653f\u7b56\u3002 \u5728\u90a3\u91cc\uff0c\u4f60\u53ef\u4ee5\u53d8\u5316\u7684\u6570\u636e\u4fdd\u62a4\u4e2d\u5fc3\u4e5f\u662f\u4f60\u4e2a\u4eba\u9690\u79c1\u6743\u7684\u8bbe\u7f6e\u3002<\/p><p>\u8be6\u7ec6\u8bf4\u660e\u7528\u4e8e\u7ba1\u7406\u81ea\u5df1\u7684\u6570\u636e\u4e0e\u8c37\u6b4c\u4ea7\u54c1\u53ef\u4ee5\u5728\u8fd9\u91cc\u627e\u5230\u3002<br \/>\u5d4c\u5165\u5f0f\u7684\u89c6\u9891<\/p><p>\u5728\u6211\u4eec\u7684\u4e00\u4e9b\u7f51\u7ad9\uff0c\u6211\u4eec\u5d4c\u5165Youtube\u89c6\u9891\u3002 \u64cd\u4f5c\u8005\u5e94\u63d2\u4ef6\u662fYouTube,LLC,901\u6a31\u6843Ave., \u5723\u5e03\u9c81\u8bfa,CA94066\uff0c\u7f8e\u56fd\u3002 \u5982\u679c\u4f60\u8bbf\u95ee\u7684\u4e00\u9875\uff0c\u4e0eYouTube\u63d2\u4ef6\uff0c\u5efa\u7acb\u4e00\u4e2a\u8fde\u63a5\u7684\u670d\u52a1\u5668\u3002 \u5728\u8be5\u8fc7\u7a0b\u4e2d\uff0cYoutube\u5c06\u88ab\u544a\u77e5\u54ea\u4e9b\u9875\u9762\u8bbf\u95ee\u3002 \u5982\u679c\u4f60\u767b\u5f55\u8fdb\u4f60\u7684Youtube\u7684\u5e10\u6237\uff0cYoutube\u4e0a\u6d4f\u89c8\u884c\u4e3a\u5bf9\u4f60\u4e2a\u4eba\u6765\u5206\u914d\u3002 \u8fd9\u5c06\u9632\u6b62\u767b\u51fa\u81ea\u5df1\u7684Youtube\u7684\u5e10\u6237\u3002<\/p><p>Youtube\u89c6\u9891\u5f00\u59cb\u65f6\uff0c\u63d0\u4f9b\u997c\u5e72\u3001\u6709\u5173\u4fe1\u606f\u7528\u6237\u7684\u884c\u4e3a\u3002<\/p><p>\u4efb\u4f55\u4eba\u6709\u6b8b\u969c\u7684\u5b58\u50a8\u7684\u997c\u5e72\u8c37\u6b4c\u7684\u5e7f\u544a\u8282\u76ee\uff0c\u4f60\u8fd8\u9700\u8981\u89c2\u770b\u7684Youtube\u89c6\u9891\u6ca1\u6709\u8fd9\u6837\u7684\u997c\u5e72\u3002 Youtube\u4e0a\u6ca1\u6709\u5730\u65b9\uff0c\u4f46\u4e5f\u5728\u5176\u4ed6\u7684\u997c\u5e72\u6765\u7684\u4e2a\u4eba\u4fe1\u606f\u3002 \u4f60\u60f3\u8981\u963b\u6b62\u8fd9\u4e2a\uff0c\u4f60\u5fc5\u987b\u963b\u6b62\u8282\u7701\u7684\u997c\u5e72\u4f60\u7684\u6d4f\u89c8\u5668\u3002<\/p><p>Weitere Informationen zum Datenschutz bei \u201eYoutube\u201c finden Sie in der Datenschutzerkl\u00e4rung des Anbieters unter: https:\/\/www.google.de\/intl\/de\/policies\/privacy\/<br \/>\u793e\u4f1a\u7684\u63d2\u4ef6<\/p><p>\u6211\u4eec\u7f51\u7ad9\u4e0a\u7684\u793e\u4f1a\u7684\u63d2\u4ef6\u7684\u63d0\u4f9b\u5546\u4ee5\u4e0b\u5217\u51fa\u7684\u662f\u4f7f\u7528\u3002 \u63d2\u4ef6\u4f60\u53ef\u4ee5\u770b\u5230\uff0c\u4ed6\u4eec\u662f\u6709\u6807\u8bb0\u7684\u9002\u5f53\u6807\u5fd7\u3002<\/p><p>\u8fd9\u4e9b\u63d2\u4ef6\u53ef\u80fd\u5206\u4eab\u4fe1\u606f\u53ef\u4ee5\u5305\u62ec\u4e2a\u4eba\u6570\u636e\uff0c\u670d\u52a1\u7ecf\u8425\u8005\u53d1\u9001\uff0c\u5982\u679c\u6709\u5fc5\u8981\uff0c\u8fd9\u79cd\u4f7f\u7528\u3002 \u6211\u4eec\u9632\u6b62\u4e86\u65e0\u610f\u8bc6\u5e76\u4e0d\u9700\u8981\u6536\u96c6\u548c\u6570\u636e\u4f20\u8f93\u670d\u52a1\u63d0\u4f9b\u8005\u901a\u8fc7\u4e00\u4e2a2\u51fb\u7684\u89e3\u51b3\u65b9\u6848\u3002 \u6765\u6fc0\u6d3b\u4e00\u4e2a\u5e0c\u671b\u7684\u793e\u4f1a\uff0c\u5b83\u5fc5\u987b\u9996\u5148\u88ab\u6fc0\u6d3b\u901a\u8fc7\u70b9\u51fb\u76f8\u5e94\u7684\u5f00\u5173\u3002 \u53ea\u6709\u901a\u8fc7\u8fd9\u79cd\u6fc0\u6d3b\u7684\u63d2\u4ef6\u662f\u68c0\u6d4b\u4fe1\u606f\u53ca\u5176\u4f20\u8f93\u670d\u52a1\u63d0\u4f9b\u8005\u89e6\u53d1\u7684\u3002 \u6211\u4eec\u6ca1\u6709\u6536\u96c6\u4e2a\u4eba\u6570\u636e\u901a\u8fc7\u610f\u5473\u7740\u793e\u4f1a\u7684\u63d2\u4ef6\u6216\u5176\u4f7f\u7528\u3002<\/p><p>\u6211\u4eec\u6ca1\u6709\u5f71\u54cd\u529b\u7684\u6570\u636e\u662f\u4ec0\u4e48\u542f\u7528\u4e00\u4e2a\u63d2\u4ef6\uff0c\u6536\u96c6\u548c\u4f9b\u5e94\u5546\u5982\u4f55\u52a0\u4ee5\u4f7f\u7528\u3002 \u76ee\u524d\uff0c\u5fc5\u987b\u5047\u5b9a\u4e00\u4e2a\u76f4\u63a5\u8fde\u63a5\u5230\u670d\u52a1\u7684\u63d0\u4f9b\u8005\u5c06\u6269\u5927\u548c\u81f3\u5c11IP\u5730\u5740\u548c\u8bbe\u5907\u76f8\u5173\u7684\u4fe1\u606f\uff0c\u5e76\u4f7f\u7528\u3002 \u6b64\u5916\uff0c\u8fd9\u79cd\u53ef\u80fd\u6027\uff0c\u670d\u52a1\u5c3d\u91cf\u8282\u7701\u997c\u5e72\u5728\u8ba1\u7b97\u673a\u4e2d\u7684\u4f7f\u7528\u3002 \u4ec0\u4e48\u5177\u4f53\u6570\u636e\u4ee5\u53ca\u5982\u4f55\u4f7f\u7528\u5b83\u53ef\u8bb0\u5f55\uff0c\u8bf7\u53c2\u8003\u7684\u4fdd\u5bc6\u653f\u7b56\u7684\u5404\u4e2a\u670d\u52a1\u63d0\u4f9b\u8005\u3002 \u6ce8\uff1a\u5982\u679c\u4f60\u90fd\u8bb0\u5f55\u5728\u540c\u4e00\u65f6\u95f4\uff0cFacebook\u53ef\u4ee5Facebook\u53ef\u4ee5\u786e\u5b9a\u4f60\u4f5c\u4e3a\u4e00\u4e2a\u6e38\u5ba2\u5230\u4e00\u4e2a\u7279\u522b\u7684\u7f51\u9875\u3002<\/p><p>\u6211\u4eec\u5df2\u7ecf\u5305\u62ec\u5728\u6211\u4eec\u7684\u7f51\u7ad9\u4e0a\uff0c\u793e\u4f1a\u5a92\u4f53\u7684\u6309\u94ae\u4ee5\u4e0b\u516c\u53f8\uff1a<br \/>\u6211\u4eec\u7684\u9690\u79c1\u653f\u7b56\u7684\u53d8\u5316<\/p><p>\u6211\u4eec\u6709\u6743\u4ee5\u9002\u5e94\u8fd9\u4e00\u9690\u79c1\u58f0\u660e\uff0c\u56e0\u6b64\uff0c\u5b83\u4e0d\u65ad\u5730\u6ee1\u8db3\u76ee\u524d\u7684\u6cd5\u5f8b\u8981\u6c42\u6216\u6539\u53d8\u6211\u4eec\u7684\u670d\u52a1\u5728\u6570\u636e\u4fdd\u62a4\u5ba3\u8a00\u300b\uff0c\u4f8b\u5982\u5728\u5f15\u5165\u65b0\u7684\u670d\u52a1\u3002 \u4f60\u4e0b\u6b21\u8bbf\u95ee\u7684\u65b0\u7684\u9690\u79c1\u58f0\u660e\u5c06\u9002\u7528\u3002<br \/>\u95ee\u9898\u7684\u6570\u636e\u4fdd\u62a4\u4e13\u5458<\/p><p>\u5982\u679c\u4f60\u6709\u95ee\u9898\u5173\u4e8e\u6570\u636e\u4fdd\u62a4\uff0c\u8bf7\u7ed9\u6211\u4eec\u53d1\u7535\u5b50\u90ae\u4ef6\u6216\u76f4\u63a5\u63a5\u89e6\u7684\u6570\u636e\u4fdd\u62a4\u8d23\u4efb\u7684\u4eba\u5728\u6211\u4eec\u7684\u7ec4\u7ec7\uff1a<\/p><p>info@rc-hall.com<\/p>\t\t\t\t\t\t\t\t<\/div>\n\t\t\t\t<\/div>\n\t\t\t\t\t<\/div>\n\t\t<\/div>\n\t\t\t\t<div class=\"elementor-column elementor-col-33 elementor-top-column elementor-element elementor-element-c188bcb\" data-id=\"c188bcb\" data-element_type=\"column\">\n\t\t\t<div class=\"elementor-widget-wrap\">\n\t\t\t\t\t\t\t<\/div>\n\t\t<\/div>\n\t\t\t\t\t<\/div>\n\t\t<\/section>\n\t\t\t\t<\/div>","protected":false},"excerpt":{"rendered":"<p>Datenschutzerkl\u00e4rung Verantwortliche Stelle im Sinne der Datenschutzgesetze, insbesondere der EU-Datenschutzgrundverordnung (DSGVO), ist: R. Remus Ihre Betroffenenrechte Unter den angegebenen Kontaktdaten unseres Datenschutzbeauftragten k\u00f6nnen Sie jederzeit folgende Rechte aus\u00fcben: Auskunft \u00fcber Ihre bei uns gespeicherten Daten und deren Verarbeitung,Berichtigung unrichtiger personenbezogener Daten,L\u00f6schung Ihrer bei uns gespeicherten Daten,Einschr\u00e4nkung der Datenverarbeitung, sofern wir Ihre Daten aufgrund gesetzlicher Pflichten [&hellip;]<\/p>","protected":false},"author":1,"featured_media":0,"parent":0,"menu_order":0,"comment_status":"closed","ping_status":"closed","template":"","meta":{"footnotes":""},"class_list":["post-1350","page","type-page","status-publish","hentry"],"yoast_head":"<!-- This site is optimized with the Yoast SEO Premium plugin v21.3 (Yoast SEO v25.9) - https:\/\/yoast.com\/wordpress\/plugins\/seo\/ -->\n<title>Datenschutzerkl\u00e4rung - RC Hall<\/title>\n<meta name=\"robots\" content=\"index, follow, max-snippet:-1, max-image-preview:large, max-video-preview:-1\" \/>\n<link rel=\"canonical\" href=\"https:\/\/rc-hall.com\/zh\/datenschutzerklaerung\/\" \/>\n<meta property=\"og:locale\" content=\"zh_CN\" \/>\n<meta property=\"og:type\" content=\"article\" \/>\n<meta property=\"og:title\" content=\"Datenschutzerkl\u00e4rung\" \/>\n<meta property=\"og:description\" content=\"Datenschutzerkl\u00e4rung Verantwortliche Stelle im Sinne der Datenschutzgesetze, insbesondere der EU-Datenschutzgrundverordnung (DSGVO), ist: R. Remus Ihre Betroffenenrechte Unter den angegebenen Kontaktdaten unseres Datenschutzbeauftragten k\u00f6nnen Sie jederzeit folgende Rechte aus\u00fcben: Auskunft \u00fcber Ihre bei uns gespeicherten Daten und deren Verarbeitung,Berichtigung unrichtiger personenbezogener Daten,L\u00f6schung Ihrer bei uns gespeicherten Daten,Einschr\u00e4nkung der Datenverarbeitung, sofern wir Ihre Daten aufgrund gesetzlicher Pflichten [&hellip;]\" \/>\n<meta property=\"og:url\" content=\"https:\/\/rc-hall.com\/zh\/datenschutzerklaerung\/\" \/>\n<meta property=\"og:site_name\" content=\"RC Hall\" \/>\n<meta property=\"article:modified_time\" content=\"2024-02-04T01:12:38+00:00\" \/>\n<meta name=\"twitter:card\" content=\"summary_large_image\" \/>\n<meta name=\"twitter:label1\" content=\"\u9884\u8ba1\u9605\u8bfb\u65f6\u95f4\" \/>\n\t<meta name=\"twitter:data1\" content=\"8 \u5206\" \/>\n<script type=\"application\/ld+json\" class=\"yoast-schema-graph\">{\"@context\":\"https:\/\/schema.org\",\"@graph\":[{\"@type\":\"WebPage\",\"@id\":\"https:\/\/rc-hall.com\/datenschutzerklaerung\/\",\"url\":\"https:\/\/rc-hall.com\/datenschutzerklaerung\/\",\"name\":\"Datenschutzerkl\u00e4rung - RC Hall\",\"isPartOf\":{\"@id\":\"https:\/\/rc-hall.com\/#website\"},\"datePublished\":\"2020-10-22T22:32:54+00:00\",\"dateModified\":\"2024-02-04T01:12:38+00:00\",\"breadcrumb\":{\"@id\":\"https:\/\/rc-hall.com\/datenschutzerklaerung\/#breadcrumb\"},\"inLanguage\":\"zh-Hans\",\"potentialAction\":[{\"@type\":\"ReadAction\",\"target\":[\"https:\/\/rc-hall.com\/datenschutzerklaerung\/\"]}]},{\"@type\":\"BreadcrumbList\",\"@id\":\"https:\/\/rc-hall.com\/datenschutzerklaerung\/#breadcrumb\",\"itemListElement\":[{\"@type\":\"ListItem\",\"position\":1,\"name\":\"Startseite\",\"item\":\"https:\/\/rc-hall.com\/\"},{\"@type\":\"ListItem\",\"position\":2,\"name\":\"Datenschutzerkl\u00e4rung\"}]},{\"@type\":\"WebSite\",\"@id\":\"https:\/\/rc-hall.com\/#website\",\"url\":\"https:\/\/rc-hall.com\/\",\"name\":\"RC Hall\",\"description\":\"Der Begleiter f\u00fcr das schnelle Hobby auf vier R\u00e4dern!\",\"potentialAction\":[{\"@type\":\"SearchAction\",\"target\":{\"@type\":\"EntryPoint\",\"urlTemplate\":\"https:\/\/rc-hall.com\/?s={search_term_string}\"},\"query-input\":{\"@type\":\"PropertyValueSpecification\",\"valueRequired\":true,\"valueName\":\"search_term_string\"}}],\"inLanguage\":\"zh-Hans\"}]}<\/script>\n<!-- \/ Yoast SEO Premium plugin. -->","yoast_head_json":{"title":"Datenschutzerkl\u00e4rung - RC Hall","robots":{"index":"index","follow":"follow","max-snippet":"max-snippet:-1","max-image-preview":"max-image-preview:large","max-video-preview":"max-video-preview:-1"},"canonical":"https:\/\/rc-hall.com\/zh\/datenschutzerklaerung\/","og_locale":"zh_CN","og_type":"article","og_title":"Datenschutzerkl\u00e4rung","og_description":"Datenschutzerkl\u00e4rung Verantwortliche Stelle im Sinne der Datenschutzgesetze, insbesondere der EU-Datenschutzgrundverordnung (DSGVO), ist: R. Remus Ihre Betroffenenrechte Unter den angegebenen Kontaktdaten unseres Datenschutzbeauftragten k\u00f6nnen Sie jederzeit folgende Rechte aus\u00fcben: Auskunft \u00fcber Ihre bei uns gespeicherten Daten und deren Verarbeitung,Berichtigung unrichtiger personenbezogener Daten,L\u00f6schung Ihrer bei uns gespeicherten Daten,Einschr\u00e4nkung der Datenverarbeitung, sofern wir Ihre Daten aufgrund gesetzlicher Pflichten [&hellip;]","og_url":"https:\/\/rc-hall.com\/zh\/datenschutzerklaerung\/","og_site_name":"RC Hall","article_modified_time":"2024-02-04T01:12:38+00:00","twitter_card":"summary_large_image","twitter_misc":{"\u9884\u8ba1\u9605\u8bfb\u65f6\u95f4":"8 \u5206"},"schema":{"@context":"https:\/\/schema.org","@graph":[{"@type":"WebPage","@id":"https:\/\/rc-hall.com\/datenschutzerklaerung\/","url":"https:\/\/rc-hall.com\/datenschutzerklaerung\/","name":"Datenschutzerkl\u00e4rung - RC Hall","isPartOf":{"@id":"https:\/\/rc-hall.com\/#website"},"datePublished":"2020-10-22T22:32:54+00:00","dateModified":"2024-02-04T01:12:38+00:00","breadcrumb":{"@id":"https:\/\/rc-hall.com\/datenschutzerklaerung\/#breadcrumb"},"inLanguage":"zh-Hans","potentialAction":[{"@type":"ReadAction","target":["https:\/\/rc-hall.com\/datenschutzerklaerung\/"]}]},{"@type":"BreadcrumbList","@id":"https:\/\/rc-hall.com\/datenschutzerklaerung\/#breadcrumb","itemListElement":[{"@type":"ListItem","position":1,"name":"Startseite","item":"https:\/\/rc-hall.com\/"},{"@type":"ListItem","position":2,"name":"Datenschutzerkl\u00e4rung"}]},{"@type":"WebSite","@id":"https:\/\/rc-hall.com\/#website","url":"https:\/\/rc-hall.com\/","name":"RC\u5385","description":"Der Begleiter f\u00fcr das schnelle Hobby auf vier R\u00e4dern!","potentialAction":[{"@type":"SearchAction","target":{"@type":"EntryPoint","urlTemplate":"https:\/\/rc-hall.com\/?s={search_term_string}"},"query-input":{"@type":"PropertyValueSpecification","valueRequired":true,"valueName":"search_term_string"}}],"inLanguage":"zh-Hans"}]}},"_links":{"self":[{"href":"https:\/\/rc-hall.com\/zh\/wp-json\/wp\/v2\/pages\/1350","targetHints":{"allow":["GET"]}}],"collection":[{"href":"https:\/\/rc-hall.com\/zh\/wp-json\/wp\/v2\/pages"}],"about":[{"href":"https:\/\/rc-hall.com\/zh\/wp-json\/wp\/v2\/types\/page"}],"author":[{"embeddable":true,"href":"https:\/\/rc-hall.com\/zh\/wp-json\/wp\/v2\/users\/1"}],"replies":[{"embeddable":true,"href":"https:\/\/rc-hall.com\/zh\/wp-json\/wp\/v2\/comments?post=1350"}],"version-history":[{"count":0,"href":"https:\/\/rc-hall.com\/zh\/wp-json\/wp\/v2\/pages\/1350\/revisions"}],"wp:attachment":[{"href":"https:\/\/rc-hall.com\/zh\/wp-json\/wp\/v2\/media?parent=1350"}],"curies":[{"name":"wp","href":"https:\/\/api.w.org\/{rel}","templated":true}]}}