{"id":6405,"date":"2025-01-15T01:50:27","date_gmt":"2025-01-15T01:50:27","guid":{"rendered":"https:\/\/rc-hall.com\/shop\/hpi-crawler-king-ford-raptor\/"},"modified":"2025-01-15T21:19:18","modified_gmt":"2025-01-15T21:19:18","slug":"hpi-crawler-king-ford-raptor","status":"publish","type":"product","link":"https:\/\/rc-hall.com\/fr\/shop\/hpi-crawler-king-ford-raptor\/","title":{"rendered":"HPI &#8211; Crawler King Ford Raptor"},"content":{"rendered":"<h2>Ausf\u00fchrliche Beschreibung<\/h2>\n<h3>Einf\u00fchrung<\/h3>\n<p>L&#039; <strong>HPI Crawler King Ford Raptor<\/strong> ist ein vielseitiger und robuster Rock-Crawler im Ma\u00dfstab 1:10, der speziell f\u00fcr RC-Enthusiasten entwickelt wurde, die ein leistungsstarkes Fahrzeug f\u00fcr extreme Offroad-Bedingungen suchen. Mit seinem durchdachten Design und hochwertigen Komponenten bietet der Crawler King ein unvergleichliches Fahrerlebnis auf Felsen, in Schlamm und unwegsamem Gel\u00e4nde.<\/p>\n<h3>Motor und Leistung<\/h3>\n<p>Der Crawler King ist mit einem 55T Saturn Brushed-Motor ausgestattet, der in Kombination mit dem wasserdichten SC-3SWP2 Fahrtenregler f\u00fcr beeindruckendes Drehmoment und pr\u00e4zise Steuerung sorgt. Dieses Setup erm\u00f6glicht langsames und kontrolliertes Crawlen \u00fcber Hindernisse, w\u00e4hrend die wasserdichte Elektronik den Einsatz bei unterschiedlichen Wetterbedingungen erlaubt.<\/p>\n<h3>Chassis und Design<\/h3>\n<p>Das TVP-Aluminium-Chassis (Twin Vertical Plate) des Crawler King sorgt f\u00fcr maximale Stabilit\u00e4t und Haltbarkeit. Mit einer L\u00e4nge von 431,8 mm, einer Breite von 297,2 mm und einer H\u00f6he von 254 mm bietet der Truck ideale Proportionen f\u00fcr ein stabiles und ausgewogenes Fahrverhalten. Die offiziell lizenzierte Ford SVT Raptor Karosserie mit &#8218;Digital Mud&#8216;-Design verleiht dem Fahrzeug ein realistisches und aggressives Aussehen, das seine Leistungsf\u00e4higkeit unterstreicht.<\/p>\n<h3>Aufh\u00e4ngung und Fahrverhalten<\/h3>\n<p>Die authentische Starrachsen-Aufh\u00e4ngung des Crawler King erm\u00f6glicht eine extreme Verschr\u00e4nkung, sodass alle vier R\u00e4der auch in unebenem Gel\u00e4nde stets Bodenkontakt haben. Die \u00f6lgef\u00fcllten Sto\u00dfd\u00e4mpfer und die griffigen HB Rover Reifen sorgen f\u00fcr hervorragende Traktion und Stabilit\u00e4t auf verschiedensten Untergr\u00fcnden, von Felsen \u00fcber Schlamm bis hin zu Sand.<\/p>\n<h3>Antriebsstrang und Getriebe<\/h3>\n<p>Der permanente 4WD-Antrieb des Crawler King gew\u00e4hrleistet eine gleichm\u00e4\u00dfige Kraftverteilung auf alle vier R\u00e4der, was besonders beim \u00dcberwinden von Hindernissen von Vorteil ist. Die robusten universellen Antriebswellen und die gesperrten Differentiale sorgen f\u00fcr maximale Traktion und Zuverl\u00e4ssigkeit im Gel\u00e4nde.<\/p>\n<h3>Fernsteuerung und Elektronik<\/h3>\n<p>Das 2,4-GHz-Funkfernsteuerungssystem bietet eine st\u00f6rungsfreie und pr\u00e4zise Kontrolle des Fahrzeugs. Die wasserdichten Komponenten, einschlie\u00dflich des SF-10W Lenkservos und des SC-3SWP2 Fahrtenreglers, erm\u00f6glichen den Einsatz des Crawler King auch bei nassen oder schlammigen Bedingungen. Die gesch\u00fctzte Empf\u00e4ngerbox bietet zus\u00e4tzlichen Schutz f\u00fcr die Elektronik.<\/p>\n<h3>Wartung und Benutzerfreundlichkeit<\/h3>\n<p>Der Crawler King wird als RTR-Modell (Ready-to-Run) geliefert und ist sofort einsatzbereit. Im Lieferumfang sind ein 2000mAh NiMH-Akku, ein universelles Ladeger\u00e4t und 4 AA-Batterien f\u00fcr den Sender enthalten. Das vorw\u00e4rts montierte Akkufach sorgt f\u00fcr eine optimale Gewichtsverteilung, die beim Crawlen von Vorteil ist. Die universellen Karosseriehalter erm\u00f6glichen die Verwendung einer Vielzahl von optionalen Karosserien, sodass das Fahrzeug individuell angepasst werden kann.<\/p>","protected":false},"excerpt":{"rendered":"<h2>Kurzbeschreibung<\/h2>\n<p>L&#039; <strong>HPI Crawler King Ford Raptor<\/strong> ist ein 1:10 Elektro-Rock-Crawler mit permanentem 4WD-Antrieb, der f\u00fcr anspruchsvolle Offroad-Abenteuer entwickelt wurde. Ausgestattet mit einer offiziell lizenzierten Ford SVT Raptor Karosserie im &#8218;Digital Mud&#8216;-Design, einem robusten TVP-Chassis (Twin Vertical Plate) und wasserdichter Elektronik, meistert der Crawler King selbst schwierigstes Gel\u00e4nde mit Leichtigkeit. Die vorinstallierte 2,4-GHz-Fernsteuerung und der mitgelieferte 2000mAh NiMH-Akku machen ihn sofort einsatzbereit f\u00fcr spannende Crawling-Erlebnisse.<\/p>","protected":false},"featured_media":6345,"comment_status":"closed","ping_status":"closed","template":"","meta":[],"product_brand":[],"product_cat":[92],"product_tag":[6651,6607,1191,6843,6852,6856,6848,6846,6854,6842,6849,6844,6851,6855,6853,6850,6845,6847,5062],"class_list":{"0":"post-6405","1":"product","2":"type-product","3":"status-publish","4":"has-post-thumbnail","6":"product_cat-rc-fahrzeuge","7":"product_tag-1-10-rc-auto","8":"product_tag-elektro-rc","9":"product_tag-ferngesteuertes-fahrzeug","10":"product_tag-gelaende-fahrzeug","11":"product_tag-hpi-crawler-king-4wd","12":"product_tag-hpi-crawler-king-chassis","13":"product_tag-hpi-crawler-king-erfahrungen","14":"product_tag-hpi-crawler-king-ersatzteile","15":"product_tag-hpi-crawler-king-fernsteuerung","16":"product_tag-hpi-crawler-king-ford-raptor","17":"product_tag-hpi-crawler-king-geschwindigkeit","18":"product_tag-hpi-crawler-king-kaufen","19":"product_tag-hpi-crawler-king-offroad","20":"product_tag-hpi-crawler-king-reifen","21":"product_tag-hpi-crawler-king-rock-crawler","22":"product_tag-hpi-crawler-king-rtr","23":"product_tag-hpi-crawler-king-test","24":"product_tag-hpi-crawler-king-tuning","25":"product_tag-rc-crawler","27":"first","28":"instock","29":"shipping-taxable","30":"product-type-external"},"yoast_head":"<!-- This site is optimized with the Yoast SEO Premium plugin v21.3 (Yoast SEO v25.9) - https:\/\/yoast.com\/wordpress\/plugins\/seo\/ -->\n<title>HPI - Crawler King Ford Raptor - RC Hall<\/title>\n<meta name=\"robots\" content=\"index, follow, max-snippet:-1, max-image-preview:large, max-video-preview:-1\" \/>\n<link rel=\"canonical\" href=\"https:\/\/rc-hall.com\/fr\/shop\/hpi-crawler-king-ford-raptor\/\" \/>\n<meta property=\"og:locale\" content=\"fr_FR\" \/>\n<meta property=\"og:type\" content=\"article\" \/>\n<meta property=\"og:title\" content=\"HPI - Crawler King Ford Raptor\" \/>\n<meta property=\"og:description\" content=\"Kurzbeschreibung Der HPI Crawler King Ford Raptor ist ein 1:10 Elektro-Rock-Crawler mit permanentem 4WD-Antrieb, der f\u00fcr anspruchsvolle Offroad-Abenteuer entwickelt wurde. Ausgestattet mit einer offiziell lizenzierten Ford SVT Raptor Karosserie im &#039;Digital Mud&#039;-Design, einem robusten TVP-Chassis (Twin Vertical Plate) und wasserdichter Elektronik, meistert der Crawler King selbst schwierigstes Gel\u00e4nde mit Leichtigkeit. Die vorinstallierte 2,4-GHz-Fernsteuerung und der mitgelieferte 2000mAh NiMH-Akku machen ihn sofort einsatzbereit f\u00fcr spannende Crawling-Erlebnisse.\" \/>\n<meta property=\"og:url\" content=\"https:\/\/rc-hall.com\/fr\/shop\/hpi-crawler-king-ford-raptor\/\" \/>\n<meta property=\"og:site_name\" content=\"RC Hall\" \/>\n<meta property=\"article:modified_time\" content=\"2025-01-15T21:19:18+00:00\" \/>\n<meta name=\"twitter:card\" content=\"summary_large_image\" \/>\n<meta name=\"twitter:label1\" content=\"Dur\u00e9e de lecture estim\u00e9e\" \/>\n\t<meta name=\"twitter:data1\" content=\"2 minutes\" \/>\n<script type=\"application\/ld+json\" class=\"yoast-schema-graph\">{\"@context\":\"https:\/\/schema.org\",\"@graph\":[{\"@type\":\"WebPage\",\"@id\":\"https:\/\/rc-hall.com\/shop\/hpi-crawler-king-ford-raptor\/\",\"url\":\"https:\/\/rc-hall.com\/shop\/hpi-crawler-king-ford-raptor\/\",\"name\":\"HPI - Crawler King Ford Raptor - RC Hall\",\"isPartOf\":{\"@id\":\"https:\/\/rc-hall.com\/#website\"},\"primaryImageOfPage\":{\"@id\":\"https:\/\/rc-hall.com\/shop\/hpi-crawler-king-ford-raptor\/#primaryimage\"},\"image\":{\"@id\":\"https:\/\/rc-hall.com\/shop\/hpi-crawler-king-ford-raptor\/#primaryimage\"},\"thumbnailUrl\":\"https:\/\/rc-hall.com\/wp-content\/uploads\/2025\/01\/HPI-Crawler-King-Ford-Raptor.jpg\",\"datePublished\":\"2025-01-15T01:50:27+00:00\",\"dateModified\":\"2025-01-15T21:19:18+00:00\",\"breadcrumb\":{\"@id\":\"https:\/\/rc-hall.com\/shop\/hpi-crawler-king-ford-raptor\/#breadcrumb\"},\"inLanguage\":\"fr-FR\",\"potentialAction\":[{\"@type\":\"ReadAction\",\"target\":[\"https:\/\/rc-hall.com\/shop\/hpi-crawler-king-ford-raptor\/\"]}]},{\"@type\":\"ImageObject\",\"inLanguage\":\"fr-FR\",\"@id\":\"https:\/\/rc-hall.com\/shop\/hpi-crawler-king-ford-raptor\/#primaryimage\",\"url\":\"https:\/\/rc-hall.com\/wp-content\/uploads\/2025\/01\/HPI-Crawler-King-Ford-Raptor.jpg\",\"contentUrl\":\"https:\/\/rc-hall.com\/wp-content\/uploads\/2025\/01\/HPI-Crawler-King-Ford-Raptor.jpg\",\"width\":1024,\"height\":576},{\"@type\":\"BreadcrumbList\",\"@id\":\"https:\/\/rc-hall.com\/shop\/hpi-crawler-king-ford-raptor\/#breadcrumb\",\"itemListElement\":[{\"@type\":\"ListItem\",\"position\":1,\"name\":\"Startseite\",\"item\":\"https:\/\/rc-hall.com\/\"},{\"@type\":\"ListItem\",\"position\":2,\"name\":\"Shop\",\"item\":\"https:\/\/rc-hall.com\/shop\/\"},{\"@type\":\"ListItem\",\"position\":3,\"name\":\"HPI &#8211; Crawler King Ford Raptor\"}]},{\"@type\":\"WebSite\",\"@id\":\"https:\/\/rc-hall.com\/#website\",\"url\":\"https:\/\/rc-hall.com\/\",\"name\":\"RC Hall\",\"description\":\"Der Begleiter f\u00fcr das schnelle Hobby auf vier R\u00e4dern!\",\"potentialAction\":[{\"@type\":\"SearchAction\",\"target\":{\"@type\":\"EntryPoint\",\"urlTemplate\":\"https:\/\/rc-hall.com\/?s={search_term_string}\"},\"query-input\":{\"@type\":\"PropertyValueSpecification\",\"valueRequired\":true,\"valueName\":\"search_term_string\"}}],\"inLanguage\":\"fr-FR\"}]}<\/script>\n<!-- \/ Yoast SEO Premium plugin. -->","yoast_head_json":{"title":"HPI - Crawler King Ford Raptor - RC Hall","robots":{"index":"index","follow":"follow","max-snippet":"max-snippet:-1","max-image-preview":"max-image-preview:large","max-video-preview":"max-video-preview:-1"},"canonical":"https:\/\/rc-hall.com\/fr\/shop\/hpi-crawler-king-ford-raptor\/","og_locale":"fr_FR","og_type":"article","og_title":"HPI - Crawler King Ford Raptor","og_description":"Kurzbeschreibung Der HPI Crawler King Ford Raptor ist ein 1:10 Elektro-Rock-Crawler mit permanentem 4WD-Antrieb, der f\u00fcr anspruchsvolle Offroad-Abenteuer entwickelt wurde. Ausgestattet mit einer offiziell lizenzierten Ford SVT Raptor Karosserie im 'Digital Mud'-Design, einem robusten TVP-Chassis (Twin Vertical Plate) und wasserdichter Elektronik, meistert der Crawler King selbst schwierigstes Gel\u00e4nde mit Leichtigkeit. Die vorinstallierte 2,4-GHz-Fernsteuerung und der mitgelieferte 2000mAh NiMH-Akku machen ihn sofort einsatzbereit f\u00fcr spannende Crawling-Erlebnisse.","og_url":"https:\/\/rc-hall.com\/fr\/shop\/hpi-crawler-king-ford-raptor\/","og_site_name":"RC Hall","article_modified_time":"2025-01-15T21:19:18+00:00","twitter_card":"summary_large_image","twitter_misc":{"Dur\u00e9e de lecture estim\u00e9e":"2 minutes"},"schema":{"@context":"https:\/\/schema.org","@graph":[{"@type":"WebPage","@id":"https:\/\/rc-hall.com\/shop\/hpi-crawler-king-ford-raptor\/","url":"https:\/\/rc-hall.com\/shop\/hpi-crawler-king-ford-raptor\/","name":"HPI - Crawler King Ford Raptor - RC Hall","isPartOf":{"@id":"https:\/\/rc-hall.com\/#website"},"primaryImageOfPage":{"@id":"https:\/\/rc-hall.com\/shop\/hpi-crawler-king-ford-raptor\/#primaryimage"},"image":{"@id":"https:\/\/rc-hall.com\/shop\/hpi-crawler-king-ford-raptor\/#primaryimage"},"thumbnailUrl":"https:\/\/rc-hall.com\/wp-content\/uploads\/2025\/01\/HPI-Crawler-King-Ford-Raptor.jpg","datePublished":"2025-01-15T01:50:27+00:00","dateModified":"2025-01-15T21:19:18+00:00","breadcrumb":{"@id":"https:\/\/rc-hall.com\/shop\/hpi-crawler-king-ford-raptor\/#breadcrumb"},"inLanguage":"fr-FR","potentialAction":[{"@type":"ReadAction","target":["https:\/\/rc-hall.com\/shop\/hpi-crawler-king-ford-raptor\/"]}]},{"@type":"ImageObject","inLanguage":"fr-FR","@id":"https:\/\/rc-hall.com\/shop\/hpi-crawler-king-ford-raptor\/#primaryimage","url":"https:\/\/rc-hall.com\/wp-content\/uploads\/2025\/01\/HPI-Crawler-King-Ford-Raptor.jpg","contentUrl":"https:\/\/rc-hall.com\/wp-content\/uploads\/2025\/01\/HPI-Crawler-King-Ford-Raptor.jpg","width":1024,"height":576},{"@type":"BreadcrumbList","@id":"https:\/\/rc-hall.com\/shop\/hpi-crawler-king-ford-raptor\/#breadcrumb","itemListElement":[{"@type":"ListItem","position":1,"name":"Startseite","item":"https:\/\/rc-hall.com\/"},{"@type":"ListItem","position":2,"name":"Shop","item":"https:\/\/rc-hall.com\/shop\/"},{"@type":"ListItem","position":3,"name":"HPI &#8211; Crawler King Ford Raptor"}]},{"@type":"WebSite","@id":"https:\/\/rc-hall.com\/#website","url":"https:\/\/rc-hall.com\/","name":"RC Hall","description":"Der Begleiter f\u00fcr das schnelle Hobby auf vier R\u00e4dern!","potentialAction":[{"@type":"SearchAction","target":{"@type":"EntryPoint","urlTemplate":"https:\/\/rc-hall.com\/?s={search_term_string}"},"query-input":{"@type":"PropertyValueSpecification","valueRequired":true,"valueName":"search_term_string"}}],"inLanguage":"fr-FR"}]}},"_links":{"self":[{"href":"https:\/\/rc-hall.com\/fr\/wp-json\/wp\/v2\/product\/6405","targetHints":{"allow":["GET"]}}],"collection":[{"href":"https:\/\/rc-hall.com\/fr\/wp-json\/wp\/v2\/product"}],"about":[{"href":"https:\/\/rc-hall.com\/fr\/wp-json\/wp\/v2\/types\/product"}],"replies":[{"embeddable":true,"href":"https:\/\/rc-hall.com\/fr\/wp-json\/wp\/v2\/comments?post=6405"}],"wp:featuredmedia":[{"embeddable":true,"href":"https:\/\/rc-hall.com\/fr\/wp-json\/wp\/v2\/media\/6345"}],"wp:attachment":[{"href":"https:\/\/rc-hall.com\/fr\/wp-json\/wp\/v2\/media?parent=6405"}],"wp:term":[{"taxonomy":"product_brand","embeddable":true,"href":"https:\/\/rc-hall.com\/fr\/wp-json\/wp\/v2\/product_brand?post=6405"},{"taxonomy":"product_cat","embeddable":true,"href":"https:\/\/rc-hall.com\/fr\/wp-json\/wp\/v2\/product_cat?post=6405"},{"taxonomy":"product_tag","embeddable":true,"href":"https:\/\/rc-hall.com\/fr\/wp-json\/wp\/v2\/product_tag?post=6405"}],"curies":[{"name":"wp","href":"https:\/\/api.w.org\/{rel}","templated":true}]}}