{"id":5490,"date":"2024-12-04T23:19:05","date_gmt":"2024-12-04T23:19:05","guid":{"rendered":"https:\/\/rc-hall.com\/?page_id=5490"},"modified":"2024-12-05T09:23:28","modified_gmt":"2024-12-05T09:23:28","slug":"widerrufsbelehrung","status":"publish","type":"page","link":"https:\/\/rc-hall.com\/fr\/widerrufsbelehrung\/","title":{"rendered":"Notification du droit de r\u00e9tractation"},"content":{"rendered":"<p><strong>Droit de r\u00e9tractation<\/strong><\/p>\n\n\n\n<p>Vous avez le Droit, dans un d\u00e9lai de quatorze Jours sans donner de Raisons r\u00e9tracter du pr\u00e9sent Contrat.<\/p>\n\n\n\n<p>Le d\u00e9lai de R\u00e9tractation est de quatorze Jours \u00e0 compter de la date \u00e0 laquelle Vous ou un Tiers d\u00e9sign\u00e9, le Transporteur, la derni\u00e8re Marchandise pris Possession de ou a de.<\/p>\n\n\n\n<p>Pour exercer Votre droit de R\u00e9tractation, Vous devez nous<\/p>\n\n\n\n<p>Nom<br>Adresse<br>T\u00e9l\u00e9phone: <br>Fax le cas \u00e9ch\u00e9ant:<br>E-Mail:<\/p>\n\n\n\n<p>au moyen d&#039;une Explication claire (par Exemple, un Courrier postal, Fax ou E-Mail) \u00e0 propos de Votre D\u00e9cision de r\u00e9tracter du pr\u00e9sent Contrat, informer. Vous pouvez utiliser le Mod\u00e8le de formulaire de r\u00e9tractation utiliser, mais n&#039;est pas obligatoire. Pour Respecter le d\u00e9lai, il suffit que la Notification de l&#039;Exercice du droit de R\u00e9tractation avant l&#039;Expiration du d\u00e9lai de R\u00e9tractation.<\/p>\n\n\n\n<p><strong>Cons\u00e9quences de la R\u00e9tractation<\/strong><\/p>\n\n\n\n<p>Si Vous r\u00e9voquez votre Contrat, nous Vous avons tous les Paiements que nous avons re\u00e7u de Vous, y compris les frais de Livraison (\u00e0 l&#039;Exception des Frais suppl\u00e9mentaires d\u00e9coulant du fait que Vous avez un autre Type de Livraison que nous vous offrons le moins co\u00fbteux de livraison standard choisie), sans d\u00e9lai et au plus tard dans un d\u00e9lai de quatorze Jours \u00e0 compter de la date de rembourser, \u00e0 laquelle la Notification de Son annulation de ce Contrat nous est pas parvenue. Pour ce Remboursement, nous utilisons le m\u00eame moyen de Paiement que Vous utilis\u00e9 pour la Transaction initiale, sauf si Vous explicitement convenu autrement; en aucun Cas, \u00e0 Vous de cause, ce Remboursement n&#039;occasionnera pas de frais.<\/p>\n\n\n\n<p>Nous pouvons refuser le Remboursement jusqu&#039;\u00e0 ce que nous faisions pour r\u00e9cup\u00e9rer, ou jusqu&#039;\u00e0 ce que Vous ayez fourni une Preuve qu&#039;Ils \u00c9taient renvoy\u00e9s en fonction de la Date retenue.<\/p>\n\n\n\n<p>Vous avez les Marchandises imm\u00e9diatement et dans tous les Cas, au plus tard dans un d\u00e9lai de quatorze Jours \u00e0 compter de la date \u00e0 laquelle Vous nous la R\u00e9vocation de ce Contrat, informer, \u00e0 nous<\/p>\n\n\n\n<p>[oder &#8211; sofern vorhanden &#8211; an Name, Anschrift]<\/p>\n\n\n\n<p>\u00e0 retourner ou \u00e0 transmettre. Le D\u00e9lai est r\u00e9put\u00e9 respect\u00e9 si Vous renvoyez les Marchandises avant l&#039;Expiration du D\u00e9lai de quatorze Jours \u00e0 soumettre. Vous portez les Frais directs de Renvoi des Marchandises.<\/p>\n\n\n\n<p>Vous devez pour une \u00e9ventuelle D\u00e9pr\u00e9ciation des Biens seulement av\u00e8nement, si cette perte de valeur pour \u00e9tablir la Nature, les Caract\u00e9ristiques et le Fonctionnement des Produits qui ne sont pas n\u00e9cessaires pour Traiter avec eux est due.<br>Ce sont, au choix, le cas \u00e9ch\u00e9ant, les Suppl\u00e9ments possibles:&nbsp;<strong>L&#039;exclusion et l&#039;Extinction anticip\u00e9e du droit de R\u00e9tractation<\/strong><\/p>\n\n\n\n<p><strong>Le droit de R\u00e9tractation n&#039;existe pas pour les Contrats<\/strong><\/p>\n\n\n\n<p>pour la Livraison de Marchandises qui ne sont pas pr\u00e9fabriqu\u00e9s et pour leur Fabrication, un Choix individuel ou d&#039;une Disposition du Consommateur ou nettement personnalis\u00e9s aux Besoins du Consommateur sont adapt\u00e9s;<\/p>\n\n\n\n<p>pour la Livraison de Marchandises, les g\u00e2cher rapidement ou dont la date de P\u00e9remption rapidement d\u00e9pass\u00e9e;<\/p>\n\n\n\n<p>la Fourniture de Boissons alcoolis\u00e9es dont le Prix lors de la conclusion du Contrat a \u00e9t\u00e9 convenu, mais au plus t\u00f4t 30 Jours apr\u00e8s la conclusion du Contrat peuvent \u00eatre livr\u00e9s et dont la Valeur r\u00e9elle d\u00e9pend de Fluctuations sur le March\u00e9 d\u00e9pend de l&#039;Entrepreneur n&#039;a aucune Influence;<\/p>\n\n\n\n<p>la Fourniture de Journaux, de P\u00e9riodiques ou de Magazines, Sauf pour les Contrats d&#039;Abonnement.<\/p>\n\n\n\n<p><strong>Le droit de R\u00e9tractation expire pr\u00e9matur\u00e9ment dans le cas de Contrats<\/strong><\/p>\n\n\n\n<p>la Livraison vis de Marchandises pour des Raisons de Sant\u00e9 ou de l&#039;Hygi\u00e8ne, de Retour sont adapt\u00e9s, si votre Cachet apr\u00e8s la Livraison a \u00e9t\u00e9 supprim\u00e9;<\/p>\n\n\n\n<p>la Livraison des Marchandises, lorsque la Livraison en Raison de leur Nature indissociable avec d&#039;autres articles ont \u00e9t\u00e9 m\u00e9lang\u00e9s;<\/p>\n\n\n\n<p>pour la Livraison d&#039;enregistrements audio ou Vid\u00e9o ou de Logiciels informatiques scell\u00e9s Emballage, si l&#039;\u00c9tanch\u00e9it\u00e9 de la Livraison a \u00e9t\u00e9 supprim\u00e9.<\/p>","protected":false},"excerpt":{"rendered":"<p>Widerrufsrecht Sie haben das Recht, binnen vierzehn Tagen ohne Angabe von Gr\u00fcnden diesen Vertrag zu widerrufen. Die Widerrufsfrist betr\u00e4gt vierzehn Tage ab dem Tage, an dem Sie oder ein von Ihnen benannter Dritter, der nicht der Bef\u00f6rderer ist, die letzte Ware in Besitz genommen haben bzw. hat. Um Ihr Widerrufsrecht auszu\u00fcben, m\u00fcssen Sie uns, NameAnschriftTelefon: [&hellip;]<\/p>","protected":false},"author":1,"featured_media":0,"parent":0,"menu_order":0,"comment_status":"closed","ping_status":"closed","template":"","meta":{"footnotes":""},"class_list":["post-5490","page","type-page","status-publish","hentry"],"yoast_head":"<!-- This site is optimized with the Yoast SEO Premium plugin v21.3 (Yoast SEO v25.9) - https:\/\/yoast.com\/wordpress\/plugins\/seo\/ -->\n<title>Widerrufsbelehrung - RC Hall<\/title>\n<meta name=\"robots\" content=\"index, follow, max-snippet:-1, max-image-preview:large, max-video-preview:-1\" \/>\n<link rel=\"canonical\" href=\"https:\/\/rc-hall.com\/fr\/widerrufsbelehrung\/\" \/>\n<meta property=\"og:locale\" content=\"fr_FR\" \/>\n<meta property=\"og:type\" content=\"article\" \/>\n<meta property=\"og:title\" content=\"Widerrufsbelehrung\" \/>\n<meta property=\"og:description\" content=\"Widerrufsrecht Sie haben das Recht, binnen vierzehn Tagen ohne Angabe von Gr\u00fcnden diesen Vertrag zu widerrufen. Die Widerrufsfrist betr\u00e4gt vierzehn Tage ab dem Tage, an dem Sie oder ein von Ihnen benannter Dritter, der nicht der Bef\u00f6rderer ist, die letzte Ware in Besitz genommen haben bzw. hat. Um Ihr Widerrufsrecht auszu\u00fcben, m\u00fcssen Sie uns, NameAnschriftTelefon: [&hellip;]\" \/>\n<meta property=\"og:url\" content=\"https:\/\/rc-hall.com\/fr\/widerrufsbelehrung\/\" \/>\n<meta property=\"og:site_name\" content=\"RC Hall\" \/>\n<meta property=\"article:modified_time\" content=\"2024-12-05T09:23:28+00:00\" \/>\n<meta name=\"twitter:card\" content=\"summary_large_image\" \/>\n<meta name=\"twitter:label1\" content=\"Dur\u00e9e de lecture estim\u00e9e\" \/>\n\t<meta name=\"twitter:data1\" content=\"3 minutes\" \/>\n<script type=\"application\/ld+json\" class=\"yoast-schema-graph\">{\"@context\":\"https:\/\/schema.org\",\"@graph\":[{\"@type\":\"WebPage\",\"@id\":\"https:\/\/rc-hall.com\/widerrufsbelehrung\/\",\"url\":\"https:\/\/rc-hall.com\/widerrufsbelehrung\/\",\"name\":\"Widerrufsbelehrung - RC Hall\",\"isPartOf\":{\"@id\":\"https:\/\/rc-hall.com\/#website\"},\"datePublished\":\"2024-12-04T23:19:05+00:00\",\"dateModified\":\"2024-12-05T09:23:28+00:00\",\"breadcrumb\":{\"@id\":\"https:\/\/rc-hall.com\/widerrufsbelehrung\/#breadcrumb\"},\"inLanguage\":\"fr-FR\",\"potentialAction\":[{\"@type\":\"ReadAction\",\"target\":[\"https:\/\/rc-hall.com\/widerrufsbelehrung\/\"]}]},{\"@type\":\"BreadcrumbList\",\"@id\":\"https:\/\/rc-hall.com\/widerrufsbelehrung\/#breadcrumb\",\"itemListElement\":[{\"@type\":\"ListItem\",\"position\":1,\"name\":\"Startseite\",\"item\":\"https:\/\/rc-hall.com\/\"},{\"@type\":\"ListItem\",\"position\":2,\"name\":\"Widerrufsbelehrung\"}]},{\"@type\":\"WebSite\",\"@id\":\"https:\/\/rc-hall.com\/#website\",\"url\":\"https:\/\/rc-hall.com\/\",\"name\":\"RC Hall\",\"description\":\"Der Begleiter f\u00fcr das schnelle Hobby auf vier R\u00e4dern!\",\"potentialAction\":[{\"@type\":\"SearchAction\",\"target\":{\"@type\":\"EntryPoint\",\"urlTemplate\":\"https:\/\/rc-hall.com\/?s={search_term_string}\"},\"query-input\":{\"@type\":\"PropertyValueSpecification\",\"valueRequired\":true,\"valueName\":\"search_term_string\"}}],\"inLanguage\":\"fr-FR\"}]}<\/script>\n<!-- \/ Yoast SEO Premium plugin. -->","yoast_head_json":{"title":"Widerrufsbelehrung - RC Hall","robots":{"index":"index","follow":"follow","max-snippet":"max-snippet:-1","max-image-preview":"max-image-preview:large","max-video-preview":"max-video-preview:-1"},"canonical":"https:\/\/rc-hall.com\/fr\/widerrufsbelehrung\/","og_locale":"fr_FR","og_type":"article","og_title":"Widerrufsbelehrung","og_description":"Widerrufsrecht Sie haben das Recht, binnen vierzehn Tagen ohne Angabe von Gr\u00fcnden diesen Vertrag zu widerrufen. Die Widerrufsfrist betr\u00e4gt vierzehn Tage ab dem Tage, an dem Sie oder ein von Ihnen benannter Dritter, der nicht der Bef\u00f6rderer ist, die letzte Ware in Besitz genommen haben bzw. hat. Um Ihr Widerrufsrecht auszu\u00fcben, m\u00fcssen Sie uns, NameAnschriftTelefon: [&hellip;]","og_url":"https:\/\/rc-hall.com\/fr\/widerrufsbelehrung\/","og_site_name":"RC Hall","article_modified_time":"2024-12-05T09:23:28+00:00","twitter_card":"summary_large_image","twitter_misc":{"Dur\u00e9e de lecture estim\u00e9e":"3 minutes"},"schema":{"@context":"https:\/\/schema.org","@graph":[{"@type":"WebPage","@id":"https:\/\/rc-hall.com\/widerrufsbelehrung\/","url":"https:\/\/rc-hall.com\/widerrufsbelehrung\/","name":"Widerrufsbelehrung - RC Hall","isPartOf":{"@id":"https:\/\/rc-hall.com\/#website"},"datePublished":"2024-12-04T23:19:05+00:00","dateModified":"2024-12-05T09:23:28+00:00","breadcrumb":{"@id":"https:\/\/rc-hall.com\/widerrufsbelehrung\/#breadcrumb"},"inLanguage":"fr-FR","potentialAction":[{"@type":"ReadAction","target":["https:\/\/rc-hall.com\/widerrufsbelehrung\/"]}]},{"@type":"BreadcrumbList","@id":"https:\/\/rc-hall.com\/widerrufsbelehrung\/#breadcrumb","itemListElement":[{"@type":"ListItem","position":1,"name":"Startseite","item":"https:\/\/rc-hall.com\/"},{"@type":"ListItem","position":2,"name":"Widerrufsbelehrung"}]},{"@type":"WebSite","@id":"https:\/\/rc-hall.com\/#website","url":"https:\/\/rc-hall.com\/","name":"RC Hall","description":"Der Begleiter f\u00fcr das schnelle Hobby auf vier R\u00e4dern!","potentialAction":[{"@type":"SearchAction","target":{"@type":"EntryPoint","urlTemplate":"https:\/\/rc-hall.com\/?s={search_term_string}"},"query-input":{"@type":"PropertyValueSpecification","valueRequired":true,"valueName":"search_term_string"}}],"inLanguage":"fr-FR"}]}},"_links":{"self":[{"href":"https:\/\/rc-hall.com\/fr\/wp-json\/wp\/v2\/pages\/5490","targetHints":{"allow":["GET"]}}],"collection":[{"href":"https:\/\/rc-hall.com\/fr\/wp-json\/wp\/v2\/pages"}],"about":[{"href":"https:\/\/rc-hall.com\/fr\/wp-json\/wp\/v2\/types\/page"}],"author":[{"embeddable":true,"href":"https:\/\/rc-hall.com\/fr\/wp-json\/wp\/v2\/users\/1"}],"replies":[{"embeddable":true,"href":"https:\/\/rc-hall.com\/fr\/wp-json\/wp\/v2\/comments?post=5490"}],"version-history":[{"count":0,"href":"https:\/\/rc-hall.com\/fr\/wp-json\/wp\/v2\/pages\/5490\/revisions"}],"wp:attachment":[{"href":"https:\/\/rc-hall.com\/fr\/wp-json\/wp\/v2\/media?parent=5490"}],"curies":[{"name":"wp","href":"https:\/\/api.w.org\/{rel}","templated":true}]}}