{"id":1359,"date":"2020-10-26T22:45:19","date_gmt":"2020-10-26T22:45:19","guid":{"rendered":"https:\/\/rc-hall.com\/?page_id=1359"},"modified":"2024-02-04T01:10:52","modified_gmt":"2024-02-04T01:10:52","slug":"ueber-uns","status":"publish","type":"page","link":"https:\/\/rc-hall.com\/fr\/ueber-uns\/","title":{"rendered":"\u00c0 propos de nous"},"content":{"rendered":"<div data-elementor-type=\"wp-page\" data-elementor-id=\"1359\" class=\"elementor elementor-1359\" data-elementor-post-type=\"page\">\n\t\t\t\t\t\t<section class=\"elementor-section elementor-top-section elementor-element elementor-element-99a163c elementor-section-boxed elementor-section-height-default elementor-section-height-default\" data-id=\"99a163c\" data-element_type=\"section\">\n\t\t\t\t\t\t<div class=\"elementor-container elementor-column-gap-default\">\n\t\t\t\t\t<div class=\"elementor-column elementor-col-66 elementor-top-column elementor-element elementor-element-2acb068\" data-id=\"2acb068\" data-element_type=\"column\">\n\t\t\t<div class=\"elementor-widget-wrap elementor-element-populated\">\n\t\t\t\t\t\t<div class=\"elementor-element elementor-element-45e9283 elementor-widget elementor-widget-heading\" data-id=\"45e9283\" data-element_type=\"widget\" data-widget_type=\"heading.default\">\n\t\t\t\t<div class=\"elementor-widget-container\">\n\t\t\t\t\t<h2 class=\"elementor-heading-title elementor-size-default\">\u00c0 Propos De Nous<\/h2>\t\t\t\t<\/div>\n\t\t\t\t<\/div>\n\t\t\t\t<div class=\"elementor-element elementor-element-8dd3557 elementor-widget elementor-widget-text-editor\" data-id=\"8dd3557\" data-element_type=\"widget\" data-widget_type=\"text-editor.default\">\n\t\t\t\t<div class=\"elementor-widget-container\">\n\t\t\t\t\t\t\t\t\t<div dir=\"auto\"><p>Bienvenue chez RC Hall \u2013 votre point de Contact pour des Informations compl\u00e8tes sur RC Cars! Notre Plateforme a \u00e9t\u00e9 cr\u00e9\u00e9e pour les Amateurs de RC une Source centrale d&#039;information \u00e0 offrir, permet de se int\u00e9gralement sur RC Cars informer. Nous comprenons les Besoins de la Voiture RC Communaut\u00e9 et ont RC Hall lanc\u00e9, parce que ce n&#039;est pas comparable Plate-forme, tous les Aspects de la Voiture RC Loisirs couvrant.<\/p><p>Nous sommes fiers un Groupe passionn\u00e9 de Voiture RC passionn\u00e9s, qui se sont r\u00e9unis pour combler les lacunes dans la disponibilit\u00e9 de l&#039;information, de fermer. La frustration de la limit\u00e9 de la capacit\u00e9 des diff\u00e9rents RC Cars et de comparer la Vitesse d&#039;une Voiture avec la construction de l&#039;\u00c9lectronique de d\u00e9terminer avec pr\u00e9cision, nous avons voulu construire une Solution. RC Hall, vous trouverez non seulement d&#039;effectuer des Comparaisons d\u00e9taill\u00e9es entre les diff\u00e9rents RC Cars, mais aussi des Informations pr\u00e9cises sur les d\u00e9lais de chaque Mod\u00e8le sous diff\u00e9rentes Conditions.<\/p><p>Notre Mission est le Monde de la RC Cars transparent et plus accessible. Peu importe si vous \u00eates un habile RC Amateur ou un D\u00e9butant dans le Monde de la distance des V\u00e9hicules es, RC Hall, vous trouverez une Information compl\u00e8te, Conseils et astuces pour votre Voiture RC Exp\u00e9rience de l&#039;optimiser. Plongez dans le Monde fascinant de la RC Cars et d\u00e9couvrez pourquoi RC Hall, le premier point de Contact pour tous vos Voiture RC Besoins!<\/p><\/div>\t\t\t\t\t\t\t\t<\/div>\n\t\t\t\t<\/div>\n\t\t\t\t\t<\/div>\n\t\t<\/div>\n\t\t\t\t<div class=\"elementor-column elementor-col-33 elementor-top-column elementor-element elementor-element-2e4bf2d\" data-id=\"2e4bf2d\" data-element_type=\"column\">\n\t\t\t<div class=\"elementor-widget-wrap\">\n\t\t\t\t\t\t\t<\/div>\n\t\t<\/div>\n\t\t\t\t\t<\/div>\n\t\t<\/section>\n\t\t\t\t<\/div>","protected":false},"excerpt":{"rendered":"<p>\u00dcber Uns Willkommen bei RC Hall &#8211; deiner Anlaufstelle f\u00fcr umfassende Informationen rund um RC Cars! Unsere Plattform wurde gegr\u00fcndet, um RC Enthusiasten eine zentrale Informationsquelle zu bieten, die es erm\u00f6glicht, sich vollumf\u00e4nglich \u00fcber RC Cars zu informieren. Wir verstehen die Bed\u00fcrfnisse der RC Car Gemeinschaft und haben RC Hall ins Leben gerufen, weil es [&hellip;]<\/p>","protected":false},"author":1,"featured_media":0,"parent":0,"menu_order":0,"comment_status":"closed","ping_status":"closed","template":"","meta":{"footnotes":""},"class_list":["post-1359","page","type-page","status-publish","hentry"],"yoast_head":"<!-- This site is optimized with the Yoast SEO Premium plugin v21.3 (Yoast SEO v25.9) - https:\/\/yoast.com\/wordpress\/plugins\/seo\/ -->\n<title>\u00dcber uns - RC Hall<\/title>\n<meta name=\"robots\" content=\"index, follow, max-snippet:-1, max-image-preview:large, max-video-preview:-1\" \/>\n<link rel=\"canonical\" href=\"https:\/\/rc-hall.com\/fr\/ueber-uns\/\" \/>\n<meta property=\"og:locale\" content=\"fr_FR\" \/>\n<meta property=\"og:type\" content=\"article\" \/>\n<meta property=\"og:title\" content=\"\u00dcber uns\" \/>\n<meta property=\"og:description\" content=\"\u00dcber Uns Willkommen bei RC Hall &#8211; deiner Anlaufstelle f\u00fcr umfassende Informationen rund um RC Cars! Unsere Plattform wurde gegr\u00fcndet, um RC Enthusiasten eine zentrale Informationsquelle zu bieten, die es erm\u00f6glicht, sich vollumf\u00e4nglich \u00fcber RC Cars zu informieren. Wir verstehen die Bed\u00fcrfnisse der RC Car Gemeinschaft und haben RC Hall ins Leben gerufen, weil es [&hellip;]\" \/>\n<meta property=\"og:url\" content=\"https:\/\/rc-hall.com\/fr\/ueber-uns\/\" \/>\n<meta property=\"og:site_name\" content=\"RC Hall\" \/>\n<meta property=\"article:modified_time\" content=\"2024-02-04T01:10:52+00:00\" \/>\n<meta name=\"twitter:card\" content=\"summary_large_image\" \/>\n<meta name=\"twitter:label1\" content=\"Dur\u00e9e de lecture estim\u00e9e\" \/>\n\t<meta name=\"twitter:data1\" content=\"2 minutes\" \/>\n<script type=\"application\/ld+json\" class=\"yoast-schema-graph\">{\"@context\":\"https:\/\/schema.org\",\"@graph\":[{\"@type\":\"WebPage\",\"@id\":\"https:\/\/rc-hall.com\/ueber-uns\/\",\"url\":\"https:\/\/rc-hall.com\/ueber-uns\/\",\"name\":\"\u00dcber uns - RC Hall\",\"isPartOf\":{\"@id\":\"https:\/\/rc-hall.com\/#website\"},\"datePublished\":\"2020-10-26T22:45:19+00:00\",\"dateModified\":\"2024-02-04T01:10:52+00:00\",\"breadcrumb\":{\"@id\":\"https:\/\/rc-hall.com\/ueber-uns\/#breadcrumb\"},\"inLanguage\":\"fr-FR\",\"potentialAction\":[{\"@type\":\"ReadAction\",\"target\":[\"https:\/\/rc-hall.com\/ueber-uns\/\"]}]},{\"@type\":\"BreadcrumbList\",\"@id\":\"https:\/\/rc-hall.com\/ueber-uns\/#breadcrumb\",\"itemListElement\":[{\"@type\":\"ListItem\",\"position\":1,\"name\":\"Startseite\",\"item\":\"https:\/\/rc-hall.com\/\"},{\"@type\":\"ListItem\",\"position\":2,\"name\":\"\u00dcber uns\"}]},{\"@type\":\"WebSite\",\"@id\":\"https:\/\/rc-hall.com\/#website\",\"url\":\"https:\/\/rc-hall.com\/\",\"name\":\"RC Hall\",\"description\":\"Der Begleiter f\u00fcr das schnelle Hobby auf vier R\u00e4dern!\",\"potentialAction\":[{\"@type\":\"SearchAction\",\"target\":{\"@type\":\"EntryPoint\",\"urlTemplate\":\"https:\/\/rc-hall.com\/?s={search_term_string}\"},\"query-input\":{\"@type\":\"PropertyValueSpecification\",\"valueRequired\":true,\"valueName\":\"search_term_string\"}}],\"inLanguage\":\"fr-FR\"}]}<\/script>\n<!-- \/ Yoast SEO Premium plugin. -->","yoast_head_json":{"title":"\u00dcber uns - RC Hall","robots":{"index":"index","follow":"follow","max-snippet":"max-snippet:-1","max-image-preview":"max-image-preview:large","max-video-preview":"max-video-preview:-1"},"canonical":"https:\/\/rc-hall.com\/fr\/ueber-uns\/","og_locale":"fr_FR","og_type":"article","og_title":"\u00dcber uns","og_description":"\u00dcber Uns Willkommen bei RC Hall &#8211; deiner Anlaufstelle f\u00fcr umfassende Informationen rund um RC Cars! Unsere Plattform wurde gegr\u00fcndet, um RC Enthusiasten eine zentrale Informationsquelle zu bieten, die es erm\u00f6glicht, sich vollumf\u00e4nglich \u00fcber RC Cars zu informieren. Wir verstehen die Bed\u00fcrfnisse der RC Car Gemeinschaft und haben RC Hall ins Leben gerufen, weil es [&hellip;]","og_url":"https:\/\/rc-hall.com\/fr\/ueber-uns\/","og_site_name":"RC Hall","article_modified_time":"2024-02-04T01:10:52+00:00","twitter_card":"summary_large_image","twitter_misc":{"Dur\u00e9e de lecture estim\u00e9e":"2 minutes"},"schema":{"@context":"https:\/\/schema.org","@graph":[{"@type":"WebPage","@id":"https:\/\/rc-hall.com\/ueber-uns\/","url":"https:\/\/rc-hall.com\/ueber-uns\/","name":"\u00dcber uns - RC Hall","isPartOf":{"@id":"https:\/\/rc-hall.com\/#website"},"datePublished":"2020-10-26T22:45:19+00:00","dateModified":"2024-02-04T01:10:52+00:00","breadcrumb":{"@id":"https:\/\/rc-hall.com\/ueber-uns\/#breadcrumb"},"inLanguage":"fr-FR","potentialAction":[{"@type":"ReadAction","target":["https:\/\/rc-hall.com\/ueber-uns\/"]}]},{"@type":"BreadcrumbList","@id":"https:\/\/rc-hall.com\/ueber-uns\/#breadcrumb","itemListElement":[{"@type":"ListItem","position":1,"name":"Startseite","item":"https:\/\/rc-hall.com\/"},{"@type":"ListItem","position":2,"name":"\u00dcber uns"}]},{"@type":"WebSite","@id":"https:\/\/rc-hall.com\/#website","url":"https:\/\/rc-hall.com\/","name":"RC Hall","description":"Der Begleiter f\u00fcr das schnelle Hobby auf vier R\u00e4dern!","potentialAction":[{"@type":"SearchAction","target":{"@type":"EntryPoint","urlTemplate":"https:\/\/rc-hall.com\/?s={search_term_string}"},"query-input":{"@type":"PropertyValueSpecification","valueRequired":true,"valueName":"search_term_string"}}],"inLanguage":"fr-FR"}]}},"_links":{"self":[{"href":"https:\/\/rc-hall.com\/fr\/wp-json\/wp\/v2\/pages\/1359","targetHints":{"allow":["GET"]}}],"collection":[{"href":"https:\/\/rc-hall.com\/fr\/wp-json\/wp\/v2\/pages"}],"about":[{"href":"https:\/\/rc-hall.com\/fr\/wp-json\/wp\/v2\/types\/page"}],"author":[{"embeddable":true,"href":"https:\/\/rc-hall.com\/fr\/wp-json\/wp\/v2\/users\/1"}],"replies":[{"embeddable":true,"href":"https:\/\/rc-hall.com\/fr\/wp-json\/wp\/v2\/comments?post=1359"}],"version-history":[{"count":0,"href":"https:\/\/rc-hall.com\/fr\/wp-json\/wp\/v2\/pages\/1359\/revisions"}],"wp:attachment":[{"href":"https:\/\/rc-hall.com\/fr\/wp-json\/wp\/v2\/media?parent=1359"}],"curies":[{"name":"wp","href":"https:\/\/api.w.org\/{rel}","templated":true}]}}