{"id":1350,"date":"2020-10-22T22:32:54","date_gmt":"2020-10-22T22:32:54","guid":{"rendered":"https:\/\/rc-hall.com\/?page_id=1350"},"modified":"2024-02-04T01:12:38","modified_gmt":"2024-02-04T01:12:38","slug":"datenschutzerklaerung","status":"publish","type":"page","link":"https:\/\/rc-hall.com\/fr\/datenschutzerklaerung\/","title":{"rendered":"Politique de confidentialit\u00e9"},"content":{"rendered":"<div data-elementor-type=\"wp-page\" data-elementor-id=\"1350\" class=\"elementor elementor-1350\" data-elementor-post-type=\"page\">\n\t\t\t\t\t\t<section class=\"elementor-section elementor-top-section elementor-element elementor-element-3a6025f elementor-section-boxed elementor-section-height-default elementor-section-height-default\" data-id=\"3a6025f\" data-element_type=\"section\">\n\t\t\t\t\t\t<div class=\"elementor-container elementor-column-gap-default\">\n\t\t\t\t\t<div class=\"elementor-column elementor-col-66 elementor-top-column elementor-element elementor-element-fd6f3b7\" data-id=\"fd6f3b7\" data-element_type=\"column\">\n\t\t\t<div class=\"elementor-widget-wrap elementor-element-populated\">\n\t\t\t\t\t\t<div class=\"elementor-element elementor-element-e57a9af elementor-widget elementor-widget-heading\" data-id=\"e57a9af\" data-element_type=\"widget\" data-widget_type=\"heading.default\">\n\t\t\t\t<div class=\"elementor-widget-container\">\n\t\t\t\t\t<h2 class=\"elementor-heading-title elementor-size-default\">Politique de confidentialit\u00e9<\/h2>\t\t\t\t<\/div>\n\t\t\t\t<\/div>\n\t\t\t\t<div class=\"elementor-element elementor-element-857f2d6 elementor-widget elementor-widget-text-editor\" data-id=\"857f2d6\" data-element_type=\"widget\" data-widget_type=\"text-editor.default\">\n\t\t\t\t<div class=\"elementor-widget-container\">\n\t\t\t\t\t\t\t\t\t<p>Responsable au Sens de la loi informatique et libert\u00e9s, en particulier de l&#039;UE-Datenschutzgrundverordnung (DSGVO), est:<\/p><p>R. Remus<\/p><p><br \/>Votre Betroffenenrechte<\/p><p>Parmi les Coordonn\u00e9es de notre Contr\u00f4leur, Vous pouvez \u00e0 tout moment exercer les Droits suivants:<\/p><p>Des renseignements sur Vos Donn\u00e9es et de leur Traitement,<br \/>De rectification des Donn\u00e9es \u00e0 caract\u00e8re personnel,<br \/>De suppression de Vos Donn\u00e9es aupr\u00e8s de nous,<br \/>Limitation du Traitement des donn\u00e9es, sauf si nous avons Votre de Donn\u00e9es en raison d&#039;Obligations l\u00e9gales ne sont pas encore autoris\u00e9s \u00e0 supprimer<br \/>D&#039;opposition au Traitement de Vos Donn\u00e9es chez nous et<br \/>La portabilit\u00e9 des donn\u00e9es, \u00e0 condition que le Traitement des donn\u00e9es ont consenti ou un Contrat conclu avec nous avons.<\/p><p>Si Vous nous avez donn\u00e9 votre Consentement, Vous pouvez \u00e0 tout moment avec Effet pour le Futur.<\/p><p>Sie k\u00f6nnen sich jederzeit mit einer Beschwerde an die f\u00fcr Sie zust\u00e4ndige Aufsichtsbeh\u00f6rde wenden. Ihre zust\u00e4ndige Aufsichtsbeh\u00f6rde richtet sich nach dem Bundesland Ihres Wohnsitzes, Ihrer Arbeit oder der mutma\u00dflichen Verletzung. Eine Liste der Aufsichtsbeh\u00f6rden (f\u00fcr den nicht\u00f6ffentlichen Bereich) mit Anschrift finden Sie unter: https:\/\/www.bfdi.bund.de\/DE\/Infothek\/Anschriften_Links\/anschriften_links-node.html.<br \/>Des fins de Traitement des donn\u00e9es par le responsable du traitement et un Tiers<\/p><p>Nous traitons Vos Donn\u00e9es \u00e0 caract\u00e8re personnel uniquement dans la pr\u00e9sente politique de Confidentialit\u00e9, aux Fins vis\u00e9es. Une Transmission de Vos Donn\u00e9es personnelles \u00e0 des Tiers \u00e0 d&#039;autres Fins que celles susmentionn\u00e9es, n&#039;aura pas lieu. Nous communiquons Vos Donn\u00e9es personnelles uniquement \u00e0 des Tiers, si:<\/p><p>Votre Consentement en avez donn\u00e9,<br \/>le Traitement pour l&#039;Ex\u00e9cution d&#039;un Contrat est obligatoire,<br \/>le Traitement permettant de Satisfaire \u00e0 une Obligation l\u00e9gale est n\u00e9cessaire,<\/p><p>le Traitement de la Sauvegarde d&#039;Int\u00e9r\u00eats l\u00e9gitimes est n\u00e9cessaire et aucune Raison de croire que Vous avez un Int\u00e9r\u00eat pr\u00e9pond\u00e9rant, digne de protection \u00e0 la d\u00e9claration de Non-transmission de Vos Donn\u00e9es.<br \/>La collecte d&#039;Informations g\u00e9n\u00e9rales lors de la Visite de notre Site<\/p><p>Si Vous acc\u00e9dez \u00e0 notre Site web, sont automatiquement, \u00e0 l&#039;aide d&#039;un Cookie, des Informations de Nature g\u00e9n\u00e9rale collect\u00e9es. Ces Informations (fichiers Journaux du Serveur), qui comprennent le Type de Navigateur, le syst\u00e8me d&#039;Exploitation utilis\u00e9, le nom de Domaine de Votre Fournisseur d&#039;acc\u00e8s \u00e0 Internet et autres. Il s&#039;agit exclusivement d&#039;Informations qui ne permettent pas d&#039;identifier avec Votre Personne.<\/p><p>Ces Informations sont techniquement n\u00e9cessaires pour que Vous avez demand\u00e9 le Contenu des Pages web correctement \u00e0 livrer et les pi\u00e8ges lors de l&#039;Utilisation de l&#039;Internet obligatoire. Ils sont notamment trait\u00e9es aux Fins suivantes:<\/p><p>Assurer une facilit\u00e9 de Connexion du Site web,<br \/>Garantir que l&#039;Utilisation de notre Site web,<br \/>\u00c9valuation de la S\u00e9curit\u00e9 et de la stabilit\u00e9 ainsi que<br \/>\u00e0 d&#039;autres Fins administratives.<\/p><p>Le Traitement de Vos Donn\u00e9es personnelles est bas\u00e9 sur notre Int\u00e9r\u00eat l\u00e9gitime aux Fins \u00e9num\u00e9r\u00e9es ci-dessus pour la Collecte des donn\u00e9es. Nous utilisons Vos Donn\u00e9es pour tirer des Conclusions sur Votre Personne faites. Destinataires des Donn\u00e9es sont uniquement le responsable du traitement et, le cas \u00e9ch\u00e9ant, le sous-traitant.<\/p><p>Anonyme de ce Type d&#039;Information, nous voir en annexe. sur le plan statistique, pour notre Site internet et d&#039;une autre Technique d&#039;optimisation.<br \/>La fourniture des Prestations payantes<\/p><p>Pour la Fourniture des Prestations payantes de nous des Donn\u00e9es suppl\u00e9mentaires demand\u00e9es, comme par exemple des donn\u00e9es de Paiement pour Votre Commande. Nous conservons ces Donn\u00e9es dans nos Syst\u00e8mes, jusqu&#039;\u00e0 ce que les obligations l\u00e9gales de Conservation expir\u00e9.<br \/>Le Cryptage SSL<\/p><p>Pour la S\u00e9curit\u00e9 de Vos Donn\u00e9es lors de la Transmission de prot\u00e9ger, nous utilisons l&#039;\u00c9tat actuel de la Technique de Cryptage (par Exemple, SSL) via HTTPS.<br \/>Newsletter<\/p><p>Sur la Base de Leurs express\u00e9ment Consentement, nous Vous enverrons r\u00e9guli\u00e8rement \u00e0 notre Newsletter ou des Informations comparables par E-Mail \u00e0 Votre adresse E-Mail.<\/p><p>Pour la R\u00e9ception de la Newsletter est l&#039;Indication de Votre Adresse E-Mail est suffisant. Lors de l&#039;Inscription \u00e0 l&#039;\u00c9gard de notre Bulletin d&#039;information, les Donn\u00e9es que Vous avez indiqu\u00e9es exclusivement utilis\u00e9es \u00e0 cette Fin. Les abonn\u00e9s peuvent \u00e9galement relative \u00e0 des Circonstances inform\u00e9 par E-Mail pour le Service ou l&#039;Enregistrement sont pertinents (par Exemple, des Modifications de Newsletterangebots ou des raisons techniques).<\/p><p>Efficace pour un Registre, nous avons besoin d&#039;une adresse E-Mail. Pour v\u00e9rifier qu&#039;une Demande, en effet, par le Titulaire d&#039;une Adresse E-Mail lieu, nous avons mis le &#034;Double opt-in&#034;\u00e0 la Proc\u00e9dure. Pour cela, nous enregistrons la Commande du Bulletin d&#039;information, l&#039;Envoi d&#039;un mail de Confirmation et R\u00e9ception de la pr\u00e9sente demand\u00e9es R\u00e9ponse. Pour plus d&#039;informations ne sont pas recueillies. Les Donn\u00e9es exclusivement pour le syst\u00e8me d&#039;envoi des newsletters et ne sont pas transmises \u00e0 des Tiers.<\/p><p>Le Consentement pour le Stockage de Vos Donn\u00e9es personnelles et de leur Utilisation pour le syst\u00e8me d&#039;envoi des newsletters, Vous pouvez r\u00e9voquer \u00e0 tout moment. Dans chaque Newsletter se trouve un Lien. En outre, Vous pouvez \u00e0 tout moment directement sur le Site internet de la d\u00e9connexion ou de nous Votre Demande \u00e0 la Fin de cette politique de Confidentialit\u00e9 sp\u00e9cifi\u00e9 Contact de l&#039;en informer.<br \/>Formulaire de contact<\/p><p>Ils se produisent concernant toute question par E-Mail ou Formulaire de contact en Contact avec nous, Vous nous accordez le but de Contacter Votre Consentement libre et. Pour cela, l&#039;Indication de valider une Adresse E-Mail est n\u00e9cessaire. Elle sert \u00e0 l&#039;Affectation de la Demande et, ensuite, de R\u00e9pondre \u00e0 la m\u00eame. L&#039;Indication suppl\u00e9mentaire de Donn\u00e9es est facultatif. Les Informations que Vous fournissez \u00e0 des Fins de Traitement de la Demande, ainsi que d&#039;\u00e9ventuelles Anschlussfragen enregistr\u00e9. Apr\u00e8s l&#039;Ex\u00e9cution de votre Demande et vos Donn\u00e9es personnelles seront automatiquement supprim\u00e9s.<br \/>Utilisation de Scriptbibliotheken (Google Webfonts)<\/p><p>Um unsere Inhalte browser\u00fcbergreifend korrekt und grafisch ansprechend darzustellen, verwenden wir auf dieser Website Scriptbibliotheken und Schriftbibliotheken wie z. B. Google Webfonts (https:\/\/www.google.com\/webfonts\/). Google Webfonts werden zur Vermeidung mehrfachen Ladens in den Cache Ihres Browsers \u00fcbertragen. Falls der Browser die Google Webfonts nicht unterst\u00fctzt oder den Zugriff unterbindet, werden Inhalte in einer Standardschrift angezeigt.<\/p><p>L&#039;Appel de Scriptbibliotheken ou Schriftbibliotheken d\u00e9clenche automatiquement une Connexion \u00e0 l&#039;Exploitant de la Biblioth\u00e8que. Il est th\u00e9oriquement possible actuellement, mais \u00e9galement difficile de savoir si et, le cas \u00e9ch\u00e9ant, \u00e0 quelles Fins, \u2013 qu&#039;un Op\u00e9rateur ad\u00e9quat, des Biblioth\u00e8ques et de recueillir des Donn\u00e9es.<\/p><p>Die Datenschutzrichtlinie des Bibliothekbetreibers Google finden Sie hier: https:\/\/www.google.com\/policies\/privacy\/<br \/>Utilisation de Google Maps<\/p><p>Ce Site internet utilise Google Maps API pour l&#039;Information g\u00e9ographique visuellement. Lors de l&#039;Utilisation de Google Maps, de Google et de Donn\u00e9es sur l&#039;Utilisation des fonctions de la carte par les Visiteurs collect\u00e9es, trait\u00e9es et utilis\u00e9es. Pour de plus amples Informations sur le Traitement des donn\u00e9es par Google, la Google-r\u00e8gles de Confidentialit\u00e9 retirer. L\u00e0, Vous pouvez en Datenschutzcenter Vos Param\u00e8tres de Confidentialit\u00e9 changer.<\/p><p>Pour obtenir des Instructions d\u00e9taill\u00e9es pour la Gestion des Donn\u00e9es en Rapport avec les Produits Google, cliquez ici.<br \/>Incorpor\u00e9 Des Vid\u00e9os YouTube<\/p><p>Sur certains de nos Sites lits, nous Youtube. L&#039;exploitant de la correspondante de Plugins est la YouTube, LLC, 901 Cherry Ave., San Bruno, CA 94066, \u00e9tats-UNIS. Si Vous avez une Page avec le Plugin YouTube visiter, une Connexion avec les Serveurs de Youtube fabriqu\u00e9s. Il Youtube communiqu\u00e9, les Pages que Vous visitez. Si Votre Compte Youtube connect\u00e9, Youtube Votre Navigation Vous personnellement identifiables. Pour \u00e9viter ce, en avant \u00e0 partir de Votre Compte Youtube de d\u00e9connexion.<\/p><p>Une Vid\u00e9o Youtube lanc\u00e9, le Fournisseur des Cookies, les Remarques sur le Comportement des utilisateurs de collecte.<\/p><p>Celui qui, \u00e0 l&#039;enregistrement de Cookies pour Google Ad-Programme a d\u00e9sactiv\u00e9 est aussi pour Regarder des Vid\u00e9os Youtube, pas de Cookies, vous devez vous attendre. Youtube mais aussi dans d&#039;autres Cookies ne sont pas \u00e0 caract\u00e8re personnel, les informations d&#039;Utilisation \u00e0 partir de. Si Vous souhaitez \u00e9viter cela, Vous devez donc l&#039;enregistrement de Cookies dans votre Navigateur pour bloquer.<\/p><p>Weitere Informationen zum Datenschutz bei \u201eYoutube\u201c finden Sie in der Datenschutzerkl\u00e4rung des Anbieters unter: https:\/\/www.google.de\/intl\/de\/policies\/privacy\/<br \/>Plugins Sociaux<\/p><p>Sur nos Sites web, les modules Sociaux ci-dessous les Fournisseurs. Les plug-Ins, Vous pouvez le voir parce que le Logo sont marqu\u00e9s.<\/p><p>\u00c0 propos de ces Plugins peuvent \u00eatre des Informations auxquelles les Donn\u00e9es personnelles peuvent appartenir \u00e0 l&#039;Dienstebetreiber envoy\u00e9 et, le cas \u00e9ch\u00e9ant, \u00e0 exploiter. Nous emp\u00eacher de l&#039;inconscient et involontaire d&#039;Acquisition et la Transmission des Donn\u00e9es au fournisseur de services par une 2-Clic-Solution. Pour le Social Plugin \u00e0 activer, il faut d&#039;abord en Cliquant sur le bouton correspondant pour \u00eatre activ\u00e9. Apr\u00e8s cette Activation du plug-in est \u00e9galement la Collecte d&#039;Informations et leur Transmission au Prestataire de services d\u00e9clench\u00e9. Nous recueillons m\u00eame pas de Donn\u00e9es personnelles au moyen des plug-Ins Sociaux ou sur leur Utilisation.<\/p><p>Nous n&#039;avons aucune Influence sur les Donn\u00e9es activ\u00e9 le Plugin et la mani\u00e8re dont celles-ci par le Fournisseur sont utilis\u00e9s. Actuellement, il est \u00e0 supposer qu&#039;une Connexion directe aux Services du Fournisseur est \u00e9largi, et d&#039;au moins une Adresse IP et ger\u00e4tebezogene Informations collect\u00e9es et utilis\u00e9es. Il est \u00e9galement possible que le Prestataire de services d&#039;essayer de Cookies sur l&#039;Ordinateur utilis\u00e9 pour enregistrer. Quelles sont, concr\u00e8tement, les Donn\u00e9es ici sont collect\u00e9es et comment elles sont utilis\u00e9es, reportez-Vous \u00e0 la politique de Confidentialit\u00e9 de votre fournisseur de services. Remarque: Si Vous en m\u00eame temps \u00e0 Facebook connect\u00e9, peut Facebook, les Visiteurs d&#039;une Page sp\u00e9cifique \u00e0 l&#039;identifier.<\/p><p>Nous avons sur notre Site, les m\u00e9dias Sociaux, les Boutons suivants d&#039;une Entreprise:<br \/>Modification de notre politique de Confidentialit\u00e9<\/p><p>Nous nous r\u00e9servons le droit, \u00e0 cette politique de Confidentialit\u00e9 afin de vous garantir le juridique actuel, de Besoins ou pour des Modifications de nos Prestations dans la politique de Confidentialit\u00e9 de mettre en \u0153uvre, par exemple lors de l&#039;Introduction de nouveaux Services. Pour Votre prochaine Visite sur la nouvelle politique de Confidentialit\u00e9.<br \/>Questions de la protection de la<\/p><p>Si Vous avez des Questions sur la Protection des donn\u00e9es, veuillez nous \u00e9crire un E-Mail ou de Vous adresser directement \u00e0 la Personne responsable de la Protection des donn\u00e9es au sein de notre Organisation:<\/p><p>info@rc-hall.com<\/p>\t\t\t\t\t\t\t\t<\/div>\n\t\t\t\t<\/div>\n\t\t\t\t\t<\/div>\n\t\t<\/div>\n\t\t\t\t<div class=\"elementor-column elementor-col-33 elementor-top-column elementor-element elementor-element-c188bcb\" data-id=\"c188bcb\" data-element_type=\"column\">\n\t\t\t<div class=\"elementor-widget-wrap\">\n\t\t\t\t\t\t\t<\/div>\n\t\t<\/div>\n\t\t\t\t\t<\/div>\n\t\t<\/section>\n\t\t\t\t<\/div>","protected":false},"excerpt":{"rendered":"<p>Datenschutzerkl\u00e4rung Verantwortliche Stelle im Sinne der Datenschutzgesetze, insbesondere der EU-Datenschutzgrundverordnung (DSGVO), ist: R. Remus Ihre Betroffenenrechte Unter den angegebenen Kontaktdaten unseres Datenschutzbeauftragten k\u00f6nnen Sie jederzeit folgende Rechte aus\u00fcben: Auskunft \u00fcber Ihre bei uns gespeicherten Daten und deren Verarbeitung,Berichtigung unrichtiger personenbezogener Daten,L\u00f6schung Ihrer bei uns gespeicherten Daten,Einschr\u00e4nkung der Datenverarbeitung, sofern wir Ihre Daten aufgrund gesetzlicher Pflichten [&hellip;]<\/p>","protected":false},"author":1,"featured_media":0,"parent":0,"menu_order":0,"comment_status":"closed","ping_status":"closed","template":"","meta":{"footnotes":""},"class_list":["post-1350","page","type-page","status-publish","hentry"],"yoast_head":"<!-- This site is optimized with the Yoast SEO Premium plugin v21.3 (Yoast SEO v25.9) - https:\/\/yoast.com\/wordpress\/plugins\/seo\/ -->\n<title>Datenschutzerkl\u00e4rung - RC Hall<\/title>\n<meta name=\"robots\" content=\"index, follow, max-snippet:-1, max-image-preview:large, max-video-preview:-1\" \/>\n<link rel=\"canonical\" href=\"https:\/\/rc-hall.com\/fr\/datenschutzerklaerung\/\" \/>\n<meta property=\"og:locale\" content=\"fr_FR\" \/>\n<meta property=\"og:type\" content=\"article\" \/>\n<meta property=\"og:title\" content=\"Datenschutzerkl\u00e4rung\" \/>\n<meta property=\"og:description\" content=\"Datenschutzerkl\u00e4rung Verantwortliche Stelle im Sinne der Datenschutzgesetze, insbesondere der EU-Datenschutzgrundverordnung (DSGVO), ist: R. Remus Ihre Betroffenenrechte Unter den angegebenen Kontaktdaten unseres Datenschutzbeauftragten k\u00f6nnen Sie jederzeit folgende Rechte aus\u00fcben: Auskunft \u00fcber Ihre bei uns gespeicherten Daten und deren Verarbeitung,Berichtigung unrichtiger personenbezogener Daten,L\u00f6schung Ihrer bei uns gespeicherten Daten,Einschr\u00e4nkung der Datenverarbeitung, sofern wir Ihre Daten aufgrund gesetzlicher Pflichten [&hellip;]\" \/>\n<meta property=\"og:url\" content=\"https:\/\/rc-hall.com\/fr\/datenschutzerklaerung\/\" \/>\n<meta property=\"og:site_name\" content=\"RC Hall\" \/>\n<meta property=\"article:modified_time\" content=\"2024-02-04T01:12:38+00:00\" \/>\n<meta name=\"twitter:card\" content=\"summary_large_image\" \/>\n<meta name=\"twitter:label1\" content=\"Dur\u00e9e de lecture estim\u00e9e\" \/>\n\t<meta name=\"twitter:data1\" content=\"8 minutes\" \/>\n<script type=\"application\/ld+json\" class=\"yoast-schema-graph\">{\"@context\":\"https:\/\/schema.org\",\"@graph\":[{\"@type\":\"WebPage\",\"@id\":\"https:\/\/rc-hall.com\/datenschutzerklaerung\/\",\"url\":\"https:\/\/rc-hall.com\/datenschutzerklaerung\/\",\"name\":\"Datenschutzerkl\u00e4rung - RC Hall\",\"isPartOf\":{\"@id\":\"https:\/\/rc-hall.com\/#website\"},\"datePublished\":\"2020-10-22T22:32:54+00:00\",\"dateModified\":\"2024-02-04T01:12:38+00:00\",\"breadcrumb\":{\"@id\":\"https:\/\/rc-hall.com\/datenschutzerklaerung\/#breadcrumb\"},\"inLanguage\":\"fr-FR\",\"potentialAction\":[{\"@type\":\"ReadAction\",\"target\":[\"https:\/\/rc-hall.com\/datenschutzerklaerung\/\"]}]},{\"@type\":\"BreadcrumbList\",\"@id\":\"https:\/\/rc-hall.com\/datenschutzerklaerung\/#breadcrumb\",\"itemListElement\":[{\"@type\":\"ListItem\",\"position\":1,\"name\":\"Startseite\",\"item\":\"https:\/\/rc-hall.com\/\"},{\"@type\":\"ListItem\",\"position\":2,\"name\":\"Datenschutzerkl\u00e4rung\"}]},{\"@type\":\"WebSite\",\"@id\":\"https:\/\/rc-hall.com\/#website\",\"url\":\"https:\/\/rc-hall.com\/\",\"name\":\"RC Hall\",\"description\":\"Der Begleiter f\u00fcr das schnelle Hobby auf vier R\u00e4dern!\",\"potentialAction\":[{\"@type\":\"SearchAction\",\"target\":{\"@type\":\"EntryPoint\",\"urlTemplate\":\"https:\/\/rc-hall.com\/?s={search_term_string}\"},\"query-input\":{\"@type\":\"PropertyValueSpecification\",\"valueRequired\":true,\"valueName\":\"search_term_string\"}}],\"inLanguage\":\"fr-FR\"}]}<\/script>\n<!-- \/ Yoast SEO Premium plugin. -->","yoast_head_json":{"title":"Datenschutzerkl\u00e4rung - RC Hall","robots":{"index":"index","follow":"follow","max-snippet":"max-snippet:-1","max-image-preview":"max-image-preview:large","max-video-preview":"max-video-preview:-1"},"canonical":"https:\/\/rc-hall.com\/fr\/datenschutzerklaerung\/","og_locale":"fr_FR","og_type":"article","og_title":"Datenschutzerkl\u00e4rung","og_description":"Datenschutzerkl\u00e4rung Verantwortliche Stelle im Sinne der Datenschutzgesetze, insbesondere der EU-Datenschutzgrundverordnung (DSGVO), ist: R. Remus Ihre Betroffenenrechte Unter den angegebenen Kontaktdaten unseres Datenschutzbeauftragten k\u00f6nnen Sie jederzeit folgende Rechte aus\u00fcben: Auskunft \u00fcber Ihre bei uns gespeicherten Daten und deren Verarbeitung,Berichtigung unrichtiger personenbezogener Daten,L\u00f6schung Ihrer bei uns gespeicherten Daten,Einschr\u00e4nkung der Datenverarbeitung, sofern wir Ihre Daten aufgrund gesetzlicher Pflichten [&hellip;]","og_url":"https:\/\/rc-hall.com\/fr\/datenschutzerklaerung\/","og_site_name":"RC Hall","article_modified_time":"2024-02-04T01:12:38+00:00","twitter_card":"summary_large_image","twitter_misc":{"Dur\u00e9e de lecture estim\u00e9e":"8 minutes"},"schema":{"@context":"https:\/\/schema.org","@graph":[{"@type":"WebPage","@id":"https:\/\/rc-hall.com\/datenschutzerklaerung\/","url":"https:\/\/rc-hall.com\/datenschutzerklaerung\/","name":"Datenschutzerkl\u00e4rung - RC Hall","isPartOf":{"@id":"https:\/\/rc-hall.com\/#website"},"datePublished":"2020-10-22T22:32:54+00:00","dateModified":"2024-02-04T01:12:38+00:00","breadcrumb":{"@id":"https:\/\/rc-hall.com\/datenschutzerklaerung\/#breadcrumb"},"inLanguage":"fr-FR","potentialAction":[{"@type":"ReadAction","target":["https:\/\/rc-hall.com\/datenschutzerklaerung\/"]}]},{"@type":"BreadcrumbList","@id":"https:\/\/rc-hall.com\/datenschutzerklaerung\/#breadcrumb","itemListElement":[{"@type":"ListItem","position":1,"name":"Startseite","item":"https:\/\/rc-hall.com\/"},{"@type":"ListItem","position":2,"name":"Datenschutzerkl\u00e4rung"}]},{"@type":"WebSite","@id":"https:\/\/rc-hall.com\/#website","url":"https:\/\/rc-hall.com\/","name":"RC Hall","description":"Der Begleiter f\u00fcr das schnelle Hobby auf vier R\u00e4dern!","potentialAction":[{"@type":"SearchAction","target":{"@type":"EntryPoint","urlTemplate":"https:\/\/rc-hall.com\/?s={search_term_string}"},"query-input":{"@type":"PropertyValueSpecification","valueRequired":true,"valueName":"search_term_string"}}],"inLanguage":"fr-FR"}]}},"_links":{"self":[{"href":"https:\/\/rc-hall.com\/fr\/wp-json\/wp\/v2\/pages\/1350","targetHints":{"allow":["GET"]}}],"collection":[{"href":"https:\/\/rc-hall.com\/fr\/wp-json\/wp\/v2\/pages"}],"about":[{"href":"https:\/\/rc-hall.com\/fr\/wp-json\/wp\/v2\/types\/page"}],"author":[{"embeddable":true,"href":"https:\/\/rc-hall.com\/fr\/wp-json\/wp\/v2\/users\/1"}],"replies":[{"embeddable":true,"href":"https:\/\/rc-hall.com\/fr\/wp-json\/wp\/v2\/comments?post=1350"}],"version-history":[{"count":0,"href":"https:\/\/rc-hall.com\/fr\/wp-json\/wp\/v2\/pages\/1350\/revisions"}],"wp:attachment":[{"href":"https:\/\/rc-hall.com\/fr\/wp-json\/wp\/v2\/media?parent=1350"}],"curies":[{"name":"wp","href":"https:\/\/api.w.org\/{rel}","templated":true}]}}