{"id":1336,"date":"2020-10-22T20:41:49","date_gmt":"2020-10-22T20:41:49","guid":{"rendered":"https:\/\/rc-hall.com\/?page_id=1336"},"modified":"2024-12-16T21:46:01","modified_gmt":"2024-12-16T21:46:01","slug":"impressum","status":"publish","type":"page","link":"https:\/\/rc-hall.com\/fr\/impressum\/","title":{"rendered":"Mentions l\u00e9gales"},"content":{"rendered":"<div data-elementor-type=\"wp-page\" data-elementor-id=\"1336\" class=\"elementor elementor-1336\" data-elementor-post-type=\"page\">\n\t\t\t\t\t\t<section class=\"elementor-section elementor-top-section elementor-element elementor-element-64cae3b elementor-section-boxed elementor-section-height-default elementor-section-height-default\" data-id=\"64cae3b\" data-element_type=\"section\">\n\t\t\t\t\t\t<div class=\"elementor-container elementor-column-gap-default\">\n\t\t\t\t\t<div class=\"elementor-column elementor-col-66 elementor-top-column elementor-element elementor-element-29c17b7\" data-id=\"29c17b7\" data-element_type=\"column\">\n\t\t\t<div class=\"elementor-widget-wrap elementor-element-populated\">\n\t\t\t\t\t\t<div class=\"elementor-element elementor-element-935f6f6 elementor-widget elementor-widget-heading\" data-id=\"935f6f6\" data-element_type=\"widget\" data-widget_type=\"heading.default\">\n\t\t\t\t<div class=\"elementor-widget-container\">\n\t\t\t\t\t<h2 class=\"elementor-heading-title elementor-size-default\">Mentions l\u00e9gales<\/h2>\t\t\t\t<\/div>\n\t\t\t\t<\/div>\n\t\t\t\t<div class=\"elementor-element elementor-element-39e934e elementor-widget elementor-widget-text-editor\" data-id=\"39e934e\" data-element_type=\"widget\" data-widget_type=\"text-editor.default\">\n\t\t\t\t<div class=\"elementor-widget-container\">\n\t\t\t\t\t\t\t\t\t<p><strong>RC Hall<\/strong><br \/>Ekkehardstr. 3<br \/>12437 Berlin (Germany)<\/p><p>Inhaber: R. Remus<\/p><p>Telefon: +49176\/46642135<br \/>E-Mail: info(at)rc-hall.com<\/p><p><strong>Informations l\u00e9gales<\/strong><\/p><p><strong>\u00a7 1 Avertissement le Contenu<\/strong><br \/>Gratuit et libre d&#039;acc\u00e8s, les Contenus de ce Site web ont \u00e9t\u00e9 con\u00e7us avec le plus grand Soin. Le Fournisseur de ce Site n&#039;assume aucune Responsabilit\u00e9 pour l&#039;Exactitude et l&#039;Actualit\u00e9 des informations mises gratuit et libre d&#039;acc\u00e8s, journalistique, de Conseiller et de Messages. Contributions expriment l&#039;Opinion de leurs auteurs et pas n\u00e9cessairement l&#039;Opinion de l&#039;\u00e9diteur. Le seul Appel de la gratuit et libre d&#039;acc\u00e8s, le Contenu est pas de relation Contractuelle entre l&#039;Utilisateur et le Fournisseur, dans la mesure o\u00f9 il ne suffit pas Rechtsbindungswillen du Fournisseur.<\/p><p><strong>\u00a7 2 Liens Externes<\/strong><br \/>Ce Site web contient des Liens vers des Sites web de Tiers (&#034;Liens externes&#034;). Ces Sites sont sous la Responsabilit\u00e9 de l&#039;Exploitant. Le Fournisseur a la premi\u00e8re connexion pour les Contenus des Liens externes pour v\u00e9rifier si des Violations du droit. Pour le Moment, aucune infraction n&#039;a \u00e9t\u00e9 constat\u00e9e. Le Fournisseur n&#039;a aucune Influence sur la Conception actuelle et future et sur les Contenus des Pages li\u00e9es. L&#039;insertion de Liens externes ne signifie pas que le Fournisseur derri\u00e8re la R\u00e9f\u00e9rence ou le Lien-jacente Approprie les Contenus. Un Contr\u00f4le permanent des Liens externes pour le Fournisseur, sans Indications concr\u00e8tes sur les Violations de la loi. La prise de Connaissance de Violations des droits, les Liens externes concern\u00e9s seront imm\u00e9diatement supprim\u00e9s.<\/p><p><strong>\u00a7 3 droit d&#039;Auteur et les droits voisins<\/strong><br \/>Les Contenus publi\u00e9s sur ce Site sont soumis au droit allemand de la propri\u00e9t\u00e9 intellectuelle. En outre l&#039;Auteur et la propri\u00e9t\u00e9 intellectuelle Exploitation non autoris\u00e9e n\u00e9cessite le Consentement pr\u00e9alable \u00e9crit du Fournisseur ou de leurs d\u00e9tenteurs respectifs. Cela vaut en particulier pour la Reproduction, le Traitement, la Traduction, le Stockage, le Traitement ou la Reproduction de Contenus dans des Bases de donn\u00e9es ou autres M\u00e9dias et Syst\u00e8mes \u00e9lectroniques. Le contenu et les Droits de Tiers sont marqu\u00e9s comme tels. La Reproduction ou distribution non autoris\u00e9e de Contenus ou de Pages compl\u00e8tes est interdite et passible de poursuites. Seule la Production de Copies et de T\u00e9l\u00e9chargements pour le personnel, priv\u00e9 et non commercial est autoris\u00e9e.<\/p><p><em><strong>La Pr\u00e9sentation de ce Site dans un cadre \u00e9tranger est soumise \u00e0 Autorisation \u00e9crite.<\/strong><\/em><\/p><p><strong>\u00a7 4 Des Conditions Particuli\u00e8res D&#039;Utilisation<\/strong><br \/>Sauf Conditions particuli\u00e8res pour certaines Utilisations de ce Site des pr\u00e9c\u00e9dents Paragraphes, d\u00e9roger, \u00e0 la Place appropri\u00e9e, comme indiqu\u00e9. Dans ce Cas, pour chaque Cas, les Conditions particuli\u00e8res d&#039;utilisation.<\/p>\t\t\t\t\t\t\t\t<\/div>\n\t\t\t\t<\/div>\n\t\t\t\t\t<\/div>\n\t\t<\/div>\n\t\t\t\t<div class=\"elementor-column elementor-col-33 elementor-top-column elementor-element elementor-element-e5cb679\" data-id=\"e5cb679\" data-element_type=\"column\">\n\t\t\t<div class=\"elementor-widget-wrap\">\n\t\t\t\t\t\t\t<\/div>\n\t\t<\/div>\n\t\t\t\t\t<\/div>\n\t\t<\/section>\n\t\t\t\t<\/div>","protected":false},"excerpt":{"rendered":"<p>Impressum RC HallEkkehardstr. 312437 Berlin (Germany) Inhaber: R. Remus Telefon: +49176\/46642135E-Mail: info(at)rc-hall.com Disclaimer \u2013 rechtliche Hinweise \u00a7 1 Warnhinweis zu InhaltenDie kostenlosen und frei zug\u00e4nglichen Inhalte dieser Webseite wurden mit gr\u00f6\u00dftm\u00f6glicher Sorgfalt erstellt. Der Anbieter dieser Webseite \u00fcbernimmt jedoch keine Gew\u00e4hr f\u00fcr die Richtigkeit und Aktualit\u00e4t der bereitgestellten kostenlosen und frei zug\u00e4nglichen journalistischen Ratgeber und [&hellip;]<\/p>","protected":false},"author":1,"featured_media":0,"parent":0,"menu_order":0,"comment_status":"closed","ping_status":"closed","template":"","meta":{"footnotes":""},"class_list":["post-1336","page","type-page","status-publish","hentry"],"yoast_head":"<!-- This site is optimized with the Yoast SEO Premium plugin v21.3 (Yoast SEO v25.9) - https:\/\/yoast.com\/wordpress\/plugins\/seo\/ -->\n<title>Impressum - RC Hall<\/title>\n<meta name=\"robots\" content=\"index, follow, max-snippet:-1, max-image-preview:large, max-video-preview:-1\" \/>\n<link rel=\"canonical\" href=\"https:\/\/rc-hall.com\/fr\/impressum\/\" \/>\n<meta property=\"og:locale\" content=\"fr_FR\" \/>\n<meta property=\"og:type\" content=\"article\" \/>\n<meta property=\"og:title\" content=\"Impressum\" \/>\n<meta property=\"og:description\" content=\"Impressum RC HallEkkehardstr. 312437 Berlin (Germany) Inhaber: R. Remus Telefon: +49176\/46642135E-Mail: info(at)rc-hall.com Disclaimer \u2013 rechtliche Hinweise \u00a7 1 Warnhinweis zu InhaltenDie kostenlosen und frei zug\u00e4nglichen Inhalte dieser Webseite wurden mit gr\u00f6\u00dftm\u00f6glicher Sorgfalt erstellt. Der Anbieter dieser Webseite \u00fcbernimmt jedoch keine Gew\u00e4hr f\u00fcr die Richtigkeit und Aktualit\u00e4t der bereitgestellten kostenlosen und frei zug\u00e4nglichen journalistischen Ratgeber und [&hellip;]\" \/>\n<meta property=\"og:url\" content=\"https:\/\/rc-hall.com\/fr\/impressum\/\" \/>\n<meta property=\"og:site_name\" content=\"RC Hall\" \/>\n<meta property=\"article:modified_time\" content=\"2024-12-16T21:46:01+00:00\" \/>\n<meta name=\"twitter:card\" content=\"summary_large_image\" \/>\n<meta name=\"twitter:label1\" content=\"Dur\u00e9e de lecture estim\u00e9e\" \/>\n\t<meta name=\"twitter:data1\" content=\"3 minutes\" \/>\n<script type=\"application\/ld+json\" class=\"yoast-schema-graph\">{\"@context\":\"https:\/\/schema.org\",\"@graph\":[{\"@type\":\"WebPage\",\"@id\":\"https:\/\/rc-hall.com\/impressum\/\",\"url\":\"https:\/\/rc-hall.com\/impressum\/\",\"name\":\"Impressum - RC Hall\",\"isPartOf\":{\"@id\":\"https:\/\/rc-hall.com\/#website\"},\"datePublished\":\"2020-10-22T20:41:49+00:00\",\"dateModified\":\"2024-12-16T21:46:01+00:00\",\"breadcrumb\":{\"@id\":\"https:\/\/rc-hall.com\/impressum\/#breadcrumb\"},\"inLanguage\":\"fr-FR\",\"potentialAction\":[{\"@type\":\"ReadAction\",\"target\":[\"https:\/\/rc-hall.com\/impressum\/\"]}]},{\"@type\":\"BreadcrumbList\",\"@id\":\"https:\/\/rc-hall.com\/impressum\/#breadcrumb\",\"itemListElement\":[{\"@type\":\"ListItem\",\"position\":1,\"name\":\"Startseite\",\"item\":\"https:\/\/rc-hall.com\/\"},{\"@type\":\"ListItem\",\"position\":2,\"name\":\"Impressum\"}]},{\"@type\":\"WebSite\",\"@id\":\"https:\/\/rc-hall.com\/#website\",\"url\":\"https:\/\/rc-hall.com\/\",\"name\":\"RC Hall\",\"description\":\"Der Begleiter f\u00fcr das schnelle Hobby auf vier R\u00e4dern!\",\"potentialAction\":[{\"@type\":\"SearchAction\",\"target\":{\"@type\":\"EntryPoint\",\"urlTemplate\":\"https:\/\/rc-hall.com\/?s={search_term_string}\"},\"query-input\":{\"@type\":\"PropertyValueSpecification\",\"valueRequired\":true,\"valueName\":\"search_term_string\"}}],\"inLanguage\":\"fr-FR\"}]}<\/script>\n<!-- \/ Yoast SEO Premium plugin. -->","yoast_head_json":{"title":"Impressum - RC Hall","robots":{"index":"index","follow":"follow","max-snippet":"max-snippet:-1","max-image-preview":"max-image-preview:large","max-video-preview":"max-video-preview:-1"},"canonical":"https:\/\/rc-hall.com\/fr\/impressum\/","og_locale":"fr_FR","og_type":"article","og_title":"Impressum","og_description":"Impressum RC HallEkkehardstr. 312437 Berlin (Germany) Inhaber: R. Remus Telefon: +49176\/46642135E-Mail: info(at)rc-hall.com Disclaimer \u2013 rechtliche Hinweise \u00a7 1 Warnhinweis zu InhaltenDie kostenlosen und frei zug\u00e4nglichen Inhalte dieser Webseite wurden mit gr\u00f6\u00dftm\u00f6glicher Sorgfalt erstellt. Der Anbieter dieser Webseite \u00fcbernimmt jedoch keine Gew\u00e4hr f\u00fcr die Richtigkeit und Aktualit\u00e4t der bereitgestellten kostenlosen und frei zug\u00e4nglichen journalistischen Ratgeber und [&hellip;]","og_url":"https:\/\/rc-hall.com\/fr\/impressum\/","og_site_name":"RC Hall","article_modified_time":"2024-12-16T21:46:01+00:00","twitter_card":"summary_large_image","twitter_misc":{"Dur\u00e9e de lecture estim\u00e9e":"3 minutes"},"schema":{"@context":"https:\/\/schema.org","@graph":[{"@type":"WebPage","@id":"https:\/\/rc-hall.com\/impressum\/","url":"https:\/\/rc-hall.com\/impressum\/","name":"Impressum - RC Hall","isPartOf":{"@id":"https:\/\/rc-hall.com\/#website"},"datePublished":"2020-10-22T20:41:49+00:00","dateModified":"2024-12-16T21:46:01+00:00","breadcrumb":{"@id":"https:\/\/rc-hall.com\/impressum\/#breadcrumb"},"inLanguage":"fr-FR","potentialAction":[{"@type":"ReadAction","target":["https:\/\/rc-hall.com\/impressum\/"]}]},{"@type":"BreadcrumbList","@id":"https:\/\/rc-hall.com\/impressum\/#breadcrumb","itemListElement":[{"@type":"ListItem","position":1,"name":"Startseite","item":"https:\/\/rc-hall.com\/"},{"@type":"ListItem","position":2,"name":"Impressum"}]},{"@type":"WebSite","@id":"https:\/\/rc-hall.com\/#website","url":"https:\/\/rc-hall.com\/","name":"RC Hall","description":"Der Begleiter f\u00fcr das schnelle Hobby auf vier R\u00e4dern!","potentialAction":[{"@type":"SearchAction","target":{"@type":"EntryPoint","urlTemplate":"https:\/\/rc-hall.com\/?s={search_term_string}"},"query-input":{"@type":"PropertyValueSpecification","valueRequired":true,"valueName":"search_term_string"}}],"inLanguage":"fr-FR"}]}},"_links":{"self":[{"href":"https:\/\/rc-hall.com\/fr\/wp-json\/wp\/v2\/pages\/1336","targetHints":{"allow":["GET"]}}],"collection":[{"href":"https:\/\/rc-hall.com\/fr\/wp-json\/wp\/v2\/pages"}],"about":[{"href":"https:\/\/rc-hall.com\/fr\/wp-json\/wp\/v2\/types\/page"}],"author":[{"embeddable":true,"href":"https:\/\/rc-hall.com\/fr\/wp-json\/wp\/v2\/users\/1"}],"replies":[{"embeddable":true,"href":"https:\/\/rc-hall.com\/fr\/wp-json\/wp\/v2\/comments?post=1336"}],"version-history":[{"count":0,"href":"https:\/\/rc-hall.com\/fr\/wp-json\/wp\/v2\/pages\/1336\/revisions"}],"wp:attachment":[{"href":"https:\/\/rc-hall.com\/fr\/wp-json\/wp\/v2\/media?parent=1336"}],"curies":[{"name":"wp","href":"https:\/\/api.w.org\/{rel}","templated":true}]}}