{"id":1359,"date":"2020-10-26T22:45:19","date_gmt":"2020-10-26T22:45:19","guid":{"rendered":"https:\/\/rc-hall.com\/?page_id=1359"},"modified":"2024-02-04T01:10:52","modified_gmt":"2024-02-04T01:10:52","slug":"ueber-uns","status":"publish","type":"page","link":"https:\/\/rc-hall.com\/es\/ueber-uns\/","title":{"rendered":"Acerca de nosotros"},"content":{"rendered":"<div data-elementor-type=\"wp-page\" data-elementor-id=\"1359\" class=\"elementor elementor-1359\" data-elementor-post-type=\"page\">\n\t\t\t\t\t\t<section class=\"elementor-section elementor-top-section elementor-element elementor-element-99a163c elementor-section-boxed elementor-section-height-default elementor-section-height-default\" data-id=\"99a163c\" data-element_type=\"section\">\n\t\t\t\t\t\t<div class=\"elementor-container elementor-column-gap-default\">\n\t\t\t\t\t<div class=\"elementor-column elementor-col-66 elementor-top-column elementor-element elementor-element-2acb068\" data-id=\"2acb068\" data-element_type=\"column\">\n\t\t\t<div class=\"elementor-widget-wrap elementor-element-populated\">\n\t\t\t\t\t\t<div class=\"elementor-element elementor-element-45e9283 elementor-widget elementor-widget-heading\" data-id=\"45e9283\" data-element_type=\"widget\" data-widget_type=\"heading.default\">\n\t\t\t\t<div class=\"elementor-widget-container\">\n\t\t\t\t\t<h2 class=\"elementor-heading-title elementor-size-default\">Acerca De Nosotros<\/h2>\t\t\t\t<\/div>\n\t\t\t\t<\/div>\n\t\t\t\t<div class=\"elementor-element elementor-element-8dd3557 elementor-widget elementor-widget-text-editor\" data-id=\"8dd3557\" data-element_type=\"widget\" data-widget_type=\"text-editor.default\">\n\t\t\t\t<div class=\"elementor-widget-container\">\n\t\t\t\t\t\t\t\t\t<div dir=\"auto\"><p>Bienvenido a la Sala RC \u2013 su punto de contacto para obtener informaci\u00f3n completa acerca de los Coches de RC! Nuestra plataforma fue creada para los entusiastas de la RC para proporcionar una fuente Central de informaci\u00f3n, que le permite ser plenamente informados de los Coches de RC. Somos conscientes de las necesidades de la RC Coche de la comunidad y han llamado RC Hall a la vida, porque no es comparable plataforma, que abarca todos los aspectos del Coche RC hobby.<\/p><p>Estamos orgullosos de ser un grupo apasionado de Coche RC Fans que se han unido para cerrar la brecha en la disponibilidad de la Informaci\u00f3n. Frustrado por la limitada oportunidad de comparar diferentes Coches de RC y para determinar la velocidad de un coche con el motor integrado en la electr\u00f3nica, exactamente, hemos querido crear una soluci\u00f3n. RC Hall, usted encontrar\u00e1 no s\u00f3lo las comparaciones detalladas entre los diferentes Coches de RC, sino tambi\u00e9n informaci\u00f3n precisa acerca de la rapidez de cada modelo bajo diferentes condiciones.<\/p><p>Nuestra Misi\u00f3n es hacer el mundo de los Coches de RC m\u00e1s transparente y accesible. Tanto si eres un Entusiasta, un experimentado RC o un novato en el mundo de veh\u00edculo a control remoto, en el caso de RC Hall encontrar\u00e1 amplia informaci\u00f3n, consejos y asesoramiento para optimizar tu Coche RC experiencia. Sum\u00e9rgete en el fascinante mundo de los Coches de RC y descubrir por qu\u00e9 RC Hall es el primer punto de contacto para todos los de tu Coche RC necesidades!<\/p><\/div>\t\t\t\t\t\t\t\t<\/div>\n\t\t\t\t<\/div>\n\t\t\t\t\t<\/div>\n\t\t<\/div>\n\t\t\t\t<div class=\"elementor-column elementor-col-33 elementor-top-column elementor-element elementor-element-2e4bf2d\" data-id=\"2e4bf2d\" data-element_type=\"column\">\n\t\t\t<div class=\"elementor-widget-wrap\">\n\t\t\t\t\t\t\t<\/div>\n\t\t<\/div>\n\t\t\t\t\t<\/div>\n\t\t<\/section>\n\t\t\t\t<\/div>","protected":false},"excerpt":{"rendered":"<p>\u00dcber Uns Willkommen bei RC Hall &#8211; deiner Anlaufstelle f\u00fcr umfassende Informationen rund um RC Cars! Unsere Plattform wurde gegr\u00fcndet, um RC Enthusiasten eine zentrale Informationsquelle zu bieten, die es erm\u00f6glicht, sich vollumf\u00e4nglich \u00fcber RC Cars zu informieren. Wir verstehen die Bed\u00fcrfnisse der RC Car Gemeinschaft und haben RC Hall ins Leben gerufen, weil es [&hellip;]<\/p>","protected":false},"author":1,"featured_media":0,"parent":0,"menu_order":0,"comment_status":"closed","ping_status":"closed","template":"","meta":{"footnotes":""},"class_list":["post-1359","page","type-page","status-publish","hentry"],"yoast_head":"<!-- This site is optimized with the Yoast SEO Premium plugin v21.3 (Yoast SEO v25.9) - https:\/\/yoast.com\/wordpress\/plugins\/seo\/ -->\n<title>\u00dcber uns - RC Hall<\/title>\n<meta name=\"robots\" content=\"index, follow, max-snippet:-1, max-image-preview:large, max-video-preview:-1\" \/>\n<link rel=\"canonical\" href=\"https:\/\/rc-hall.com\/es\/ueber-uns\/\" \/>\n<meta property=\"og:locale\" content=\"es_ES\" \/>\n<meta property=\"og:type\" content=\"article\" \/>\n<meta property=\"og:title\" content=\"\u00dcber uns\" \/>\n<meta property=\"og:description\" content=\"\u00dcber Uns Willkommen bei RC Hall &#8211; deiner Anlaufstelle f\u00fcr umfassende Informationen rund um RC Cars! Unsere Plattform wurde gegr\u00fcndet, um RC Enthusiasten eine zentrale Informationsquelle zu bieten, die es erm\u00f6glicht, sich vollumf\u00e4nglich \u00fcber RC Cars zu informieren. Wir verstehen die Bed\u00fcrfnisse der RC Car Gemeinschaft und haben RC Hall ins Leben gerufen, weil es [&hellip;]\" \/>\n<meta property=\"og:url\" content=\"https:\/\/rc-hall.com\/es\/ueber-uns\/\" \/>\n<meta property=\"og:site_name\" content=\"RC Hall\" \/>\n<meta property=\"article:modified_time\" content=\"2024-02-04T01:10:52+00:00\" \/>\n<meta name=\"twitter:card\" content=\"summary_large_image\" \/>\n<meta name=\"twitter:label1\" content=\"Tiempo de lectura\" \/>\n\t<meta name=\"twitter:data1\" content=\"2 minutos\" \/>\n<script type=\"application\/ld+json\" class=\"yoast-schema-graph\">{\"@context\":\"https:\/\/schema.org\",\"@graph\":[{\"@type\":\"WebPage\",\"@id\":\"https:\/\/rc-hall.com\/ueber-uns\/\",\"url\":\"https:\/\/rc-hall.com\/ueber-uns\/\",\"name\":\"\u00dcber uns - RC Hall\",\"isPartOf\":{\"@id\":\"https:\/\/rc-hall.com\/#website\"},\"datePublished\":\"2020-10-26T22:45:19+00:00\",\"dateModified\":\"2024-02-04T01:10:52+00:00\",\"breadcrumb\":{\"@id\":\"https:\/\/rc-hall.com\/ueber-uns\/#breadcrumb\"},\"inLanguage\":\"es\",\"potentialAction\":[{\"@type\":\"ReadAction\",\"target\":[\"https:\/\/rc-hall.com\/ueber-uns\/\"]}]},{\"@type\":\"BreadcrumbList\",\"@id\":\"https:\/\/rc-hall.com\/ueber-uns\/#breadcrumb\",\"itemListElement\":[{\"@type\":\"ListItem\",\"position\":1,\"name\":\"Startseite\",\"item\":\"https:\/\/rc-hall.com\/\"},{\"@type\":\"ListItem\",\"position\":2,\"name\":\"\u00dcber uns\"}]},{\"@type\":\"WebSite\",\"@id\":\"https:\/\/rc-hall.com\/#website\",\"url\":\"https:\/\/rc-hall.com\/\",\"name\":\"RC Hall\",\"description\":\"Der Begleiter f\u00fcr das schnelle Hobby auf vier R\u00e4dern!\",\"potentialAction\":[{\"@type\":\"SearchAction\",\"target\":{\"@type\":\"EntryPoint\",\"urlTemplate\":\"https:\/\/rc-hall.com\/?s={search_term_string}\"},\"query-input\":{\"@type\":\"PropertyValueSpecification\",\"valueRequired\":true,\"valueName\":\"search_term_string\"}}],\"inLanguage\":\"es\"}]}<\/script>\n<!-- \/ Yoast SEO Premium plugin. -->","yoast_head_json":{"title":"\u00dcber uns - RC Hall","robots":{"index":"index","follow":"follow","max-snippet":"max-snippet:-1","max-image-preview":"max-image-preview:large","max-video-preview":"max-video-preview:-1"},"canonical":"https:\/\/rc-hall.com\/es\/ueber-uns\/","og_locale":"es_ES","og_type":"article","og_title":"\u00dcber uns","og_description":"\u00dcber Uns Willkommen bei RC Hall &#8211; deiner Anlaufstelle f\u00fcr umfassende Informationen rund um RC Cars! Unsere Plattform wurde gegr\u00fcndet, um RC Enthusiasten eine zentrale Informationsquelle zu bieten, die es erm\u00f6glicht, sich vollumf\u00e4nglich \u00fcber RC Cars zu informieren. Wir verstehen die Bed\u00fcrfnisse der RC Car Gemeinschaft und haben RC Hall ins Leben gerufen, weil es [&hellip;]","og_url":"https:\/\/rc-hall.com\/es\/ueber-uns\/","og_site_name":"RC Hall","article_modified_time":"2024-02-04T01:10:52+00:00","twitter_card":"summary_large_image","twitter_misc":{"Tiempo de lectura":"2 minutos"},"schema":{"@context":"https:\/\/schema.org","@graph":[{"@type":"WebPage","@id":"https:\/\/rc-hall.com\/ueber-uns\/","url":"https:\/\/rc-hall.com\/ueber-uns\/","name":"\u00dcber uns - RC Hall","isPartOf":{"@id":"https:\/\/rc-hall.com\/#website"},"datePublished":"2020-10-26T22:45:19+00:00","dateModified":"2024-02-04T01:10:52+00:00","breadcrumb":{"@id":"https:\/\/rc-hall.com\/ueber-uns\/#breadcrumb"},"inLanguage":"es","potentialAction":[{"@type":"ReadAction","target":["https:\/\/rc-hall.com\/ueber-uns\/"]}]},{"@type":"BreadcrumbList","@id":"https:\/\/rc-hall.com\/ueber-uns\/#breadcrumb","itemListElement":[{"@type":"ListItem","position":1,"name":"Startseite","item":"https:\/\/rc-hall.com\/"},{"@type":"ListItem","position":2,"name":"\u00dcber uns"}]},{"@type":"WebSite","@id":"https:\/\/rc-hall.com\/#website","url":"https:\/\/rc-hall.com\/","name":"RC Hall","description":"Der Begleiter f\u00fcr das schnelle Hobby auf vier R\u00e4dern!","potentialAction":[{"@type":"SearchAction","target":{"@type":"EntryPoint","urlTemplate":"https:\/\/rc-hall.com\/?s={search_term_string}"},"query-input":{"@type":"PropertyValueSpecification","valueRequired":true,"valueName":"search_term_string"}}],"inLanguage":"es"}]}},"_links":{"self":[{"href":"https:\/\/rc-hall.com\/es\/wp-json\/wp\/v2\/pages\/1359","targetHints":{"allow":["GET"]}}],"collection":[{"href":"https:\/\/rc-hall.com\/es\/wp-json\/wp\/v2\/pages"}],"about":[{"href":"https:\/\/rc-hall.com\/es\/wp-json\/wp\/v2\/types\/page"}],"author":[{"embeddable":true,"href":"https:\/\/rc-hall.com\/es\/wp-json\/wp\/v2\/users\/1"}],"replies":[{"embeddable":true,"href":"https:\/\/rc-hall.com\/es\/wp-json\/wp\/v2\/comments?post=1359"}],"version-history":[{"count":0,"href":"https:\/\/rc-hall.com\/es\/wp-json\/wp\/v2\/pages\/1359\/revisions"}],"wp:attachment":[{"href":"https:\/\/rc-hall.com\/es\/wp-json\/wp\/v2\/media?parent=1359"}],"curies":[{"name":"wp","href":"https:\/\/api.w.org\/{rel}","templated":true}]}}