{"id":1350,"date":"2020-10-22T22:32:54","date_gmt":"2020-10-22T22:32:54","guid":{"rendered":"https:\/\/rc-hall.com\/?page_id=1350"},"modified":"2024-02-04T01:12:38","modified_gmt":"2024-02-04T01:12:38","slug":"datenschutzerklaerung","status":"publish","type":"page","link":"https:\/\/rc-hall.com\/es\/datenschutzerklaerung\/","title":{"rendered":"Pol\u00edtica de privacidad"},"content":{"rendered":"<div data-elementor-type=\"wp-page\" data-elementor-id=\"1350\" class=\"elementor elementor-1350\" data-elementor-post-type=\"page\">\n\t\t\t\t\t\t<section class=\"elementor-section elementor-top-section elementor-element elementor-element-3a6025f elementor-section-boxed elementor-section-height-default elementor-section-height-default\" data-id=\"3a6025f\" data-element_type=\"section\">\n\t\t\t\t\t\t<div class=\"elementor-container elementor-column-gap-default\">\n\t\t\t\t\t<div class=\"elementor-column elementor-col-66 elementor-top-column elementor-element elementor-element-fd6f3b7\" data-id=\"fd6f3b7\" data-element_type=\"column\">\n\t\t\t<div class=\"elementor-widget-wrap elementor-element-populated\">\n\t\t\t\t\t\t<div class=\"elementor-element elementor-element-e57a9af elementor-widget elementor-widget-heading\" data-id=\"e57a9af\" data-element_type=\"widget\" data-widget_type=\"heading.default\">\n\t\t\t\t<div class=\"elementor-widget-container\">\n\t\t\t\t\t<h2 class=\"elementor-heading-title elementor-size-default\">Pol\u00edtica de privacidad<\/h2>\t\t\t\t<\/div>\n\t\t\t\t<\/div>\n\t\t\t\t<div class=\"elementor-element elementor-element-857f2d6 elementor-widget elementor-widget-text-editor\" data-id=\"857f2d6\" data-element_type=\"widget\" data-widget_type=\"text-editor.default\">\n\t\t\t\t<div class=\"elementor-widget-container\">\n\t\t\t\t\t\t\t\t\t<p>El \u00f3rgano responsable, en el sentido de las leyes de protecci\u00f3n de datos, en particular con la uni\u00f3n europea de protecci\u00f3n de datos reglamento de base (DSGVO), es:<\/p><p>R. Remus<\/p><p><br \/>Sus Derechos Afectados<\/p><p>Bajo el especificado los detalles de contacto de nuestra protecci\u00f3n de datos, podr\u00e1 ejercer oficial en cualquier momento, los derechos siguientes:<\/p><p>Informaci\u00f3n sobre sus datos almacenados, as\u00ed como su procesamiento,<br \/>Correcci\u00f3n de datos personales incorrectos,<br \/>La supresi\u00f3n de sus datos almacenados,<br \/>Restricci\u00f3n de procesamiento de datos si no se nos permite eliminar sus datos debido a obligaciones legales,<br \/>Oposici\u00f3n al tratamiento de sus datos con nosotros y<br \/>Datos de la transferibilidad si usted ha dado su consentimiento para el procesamiento de datos o tienen un contrato con nosotros ha sido completado.<\/p><p>Si usted nos haya otorgado el consentimiento, usted puede retirar en cualquier momento con efecto para el futuro.<\/p><p>Sie k\u00f6nnen sich jederzeit mit einer Beschwerde an die f\u00fcr Sie zust\u00e4ndige Aufsichtsbeh\u00f6rde wenden. Ihre zust\u00e4ndige Aufsichtsbeh\u00f6rde richtet sich nach dem Bundesland Ihres Wohnsitzes, Ihrer Arbeit oder der mutma\u00dflichen Verletzung. Eine Liste der Aufsichtsbeh\u00f6rden (f\u00fcr den nicht\u00f6ffentlichen Bereich) mit Anschrift finden Sie unter: https:\/\/www.bfdi.bund.de\/DE\/Infothek\/Anschriften_Links\/anschriften_links-node.html.<br \/>Los fines del tratamiento de los datos por el encargado del cuerpo y de terceros<\/p><p>S\u00f3lo procesaremos sus datos personales en esta declaraci\u00f3n de privacidad de las finalidades mencionadas. Una Transferencia de sus datos personales a un tercero distinto a los fines mencionados, no tendr\u00e1 lugar. Podemos compartir sus datos personales s\u00f3lo a terceros si:<\/p><p>Usted ha dado su permiso Expreso para hacerlo,<br \/>la tramitaci\u00f3n para la ejecuci\u00f3n de un contrato con usted, es necesario<br \/>el procesamiento para el cumplimiento de una obligaci\u00f3n jur\u00eddica es necesaria<\/p><p>el tratamiento para la salvaguardia de los intereses leg\u00edtimos y no hay ninguna raz\u00f3n para creer que usted tiene un inter\u00e9s primordial digno de protecci\u00f3n en la no divulgaci\u00f3n de sus datos.<br \/>Recopilaci\u00f3n de informaci\u00f3n General al visitar nuestro sitio Web<\/p><p>Cuando usted accede a nuestro sitio Web, ser\u00e1n recogidos de forma autom\u00e1tica por medio de una cookie, la informaci\u00f3n es de naturaleza General. Esta informaci\u00f3n (archivos de registro del Servidor) incluye el tipo de navegador, el sistema operativo utilizado, el nombre de dominio de su Proveedor de Servicios de Internet y similares. Se trata exclusivamente de la informaci\u00f3n que no permite extraer conclusiones acerca de su Persona.<\/p><p>Esta informaci\u00f3n es t\u00e9cnicamente necesario en orden al contenido que usted haya solicitado p\u00e1ginas web se muestra correctamente, y la ca\u00edda en el uso de la Internet es obligatorio. Usted ser\u00e1 especialmente tratados para los siguientes prop\u00f3sitos:<\/p><p>Un problema de conexi\u00f3n de la p\u00e1gina Web<br \/>Garantizar una buena utilizaci\u00f3n de nuestro sitio Web,<br \/>Evaluaci\u00f3n de la seguridad del sistema y la estabilidad, as\u00ed como<br \/>para m\u00e1s fines administrativos.<\/p><p>El procesamiento de sus datos personales se basa en nuestros leg\u00edtimos intereses de los fines mencionados para la recolecci\u00f3n de datos. Utilizamos sus datos para sacar conclusiones acerca de su Persona. Los destinatarios de los datos son s\u00f3lo de los responsables del cuerpo y, si es necesario, el fin de los procesadores.<\/p><p>An\u00f3nimo informaci\u00f3n de este tipo es, posiblemente, de nosotros. evaluados estad\u00edsticamente con el fin de proporcionar a nuestro sitio web y optimizar la tecnolog\u00eda detr\u00e1s de ella.<br \/>La prestaci\u00f3n de los servicios de pago<\/p><p>Para la prestaci\u00f3n de los servicios de pago que se solicita datos adicionales, tales como la informaci\u00f3n de pago para procesar tu pedido. Almacenamos esta informaci\u00f3n en nuestros sistemas hasta que el legal per\u00edodos de retenci\u00f3n han caducado.<br \/>El cifrado SSL<\/p><p>Con el fin de proteger la seguridad de sus datos durante la Transmisi\u00f3n, se utiliza el estado-of-the-art procedimientos de codificaci\u00f3n (por ejemplo, SSL) a trav\u00e9s de HTTPS.<br \/>Bolet\u00edn de noticias<\/p><p>Sobre la base de su otorgado expresamente consentimiento, vamos a enviar regularmente nuestro Bolet\u00edn de noticias o informaci\u00f3n comparable por E-Mail a su direcci\u00f3n de Correo electr\u00f3nico especificada.<\/p><p>Para recibir el bolet\u00edn de noticias de la indicaci\u00f3n de su direcci\u00f3n de Correo electr\u00f3nico es suficiente. Cuando usted se suscribe a nuestro bolet\u00edn de noticias, los datos que usted proporcione ser\u00e1 utilizada exclusivamente para este prop\u00f3sito. Los suscriptores tambi\u00e9n pueden ser circunstancias informado por E-Mail, el servicio o en el registro de la informaci\u00f3n pertinente (por Ejemplo, Modificaciones en el bolet\u00edn de la oferta o de las condiciones t\u00e9cnicas).<\/p><p>Para un registro efectivo, necesitamos una direcci\u00f3n de Correo electr\u00f3nico v\u00e1lida. Para comprobar que un registro es en realidad hecha por el titular de la direcci\u00f3n de Correo electr\u00f3nico, usamos el &#034;Doble opt-in&#034;para el procedimiento. Para ello, hemos de registro de la orden de la newsletter, el env\u00edo de un correo de confirmaci\u00f3n y de la recepci\u00f3n de la respuesta requerida. Adem\u00e1s no se recopilan los datos. Los datos ser\u00e1n utilizados exclusivamente para el env\u00edo de la newsletter y no ser\u00e1n cedidos a terceros.<\/p><p>El consentimiento para el almacenamiento de sus datos de car\u00e1cter personal y su uso para el bolet\u00edn de noticias de env\u00edo puede ser revocado en cualquier momento. En cada Bolet\u00edn de noticias, un Enlace correspondiente para este. Tambi\u00e9n puede darse de baja en cualquier momento directamente en este sitio web o a nosotros, solicite a trav\u00e9s de la al final de este aviso de privacidad contacto especificado manera de decir.<br \/>Formulario de contacto<\/p><p>Puede ponerse en contacto con respecto a las preguntas de cualquier tipo por E-Mail o formulario de contacto para ponerse en contacto con nosotros, usted nos otorga para el prop\u00f3sito del contacto, su consentimiento voluntario. Para este prop\u00f3sito, la especificaci\u00f3n de una direcci\u00f3n de Correo electr\u00f3nico v\u00e1lida no es necesario. Esto sirve para la asignaci\u00f3n de la solicitud y la posterior aceptaci\u00f3n de la misma. La especificaci\u00f3n de nuevos datos es opcional. La informaci\u00f3n que usted proporcione ser\u00e1 almacenada para el prop\u00f3sito de la tramitaci\u00f3n de la solicitud y a las posibles preguntas de seguimiento. Despu\u00e9s de completar su pedido, sus datos personales ser\u00e1n eliminados autom\u00e1ticamente.<br \/>Uso de bibliotecas de secuencias de comandos (Google Webfonts)<\/p><p>Um unsere Inhalte browser\u00fcbergreifend korrekt und grafisch ansprechend darzustellen, verwenden wir auf dieser Website Scriptbibliotheken und Schriftbibliotheken wie z. B. Google Webfonts (https:\/\/www.google.com\/webfonts\/). Google Webfonts werden zur Vermeidung mehrfachen Ladens in den Cache Ihres Browsers \u00fcbertragen. Falls der Browser die Google Webfonts nicht unterst\u00fctzt oder den Zugriff unterbindet, werden Inhalte in einer Standardschrift angezeigt.<\/p><p>La llamada de bibliotecas de secuencias de comandos o la fuente de las bibliotecas activa autom\u00e1ticamente una conexi\u00f3n con el operador de la biblioteca. Es te\u00f3ricamente posible \u2013 en la actualidad tambi\u00e9n est\u00e1 claro si, y si es as\u00ed \u00bfpor qu\u00e9 fines \u2013 que los operadores correspondientes de las bibliotecas de la recopilaci\u00f3n de datos.<\/p><p>Die Datenschutzrichtlinie des Bibliothekbetreibers Google finden Sie hier: https:\/\/www.google.com\/policies\/privacy\/<br \/>Uso de Google Maps<\/p><p>Este sitio web utiliza la API de Google Maps para mostrar la informaci\u00f3n geogr\u00e1fica visualmente. En el caso de la utilizaci\u00f3n de Google Maps ser\u00e1 recopilada por Google es tambi\u00e9n datos sobre el uso de las funciones de los mapas por parte de los visitantes, procesados y utilizados. Para obtener m\u00e1s informaci\u00f3n sobre el procesamiento de datos por parte de Google, por favor consulte la pol\u00edtica de privacidad de Google. All\u00ed se puede cambiar en la protecci\u00f3n de datos centro es tambi\u00e9n su configuraci\u00f3n de privacidad.<\/p><p>Instrucciones detalladas para la gesti\u00f3n de sus propios datos en relaci\u00f3n con los productos de Google se puede encontrar aqu\u00ed.<br \/>Los V\u00eddeos De YouTube Incrustados<\/p><p>En algunos de nuestros sitios web, podemos incrustar V\u00eddeos de Youtube. El operador de la correspondiente Plugins es YouTube, LLC 901 Cherry Ave., San Bruno, CA 94066, estados UNIDOS. Si usted visita una p\u00e1gina con el Complemento de YouTube, se establece una conexi\u00f3n con los servidores de Youtube. En el proceso, Youtube va a ser informados de las p\u00e1ginas que usted visita. Si has iniciado sesi\u00f3n en tu Cuenta de Youtube, Youtube su comportamiento de navegaci\u00f3n para usted personalmente para asignar. Esto evitar\u00e1 que en la sesi\u00f3n en su Cuenta de Youtube.<\/p><p>Un Video de Youtube se inicia, el proveedor de Cookies, la informaci\u00f3n sobre el comportamiento del usuario.<\/p><p>Cualquier persona que haya desactivado el almacenamiento de &#034;Cookies&#034; por el Anuncio de Google de programa, usted tambi\u00e9n tendr\u00e1 que Ver Videos de Youtube sin este tipo de Cookies para esperar. Youtube no-lugares, pero tambi\u00e9n en otras Cookies a la informaci\u00f3n personal. Desea evitar esto, usted debe bloquear el almacenamiento de las Cookies en su Navegador.<\/p><p>Weitere Informationen zum Datenschutz bei \u201eYoutube\u201c finden Sie in der Datenschutzerkl\u00e4rung des Anbieters unter: https:\/\/www.google.de\/intl\/de\/policies\/privacy\/<br \/>Plugins Sociales<\/p><p>En nuestros sitios web Plugins Sociales de los proveedores que aparecen a continuaci\u00f3n se utilizan. Los plugins se puede ver que est\u00e1n marcados con el Logo correspondiente.<\/p><p>Estos Plugins pueden compartir informaci\u00f3n que puede ser, incluyendo datos de car\u00e1cter personal, para el operador del servicio de envi\u00f3 y, si es necesario, de este uso. Podemos prevenir el inconsciente y no deseados de la recolecci\u00f3n y Transmisi\u00f3n de datos para el proveedor de servicios a trav\u00e9s de una 2-haga clic en soluci\u00f3n. Para activar un deseada Social Plugin, primero debe ser activa pulsando la tecla correspondiente. S\u00f3lo a trav\u00e9s de la activaci\u00f3n del Complemento es la detecci\u00f3n de la informaci\u00f3n y su Transmisi\u00f3n al proveedor de servicios de bonificaci\u00f3n. No recopilamos datos personales por medio de Plugins Sociales o de su uso.<\/p><p>No tenemos ninguna influencia sobre lo que los datos activado un Plugin recopila y c\u00f3mo el proveedor para ser utilizado. En la actualidad, se debe suponer que una conexi\u00f3n directa a los servicios del proveedor, que ser\u00e1 ampliado y al menos la direcci\u00f3n IP y la informaci\u00f3n de dispositivos, y se utiliza. Tambi\u00e9n, la posibilidad de que el servicio de intentar guardar las Cookies en el equipo en uso. \u00bfCu\u00e1les son los datos concretos y c\u00f3mo se utiliza puede ser registrado, por favor consulte las pol\u00edticas de privacidad de los respectivos proveedor de servicios. Nota: Si ha iniciado sesi\u00f3n en el mismo tiempo, Facebook puede Facebook permite identificarle a usted como un visitante de una p\u00e1gina en particular.<\/p><p>Hemos incluido en nuestro sitio Web, los Botones de redes Sociales de las siguientes empresas:<br \/>Cambios a nuestra pol\u00edtica de privacidad<\/p><p>Nos reservamos el derecho a adaptar esta declaraci\u00f3n de privacidad, por lo que continuamente se cumple con los requisitos legales o Cambios en nuestros servicios en la Declaraci\u00f3n de protecci\u00f3n de datos, por ejemplo, cuando la introducci\u00f3n de nuevos Servicios. Para su pr\u00f3xima visita a la nueva declaraci\u00f3n de privacidad se aplica.<br \/>Preguntas al encargado de protecci\u00f3n de datos<\/p><p>Si usted tiene preguntas con respecto a la protecci\u00f3n de datos, por favor escr\u00edbanos un Correo electr\u00f3nico o ponerse en contacto directamente con la protecci\u00f3n de los datos de la Persona responsable en nuestra organizaci\u00f3n:<\/p><p>info@rc-hall.com<\/p>\t\t\t\t\t\t\t\t<\/div>\n\t\t\t\t<\/div>\n\t\t\t\t\t<\/div>\n\t\t<\/div>\n\t\t\t\t<div class=\"elementor-column elementor-col-33 elementor-top-column elementor-element elementor-element-c188bcb\" data-id=\"c188bcb\" data-element_type=\"column\">\n\t\t\t<div class=\"elementor-widget-wrap\">\n\t\t\t\t\t\t\t<\/div>\n\t\t<\/div>\n\t\t\t\t\t<\/div>\n\t\t<\/section>\n\t\t\t\t<\/div>","protected":false},"excerpt":{"rendered":"<p>Datenschutzerkl\u00e4rung Verantwortliche Stelle im Sinne der Datenschutzgesetze, insbesondere der EU-Datenschutzgrundverordnung (DSGVO), ist: R. Remus Ihre Betroffenenrechte Unter den angegebenen Kontaktdaten unseres Datenschutzbeauftragten k\u00f6nnen Sie jederzeit folgende Rechte aus\u00fcben: Auskunft \u00fcber Ihre bei uns gespeicherten Daten und deren Verarbeitung,Berichtigung unrichtiger personenbezogener Daten,L\u00f6schung Ihrer bei uns gespeicherten Daten,Einschr\u00e4nkung der Datenverarbeitung, sofern wir Ihre Daten aufgrund gesetzlicher Pflichten [&hellip;]<\/p>","protected":false},"author":1,"featured_media":0,"parent":0,"menu_order":0,"comment_status":"closed","ping_status":"closed","template":"","meta":{"footnotes":""},"class_list":["post-1350","page","type-page","status-publish","hentry"],"yoast_head":"<!-- This site is optimized with the Yoast SEO Premium plugin v21.3 (Yoast SEO v25.9) - https:\/\/yoast.com\/wordpress\/plugins\/seo\/ -->\n<title>Datenschutzerkl\u00e4rung - RC Hall<\/title>\n<meta name=\"robots\" content=\"index, follow, max-snippet:-1, max-image-preview:large, max-video-preview:-1\" \/>\n<link rel=\"canonical\" href=\"https:\/\/rc-hall.com\/es\/datenschutzerklaerung\/\" \/>\n<meta property=\"og:locale\" content=\"es_ES\" \/>\n<meta property=\"og:type\" content=\"article\" \/>\n<meta property=\"og:title\" content=\"Datenschutzerkl\u00e4rung\" \/>\n<meta property=\"og:description\" content=\"Datenschutzerkl\u00e4rung Verantwortliche Stelle im Sinne der Datenschutzgesetze, insbesondere der EU-Datenschutzgrundverordnung (DSGVO), ist: R. Remus Ihre Betroffenenrechte Unter den angegebenen Kontaktdaten unseres Datenschutzbeauftragten k\u00f6nnen Sie jederzeit folgende Rechte aus\u00fcben: Auskunft \u00fcber Ihre bei uns gespeicherten Daten und deren Verarbeitung,Berichtigung unrichtiger personenbezogener Daten,L\u00f6schung Ihrer bei uns gespeicherten Daten,Einschr\u00e4nkung der Datenverarbeitung, sofern wir Ihre Daten aufgrund gesetzlicher Pflichten [&hellip;]\" \/>\n<meta property=\"og:url\" content=\"https:\/\/rc-hall.com\/es\/datenschutzerklaerung\/\" \/>\n<meta property=\"og:site_name\" content=\"RC Hall\" \/>\n<meta property=\"article:modified_time\" content=\"2024-02-04T01:12:38+00:00\" \/>\n<meta name=\"twitter:card\" content=\"summary_large_image\" \/>\n<meta name=\"twitter:label1\" content=\"Tiempo de lectura\" \/>\n\t<meta name=\"twitter:data1\" content=\"8 minutos\" \/>\n<script type=\"application\/ld+json\" class=\"yoast-schema-graph\">{\"@context\":\"https:\/\/schema.org\",\"@graph\":[{\"@type\":\"WebPage\",\"@id\":\"https:\/\/rc-hall.com\/datenschutzerklaerung\/\",\"url\":\"https:\/\/rc-hall.com\/datenschutzerklaerung\/\",\"name\":\"Datenschutzerkl\u00e4rung - RC Hall\",\"isPartOf\":{\"@id\":\"https:\/\/rc-hall.com\/#website\"},\"datePublished\":\"2020-10-22T22:32:54+00:00\",\"dateModified\":\"2024-02-04T01:12:38+00:00\",\"breadcrumb\":{\"@id\":\"https:\/\/rc-hall.com\/datenschutzerklaerung\/#breadcrumb\"},\"inLanguage\":\"es\",\"potentialAction\":[{\"@type\":\"ReadAction\",\"target\":[\"https:\/\/rc-hall.com\/datenschutzerklaerung\/\"]}]},{\"@type\":\"BreadcrumbList\",\"@id\":\"https:\/\/rc-hall.com\/datenschutzerklaerung\/#breadcrumb\",\"itemListElement\":[{\"@type\":\"ListItem\",\"position\":1,\"name\":\"Startseite\",\"item\":\"https:\/\/rc-hall.com\/\"},{\"@type\":\"ListItem\",\"position\":2,\"name\":\"Datenschutzerkl\u00e4rung\"}]},{\"@type\":\"WebSite\",\"@id\":\"https:\/\/rc-hall.com\/#website\",\"url\":\"https:\/\/rc-hall.com\/\",\"name\":\"RC Hall\",\"description\":\"Der Begleiter f\u00fcr das schnelle Hobby auf vier R\u00e4dern!\",\"potentialAction\":[{\"@type\":\"SearchAction\",\"target\":{\"@type\":\"EntryPoint\",\"urlTemplate\":\"https:\/\/rc-hall.com\/?s={search_term_string}\"},\"query-input\":{\"@type\":\"PropertyValueSpecification\",\"valueRequired\":true,\"valueName\":\"search_term_string\"}}],\"inLanguage\":\"es\"}]}<\/script>\n<!-- \/ Yoast SEO Premium plugin. -->","yoast_head_json":{"title":"Datenschutzerkl\u00e4rung - RC Hall","robots":{"index":"index","follow":"follow","max-snippet":"max-snippet:-1","max-image-preview":"max-image-preview:large","max-video-preview":"max-video-preview:-1"},"canonical":"https:\/\/rc-hall.com\/es\/datenschutzerklaerung\/","og_locale":"es_ES","og_type":"article","og_title":"Datenschutzerkl\u00e4rung","og_description":"Datenschutzerkl\u00e4rung Verantwortliche Stelle im Sinne der Datenschutzgesetze, insbesondere der EU-Datenschutzgrundverordnung (DSGVO), ist: R. Remus Ihre Betroffenenrechte Unter den angegebenen Kontaktdaten unseres Datenschutzbeauftragten k\u00f6nnen Sie jederzeit folgende Rechte aus\u00fcben: Auskunft \u00fcber Ihre bei uns gespeicherten Daten und deren Verarbeitung,Berichtigung unrichtiger personenbezogener Daten,L\u00f6schung Ihrer bei uns gespeicherten Daten,Einschr\u00e4nkung der Datenverarbeitung, sofern wir Ihre Daten aufgrund gesetzlicher Pflichten [&hellip;]","og_url":"https:\/\/rc-hall.com\/es\/datenschutzerklaerung\/","og_site_name":"RC Hall","article_modified_time":"2024-02-04T01:12:38+00:00","twitter_card":"summary_large_image","twitter_misc":{"Tiempo de lectura":"8 minutos"},"schema":{"@context":"https:\/\/schema.org","@graph":[{"@type":"WebPage","@id":"https:\/\/rc-hall.com\/datenschutzerklaerung\/","url":"https:\/\/rc-hall.com\/datenschutzerklaerung\/","name":"Datenschutzerkl\u00e4rung - RC Hall","isPartOf":{"@id":"https:\/\/rc-hall.com\/#website"},"datePublished":"2020-10-22T22:32:54+00:00","dateModified":"2024-02-04T01:12:38+00:00","breadcrumb":{"@id":"https:\/\/rc-hall.com\/datenschutzerklaerung\/#breadcrumb"},"inLanguage":"es","potentialAction":[{"@type":"ReadAction","target":["https:\/\/rc-hall.com\/datenschutzerklaerung\/"]}]},{"@type":"BreadcrumbList","@id":"https:\/\/rc-hall.com\/datenschutzerklaerung\/#breadcrumb","itemListElement":[{"@type":"ListItem","position":1,"name":"Startseite","item":"https:\/\/rc-hall.com\/"},{"@type":"ListItem","position":2,"name":"Datenschutzerkl\u00e4rung"}]},{"@type":"WebSite","@id":"https:\/\/rc-hall.com\/#website","url":"https:\/\/rc-hall.com\/","name":"RC Hall","description":"Der Begleiter f\u00fcr das schnelle Hobby auf vier R\u00e4dern!","potentialAction":[{"@type":"SearchAction","target":{"@type":"EntryPoint","urlTemplate":"https:\/\/rc-hall.com\/?s={search_term_string}"},"query-input":{"@type":"PropertyValueSpecification","valueRequired":true,"valueName":"search_term_string"}}],"inLanguage":"es"}]}},"_links":{"self":[{"href":"https:\/\/rc-hall.com\/es\/wp-json\/wp\/v2\/pages\/1350","targetHints":{"allow":["GET"]}}],"collection":[{"href":"https:\/\/rc-hall.com\/es\/wp-json\/wp\/v2\/pages"}],"about":[{"href":"https:\/\/rc-hall.com\/es\/wp-json\/wp\/v2\/types\/page"}],"author":[{"embeddable":true,"href":"https:\/\/rc-hall.com\/es\/wp-json\/wp\/v2\/users\/1"}],"replies":[{"embeddable":true,"href":"https:\/\/rc-hall.com\/es\/wp-json\/wp\/v2\/comments?post=1350"}],"version-history":[{"count":0,"href":"https:\/\/rc-hall.com\/es\/wp-json\/wp\/v2\/pages\/1350\/revisions"}],"wp:attachment":[{"href":"https:\/\/rc-hall.com\/es\/wp-json\/wp\/v2\/media?parent=1350"}],"curies":[{"name":"wp","href":"https:\/\/api.w.org\/{rel}","templated":true}]}}