{"id":1336,"date":"2020-10-22T20:41:49","date_gmt":"2020-10-22T20:41:49","guid":{"rendered":"https:\/\/rc-hall.com\/?page_id=1336"},"modified":"2024-12-16T21:46:01","modified_gmt":"2024-12-16T21:46:01","slug":"impressum","status":"publish","type":"page","link":"https:\/\/rc-hall.com\/es\/impressum\/","title":{"rendered":"Pie de imprenta"},"content":{"rendered":"<div data-elementor-type=\"wp-page\" data-elementor-id=\"1336\" class=\"elementor elementor-1336\" data-elementor-post-type=\"page\">\n\t\t\t\t\t\t<section class=\"elementor-section elementor-top-section elementor-element elementor-element-64cae3b elementor-section-boxed elementor-section-height-default elementor-section-height-default\" data-id=\"64cae3b\" data-element_type=\"section\">\n\t\t\t\t\t\t<div class=\"elementor-container elementor-column-gap-default\">\n\t\t\t\t\t<div class=\"elementor-column elementor-col-66 elementor-top-column elementor-element elementor-element-29c17b7\" data-id=\"29c17b7\" data-element_type=\"column\">\n\t\t\t<div class=\"elementor-widget-wrap elementor-element-populated\">\n\t\t\t\t\t\t<div class=\"elementor-element elementor-element-935f6f6 elementor-widget elementor-widget-heading\" data-id=\"935f6f6\" data-element_type=\"widget\" data-widget_type=\"heading.default\">\n\t\t\t\t<div class=\"elementor-widget-container\">\n\t\t\t\t\t<h2 class=\"elementor-heading-title elementor-size-default\">Pie de imprenta<\/h2>\t\t\t\t<\/div>\n\t\t\t\t<\/div>\n\t\t\t\t<div class=\"elementor-element elementor-element-39e934e elementor-widget elementor-widget-text-editor\" data-id=\"39e934e\" data-element_type=\"widget\" data-widget_type=\"text-editor.default\">\n\t\t\t\t<div class=\"elementor-widget-container\">\n\t\t\t\t\t\t\t\t\t<p><strong>RC Hall<\/strong><br \/>Ekkehardstr. 3<br \/>12437 Berlin (Germany)<\/p><p>Inhaber: R. Remus<\/p><p>Telefon: +49176\/46642135<br \/>E-Mail: info(at)rc-hall.com<\/p><p><strong>Descargo de responsabilidad \u2013 aviso legal<\/strong><\/p><p><strong>\u00a7 1 advertencia sobre el contenido<\/strong><br \/>El gratis y accesible libremente el contenido de este sitio web se han creado con el mayor cuidado posible. El proveedor de este sitio web no asume ninguna responsabilidad por la exactitud y actualidad de los gratuitos y de libre acceso period\u00edstico consejeros, y los mensajes. Contribuciones marcada por su nombre refleja la opini\u00f3n de sus respectivos autores y no siempre la opini\u00f3n del proveedor. Simplemente llamando a la libre y accesible libremente el contenido, no hay relaci\u00f3n contractual entre el usuario y el proveedor, en la medida en que carece de la legal vinculante de la voluntad del proveedor.<\/p><p><strong>\u00a7 2 Enlaces Externos<\/strong><br \/>Este sitio Web contiene enlaces a Sitios web de terceros (&#034;Enlaces externos&#034;). Estos Sitios web est\u00e1n sometidos a la responsabilidad de los respectivos operadores. El proveedor ha hecho la primera conexi\u00f3n de los Enlaces externos a contenidos externos para determinar si existen violaciones legales. En ese momento, no hay violaciones legales que exist\u00edan. El proveedor no tiene ninguna influencia sobre el dise\u00f1o actual y futuro y el contenido de las p\u00e1ginas enlazadas. El Establecimiento de Enlaces externos no significa que el proveedor adopte el contenido de referencia o Enlace a la Propia. Un control constante de los Enlaces externos no es razonable que el proveedor, sin pruebas concretas de violaciones legales. Con el conocimiento de violaciones de derechos, como los Enlaces externos ser\u00e1n eliminados de inmediato.<\/p><p><strong>\u00a7 3 derecho de autor y de rendimiento en la protecci\u00f3n de los derechos<\/strong><br \/>El contenido publicado en este sitio Web est\u00e1 sujeto a derecho de autor alem\u00e1n y rendimiento en la protecci\u00f3n de los derechos. Cada uno de los derechos de autor alem\u00e1n y el rendimiento de la protecci\u00f3n de la ley, el uso no autorizado requiere el consentimiento previo por escrito de el proveedor o el respectivo titular de derechos de autor. Esto se aplica en particular a la reproducci\u00f3n, adaptaci\u00f3n, Traducci\u00f3n, almacenamiento, procesamiento o reproducci\u00f3n de contenidos en bases de datos u otros medios y sistemas electr\u00f3nicos. El contenido y los derechos de terceros est\u00e1n marcados como tales. La duplicaci\u00f3n no autorizada o transmisi\u00f3n de contenidos individuales o completa lados no est\u00e1 permitido y punible. S\u00f3lo la producci\u00f3n de copias y Descargas para uso personal, privado y no comercial uso est\u00e1 permitido.<\/p><p><em><strong>La presentaci\u00f3n de este sitio Web en los Marcos externos s\u00f3lo se permite con el permiso por escrito.<\/strong><\/em><\/p><p><strong>\u00a7 4 T\u00e9rminos Y Condiciones De Uso<\/strong><br \/>Tan lejos como condiciones especiales para los distintos usos de este sitio Web se desv\u00edan de los p\u00e1rrafos anteriores, esta ser\u00e1 la especificada en el lugar apropiado. En este caso, las condiciones especiales y condiciones de uso se aplican en cada caso.<\/p>\t\t\t\t\t\t\t\t<\/div>\n\t\t\t\t<\/div>\n\t\t\t\t\t<\/div>\n\t\t<\/div>\n\t\t\t\t<div class=\"elementor-column elementor-col-33 elementor-top-column elementor-element elementor-element-e5cb679\" data-id=\"e5cb679\" data-element_type=\"column\">\n\t\t\t<div class=\"elementor-widget-wrap\">\n\t\t\t\t\t\t\t<\/div>\n\t\t<\/div>\n\t\t\t\t\t<\/div>\n\t\t<\/section>\n\t\t\t\t<\/div>","protected":false},"excerpt":{"rendered":"<p>Impressum RC HallEkkehardstr. 312437 Berlin (Germany) Inhaber: R. Remus Telefon: +49176\/46642135E-Mail: info(at)rc-hall.com Disclaimer \u2013 rechtliche Hinweise \u00a7 1 Warnhinweis zu InhaltenDie kostenlosen und frei zug\u00e4nglichen Inhalte dieser Webseite wurden mit gr\u00f6\u00dftm\u00f6glicher Sorgfalt erstellt. Der Anbieter dieser Webseite \u00fcbernimmt jedoch keine Gew\u00e4hr f\u00fcr die Richtigkeit und Aktualit\u00e4t der bereitgestellten kostenlosen und frei zug\u00e4nglichen journalistischen Ratgeber und [&hellip;]<\/p>","protected":false},"author":1,"featured_media":0,"parent":0,"menu_order":0,"comment_status":"closed","ping_status":"closed","template":"","meta":{"footnotes":""},"class_list":["post-1336","page","type-page","status-publish","hentry"],"yoast_head":"<!-- This site is optimized with the Yoast SEO Premium plugin v21.3 (Yoast SEO v25.9) - https:\/\/yoast.com\/wordpress\/plugins\/seo\/ -->\n<title>Impressum - RC Hall<\/title>\n<meta name=\"robots\" content=\"index, follow, max-snippet:-1, max-image-preview:large, max-video-preview:-1\" \/>\n<link rel=\"canonical\" href=\"https:\/\/rc-hall.com\/es\/impressum\/\" \/>\n<meta property=\"og:locale\" content=\"es_ES\" \/>\n<meta property=\"og:type\" content=\"article\" \/>\n<meta property=\"og:title\" content=\"Impressum\" \/>\n<meta property=\"og:description\" content=\"Impressum RC HallEkkehardstr. 312437 Berlin (Germany) Inhaber: R. Remus Telefon: +49176\/46642135E-Mail: info(at)rc-hall.com Disclaimer \u2013 rechtliche Hinweise \u00a7 1 Warnhinweis zu InhaltenDie kostenlosen und frei zug\u00e4nglichen Inhalte dieser Webseite wurden mit gr\u00f6\u00dftm\u00f6glicher Sorgfalt erstellt. Der Anbieter dieser Webseite \u00fcbernimmt jedoch keine Gew\u00e4hr f\u00fcr die Richtigkeit und Aktualit\u00e4t der bereitgestellten kostenlosen und frei zug\u00e4nglichen journalistischen Ratgeber und [&hellip;]\" \/>\n<meta property=\"og:url\" content=\"https:\/\/rc-hall.com\/es\/impressum\/\" \/>\n<meta property=\"og:site_name\" content=\"RC Hall\" \/>\n<meta property=\"article:modified_time\" content=\"2024-12-16T21:46:01+00:00\" \/>\n<meta name=\"twitter:card\" content=\"summary_large_image\" \/>\n<meta name=\"twitter:label1\" content=\"Tiempo de lectura\" \/>\n\t<meta name=\"twitter:data1\" content=\"3 minutos\" \/>\n<script type=\"application\/ld+json\" class=\"yoast-schema-graph\">{\"@context\":\"https:\/\/schema.org\",\"@graph\":[{\"@type\":\"WebPage\",\"@id\":\"https:\/\/rc-hall.com\/impressum\/\",\"url\":\"https:\/\/rc-hall.com\/impressum\/\",\"name\":\"Impressum - RC Hall\",\"isPartOf\":{\"@id\":\"https:\/\/rc-hall.com\/#website\"},\"datePublished\":\"2020-10-22T20:41:49+00:00\",\"dateModified\":\"2024-12-16T21:46:01+00:00\",\"breadcrumb\":{\"@id\":\"https:\/\/rc-hall.com\/impressum\/#breadcrumb\"},\"inLanguage\":\"es\",\"potentialAction\":[{\"@type\":\"ReadAction\",\"target\":[\"https:\/\/rc-hall.com\/impressum\/\"]}]},{\"@type\":\"BreadcrumbList\",\"@id\":\"https:\/\/rc-hall.com\/impressum\/#breadcrumb\",\"itemListElement\":[{\"@type\":\"ListItem\",\"position\":1,\"name\":\"Startseite\",\"item\":\"https:\/\/rc-hall.com\/\"},{\"@type\":\"ListItem\",\"position\":2,\"name\":\"Impressum\"}]},{\"@type\":\"WebSite\",\"@id\":\"https:\/\/rc-hall.com\/#website\",\"url\":\"https:\/\/rc-hall.com\/\",\"name\":\"RC Hall\",\"description\":\"Der Begleiter f\u00fcr das schnelle Hobby auf vier R\u00e4dern!\",\"potentialAction\":[{\"@type\":\"SearchAction\",\"target\":{\"@type\":\"EntryPoint\",\"urlTemplate\":\"https:\/\/rc-hall.com\/?s={search_term_string}\"},\"query-input\":{\"@type\":\"PropertyValueSpecification\",\"valueRequired\":true,\"valueName\":\"search_term_string\"}}],\"inLanguage\":\"es\"}]}<\/script>\n<!-- \/ Yoast SEO Premium plugin. -->","yoast_head_json":{"title":"Impressum - RC Hall","robots":{"index":"index","follow":"follow","max-snippet":"max-snippet:-1","max-image-preview":"max-image-preview:large","max-video-preview":"max-video-preview:-1"},"canonical":"https:\/\/rc-hall.com\/es\/impressum\/","og_locale":"es_ES","og_type":"article","og_title":"Impressum","og_description":"Impressum RC HallEkkehardstr. 312437 Berlin (Germany) Inhaber: R. Remus Telefon: +49176\/46642135E-Mail: info(at)rc-hall.com Disclaimer \u2013 rechtliche Hinweise \u00a7 1 Warnhinweis zu InhaltenDie kostenlosen und frei zug\u00e4nglichen Inhalte dieser Webseite wurden mit gr\u00f6\u00dftm\u00f6glicher Sorgfalt erstellt. Der Anbieter dieser Webseite \u00fcbernimmt jedoch keine Gew\u00e4hr f\u00fcr die Richtigkeit und Aktualit\u00e4t der bereitgestellten kostenlosen und frei zug\u00e4nglichen journalistischen Ratgeber und [&hellip;]","og_url":"https:\/\/rc-hall.com\/es\/impressum\/","og_site_name":"RC Hall","article_modified_time":"2024-12-16T21:46:01+00:00","twitter_card":"summary_large_image","twitter_misc":{"Tiempo de lectura":"3 minutos"},"schema":{"@context":"https:\/\/schema.org","@graph":[{"@type":"WebPage","@id":"https:\/\/rc-hall.com\/impressum\/","url":"https:\/\/rc-hall.com\/impressum\/","name":"Impressum - RC Hall","isPartOf":{"@id":"https:\/\/rc-hall.com\/#website"},"datePublished":"2020-10-22T20:41:49+00:00","dateModified":"2024-12-16T21:46:01+00:00","breadcrumb":{"@id":"https:\/\/rc-hall.com\/impressum\/#breadcrumb"},"inLanguage":"es","potentialAction":[{"@type":"ReadAction","target":["https:\/\/rc-hall.com\/impressum\/"]}]},{"@type":"BreadcrumbList","@id":"https:\/\/rc-hall.com\/impressum\/#breadcrumb","itemListElement":[{"@type":"ListItem","position":1,"name":"Startseite","item":"https:\/\/rc-hall.com\/"},{"@type":"ListItem","position":2,"name":"Impressum"}]},{"@type":"WebSite","@id":"https:\/\/rc-hall.com\/#website","url":"https:\/\/rc-hall.com\/","name":"RC Hall","description":"Der Begleiter f\u00fcr das schnelle Hobby auf vier R\u00e4dern!","potentialAction":[{"@type":"SearchAction","target":{"@type":"EntryPoint","urlTemplate":"https:\/\/rc-hall.com\/?s={search_term_string}"},"query-input":{"@type":"PropertyValueSpecification","valueRequired":true,"valueName":"search_term_string"}}],"inLanguage":"es"}]}},"_links":{"self":[{"href":"https:\/\/rc-hall.com\/es\/wp-json\/wp\/v2\/pages\/1336","targetHints":{"allow":["GET"]}}],"collection":[{"href":"https:\/\/rc-hall.com\/es\/wp-json\/wp\/v2\/pages"}],"about":[{"href":"https:\/\/rc-hall.com\/es\/wp-json\/wp\/v2\/types\/page"}],"author":[{"embeddable":true,"href":"https:\/\/rc-hall.com\/es\/wp-json\/wp\/v2\/users\/1"}],"replies":[{"embeddable":true,"href":"https:\/\/rc-hall.com\/es\/wp-json\/wp\/v2\/comments?post=1336"}],"version-history":[{"count":0,"href":"https:\/\/rc-hall.com\/es\/wp-json\/wp\/v2\/pages\/1336\/revisions"}],"wp:attachment":[{"href":"https:\/\/rc-hall.com\/es\/wp-json\/wp\/v2\/media?parent=1336"}],"curies":[{"name":"wp","href":"https:\/\/api.w.org\/{rel}","templated":true}]}}