{"id":5490,"date":"2024-12-04T23:19:05","date_gmt":"2024-12-04T23:19:05","guid":{"rendered":"https:\/\/rc-hall.com\/?page_id=5490"},"modified":"2024-12-05T09:23:28","modified_gmt":"2024-12-05T09:23:28","slug":"widerrufsbelehrung","status":"publish","type":"page","link":"https:\/\/rc-hall.com\/en\/widerrufsbelehrung\/","title":{"rendered":"Cancellation policy"},"content":{"rendered":"<p><strong>Right of withdrawal<\/strong><\/p>\n\n\n\n<p>You have the right to cancel within fourteen days without giving a reason this contract.<\/p>\n\n\n\n<p>The revocation period is fourteen days from the day on which you or a third party named by you, who is not the carrier, the last goods have taken possession or has.<\/p>\n\n\n\n<p>In order to exercise your right of cancellation, you must inform us,<\/p>\n\n\n\n<p>Name<br>Address<br>Phone: <br>Fax, if available:<br>E-Mail:<\/p>\n\n\n\n<p>by means of a clear statement (e.g. a letter sent by Post, Fax or E-Mail) of your decision to withdraw from this contract, inform. You can use the attached sample revocation form, which however is not mandatory. To meet the cancellation deadline, it is sufficient that you send the notification about the exercise of the revocation right before the expiry of the revocation period.<\/p>\n\n\n\n<p><strong>Consequences of the revocation<\/strong><\/p>\n\n\n\n<p>If you revoke this contract, we have you all payments that we have received from you, including the costs of delivery (with the exception of additional costs, which arise from the fact that you have chosen another kind of delivery than the offered by us, cheapest standard delivery), immediately and at the latest within fourteen days from the day on which to repay, on which the notification of your revocation of this contract have been received by us. For this repayment, we will use the same means of payment as you used for the initial transaction, unless you have expressly agreed otherwise; in no case will you be charged fees for this repayment.<\/p>\n\n\n\n<p>We can refuse the repayment until we have received the Goods back again or until you have provided proof that you have sent back the Goods, whichever is the earlier point in time.<\/p>\n\n\n\n<p>You shall send back the Goods without undue delay and in any event not later than fourteen days from the day on which you informed us of the cancellation of this contract to us<\/p>\n\n\n\n<p>[oder &#8211; sofern vorhanden &#8211; an Name, Anschrift]<\/p>\n\n\n\n<p>returned or transferred. The deadline is met if you send back the Goods before the expiry of the period of fourteen days. You will bear the direct cost of returning the Goods.<\/p>\n\n\n\n<p>You have to pay for a possible loss in value of the Goods if this loss in value is attributable to establish the nature, characteristics and functioning of the Goods which is not necessary in dealing with them.<br>There are, optionally, if applicable, the following additions are possible:&nbsp;<strong>Exclusion and premature expiration of the right of withdrawal<\/strong><\/p>\n\n\n\n<p><strong>The right of withdrawal does not exist with contracts<\/strong><\/p>\n\n\n\n<p>for the supply of Goods which are not prefabricated and for whose manufacturing an individual selection or determination by the consumer is important or which are clearly tailored to the personal requirements of the consumer;<\/p>\n\n\n\n<p>for the delivery of Goods that can spoil quickly or whose expiration date would be exceeded quickly;<\/p>\n\n\n\n<p>for delivery of alcoholic drinks, whose price was agreed at the conclusion of the contract, which can be delivered at the earliest 30 days after conclusion of the contract and whose current value depends on fluctuations in the market depends on which the entrepreneur has no influence;<\/p>\n\n\n\n<p>for delivery of Newspapers, periodicals or magazines with the exception of subscription contracts.<\/p>\n\n\n\n<p><strong>The revocation right expires prematurely in case of contracts<\/strong><\/p>\n\n\n\n<p>for the supply of sealed Goods which are not suitable for reasons of health protection or Hygiene to return if their seal has been removed after the delivery;<\/p>\n\n\n\n<p>for delivery of products if they have been mixed after delivery due to their nature, inseparably with other goods;<\/p>\n\n\n\n<p>for the delivery of audio - or video recordings or computer software in a sealed package, if the seal was removed after delivery.<\/p>","protected":false},"excerpt":{"rendered":"<p>Widerrufsrecht Sie haben das Recht, binnen vierzehn Tagen ohne Angabe von Gr\u00fcnden diesen Vertrag zu widerrufen. Die Widerrufsfrist betr\u00e4gt vierzehn Tage ab dem Tage, an dem Sie oder ein von Ihnen benannter Dritter, der nicht der Bef\u00f6rderer ist, die letzte Ware in Besitz genommen haben bzw. hat. Um Ihr Widerrufsrecht auszu\u00fcben, m\u00fcssen Sie uns, NameAnschriftTelefon: [&hellip;]<\/p>","protected":false},"author":1,"featured_media":0,"parent":0,"menu_order":0,"comment_status":"closed","ping_status":"closed","template":"","meta":{"footnotes":""},"class_list":["post-5490","page","type-page","status-publish","hentry"],"yoast_head":"<!-- This site is optimized with the Yoast SEO Premium plugin v21.3 (Yoast SEO v25.9) - https:\/\/yoast.com\/wordpress\/plugins\/seo\/ -->\n<title>Widerrufsbelehrung - RC Hall<\/title>\n<meta name=\"robots\" content=\"index, follow, max-snippet:-1, max-image-preview:large, max-video-preview:-1\" \/>\n<link rel=\"canonical\" href=\"https:\/\/rc-hall.com\/en\/widerrufsbelehrung\/\" \/>\n<meta property=\"og:locale\" content=\"en_US\" \/>\n<meta property=\"og:type\" content=\"article\" \/>\n<meta property=\"og:title\" content=\"Widerrufsbelehrung\" \/>\n<meta property=\"og:description\" content=\"Widerrufsrecht Sie haben das Recht, binnen vierzehn Tagen ohne Angabe von Gr\u00fcnden diesen Vertrag zu widerrufen. Die Widerrufsfrist betr\u00e4gt vierzehn Tage ab dem Tage, an dem Sie oder ein von Ihnen benannter Dritter, der nicht der Bef\u00f6rderer ist, die letzte Ware in Besitz genommen haben bzw. hat. Um Ihr Widerrufsrecht auszu\u00fcben, m\u00fcssen Sie uns, NameAnschriftTelefon: [&hellip;]\" \/>\n<meta property=\"og:url\" content=\"https:\/\/rc-hall.com\/en\/widerrufsbelehrung\/\" \/>\n<meta property=\"og:site_name\" content=\"RC Hall\" \/>\n<meta property=\"article:modified_time\" content=\"2024-12-05T09:23:28+00:00\" \/>\n<meta name=\"twitter:card\" content=\"summary_large_image\" \/>\n<meta name=\"twitter:label1\" content=\"Est. reading time\" \/>\n\t<meta name=\"twitter:data1\" content=\"3 minutes\" \/>\n<script type=\"application\/ld+json\" class=\"yoast-schema-graph\">{\"@context\":\"https:\/\/schema.org\",\"@graph\":[{\"@type\":\"WebPage\",\"@id\":\"https:\/\/rc-hall.com\/widerrufsbelehrung\/\",\"url\":\"https:\/\/rc-hall.com\/widerrufsbelehrung\/\",\"name\":\"Widerrufsbelehrung - RC Hall\",\"isPartOf\":{\"@id\":\"https:\/\/rc-hall.com\/#website\"},\"datePublished\":\"2024-12-04T23:19:05+00:00\",\"dateModified\":\"2024-12-05T09:23:28+00:00\",\"breadcrumb\":{\"@id\":\"https:\/\/rc-hall.com\/widerrufsbelehrung\/#breadcrumb\"},\"inLanguage\":\"en-US\",\"potentialAction\":[{\"@type\":\"ReadAction\",\"target\":[\"https:\/\/rc-hall.com\/widerrufsbelehrung\/\"]}]},{\"@type\":\"BreadcrumbList\",\"@id\":\"https:\/\/rc-hall.com\/widerrufsbelehrung\/#breadcrumb\",\"itemListElement\":[{\"@type\":\"ListItem\",\"position\":1,\"name\":\"Startseite\",\"item\":\"https:\/\/rc-hall.com\/\"},{\"@type\":\"ListItem\",\"position\":2,\"name\":\"Widerrufsbelehrung\"}]},{\"@type\":\"WebSite\",\"@id\":\"https:\/\/rc-hall.com\/#website\",\"url\":\"https:\/\/rc-hall.com\/\",\"name\":\"RC Hall\",\"description\":\"Der Begleiter f\u00fcr das schnelle Hobby auf vier R\u00e4dern!\",\"potentialAction\":[{\"@type\":\"SearchAction\",\"target\":{\"@type\":\"EntryPoint\",\"urlTemplate\":\"https:\/\/rc-hall.com\/?s={search_term_string}\"},\"query-input\":{\"@type\":\"PropertyValueSpecification\",\"valueRequired\":true,\"valueName\":\"search_term_string\"}}],\"inLanguage\":\"en-US\"}]}<\/script>\n<!-- \/ Yoast SEO Premium plugin. -->","yoast_head_json":{"title":"Widerrufsbelehrung - RC Hall","robots":{"index":"index","follow":"follow","max-snippet":"max-snippet:-1","max-image-preview":"max-image-preview:large","max-video-preview":"max-video-preview:-1"},"canonical":"https:\/\/rc-hall.com\/en\/widerrufsbelehrung\/","og_locale":"en_US","og_type":"article","og_title":"Widerrufsbelehrung","og_description":"Widerrufsrecht Sie haben das Recht, binnen vierzehn Tagen ohne Angabe von Gr\u00fcnden diesen Vertrag zu widerrufen. Die Widerrufsfrist betr\u00e4gt vierzehn Tage ab dem Tage, an dem Sie oder ein von Ihnen benannter Dritter, der nicht der Bef\u00f6rderer ist, die letzte Ware in Besitz genommen haben bzw. hat. Um Ihr Widerrufsrecht auszu\u00fcben, m\u00fcssen Sie uns, NameAnschriftTelefon: [&hellip;]","og_url":"https:\/\/rc-hall.com\/en\/widerrufsbelehrung\/","og_site_name":"RC Hall","article_modified_time":"2024-12-05T09:23:28+00:00","twitter_card":"summary_large_image","twitter_misc":{"Est. reading time":"3 minutes"},"schema":{"@context":"https:\/\/schema.org","@graph":[{"@type":"WebPage","@id":"https:\/\/rc-hall.com\/widerrufsbelehrung\/","url":"https:\/\/rc-hall.com\/widerrufsbelehrung\/","name":"Widerrufsbelehrung - RC Hall","isPartOf":{"@id":"https:\/\/rc-hall.com\/#website"},"datePublished":"2024-12-04T23:19:05+00:00","dateModified":"2024-12-05T09:23:28+00:00","breadcrumb":{"@id":"https:\/\/rc-hall.com\/widerrufsbelehrung\/#breadcrumb"},"inLanguage":"en-US","potentialAction":[{"@type":"ReadAction","target":["https:\/\/rc-hall.com\/widerrufsbelehrung\/"]}]},{"@type":"BreadcrumbList","@id":"https:\/\/rc-hall.com\/widerrufsbelehrung\/#breadcrumb","itemListElement":[{"@type":"ListItem","position":1,"name":"Startseite","item":"https:\/\/rc-hall.com\/"},{"@type":"ListItem","position":2,"name":"Widerrufsbelehrung"}]},{"@type":"WebSite","@id":"https:\/\/rc-hall.com\/#website","url":"https:\/\/rc-hall.com\/","name":"RC Hall","description":"Der Begleiter f\u00fcr das schnelle Hobby auf vier R\u00e4dern!","potentialAction":[{"@type":"SearchAction","target":{"@type":"EntryPoint","urlTemplate":"https:\/\/rc-hall.com\/?s={search_term_string}"},"query-input":{"@type":"PropertyValueSpecification","valueRequired":true,"valueName":"search_term_string"}}],"inLanguage":"en-US"}]}},"_links":{"self":[{"href":"https:\/\/rc-hall.com\/en\/wp-json\/wp\/v2\/pages\/5490","targetHints":{"allow":["GET"]}}],"collection":[{"href":"https:\/\/rc-hall.com\/en\/wp-json\/wp\/v2\/pages"}],"about":[{"href":"https:\/\/rc-hall.com\/en\/wp-json\/wp\/v2\/types\/page"}],"author":[{"embeddable":true,"href":"https:\/\/rc-hall.com\/en\/wp-json\/wp\/v2\/users\/1"}],"replies":[{"embeddable":true,"href":"https:\/\/rc-hall.com\/en\/wp-json\/wp\/v2\/comments?post=5490"}],"version-history":[{"count":0,"href":"https:\/\/rc-hall.com\/en\/wp-json\/wp\/v2\/pages\/5490\/revisions"}],"wp:attachment":[{"href":"https:\/\/rc-hall.com\/en\/wp-json\/wp\/v2\/media?parent=5490"}],"curies":[{"name":"wp","href":"https:\/\/api.w.org\/{rel}","templated":true}]}}