{"id":1359,"date":"2020-10-26T22:45:19","date_gmt":"2020-10-26T22:45:19","guid":{"rendered":"https:\/\/rc-hall.com\/?page_id=1359"},"modified":"2024-02-04T01:10:52","modified_gmt":"2024-02-04T01:10:52","slug":"ueber-uns","status":"publish","type":"page","link":"https:\/\/rc-hall.com\/en\/ueber-uns\/","title":{"rendered":"About us"},"content":{"rendered":"<div data-elementor-type=\"wp-page\" data-elementor-id=\"1359\" class=\"elementor elementor-1359\" data-elementor-post-type=\"page\">\n\t\t\t\t\t\t<section class=\"elementor-section elementor-top-section elementor-element elementor-element-99a163c elementor-section-boxed elementor-section-height-default elementor-section-height-default\" data-id=\"99a163c\" data-element_type=\"section\">\n\t\t\t\t\t\t<div class=\"elementor-container elementor-column-gap-default\">\n\t\t\t\t\t<div class=\"elementor-column elementor-col-66 elementor-top-column elementor-element elementor-element-2acb068\" data-id=\"2acb068\" data-element_type=\"column\">\n\t\t\t<div class=\"elementor-widget-wrap elementor-element-populated\">\n\t\t\t\t\t\t<div class=\"elementor-element elementor-element-45e9283 elementor-widget elementor-widget-heading\" data-id=\"45e9283\" data-element_type=\"widget\" data-widget_type=\"heading.default\">\n\t\t\t\t<div class=\"elementor-widget-container\">\n\t\t\t\t\t<h2 class=\"elementor-heading-title elementor-size-default\">About Us<\/h2>\t\t\t\t<\/div>\n\t\t\t\t<\/div>\n\t\t\t\t<div class=\"elementor-element elementor-element-8dd3557 elementor-widget elementor-widget-text-editor\" data-id=\"8dd3557\" data-element_type=\"widget\" data-widget_type=\"text-editor.default\">\n\t\t\t\t<div class=\"elementor-widget-container\">\n\t\t\t\t\t\t\t\t\t<div dir=\"auto\"><p>Welcome to RC Hall \u2013 your point of contact for comprehensive information about RC Cars! Our platform was created to RC enthusiasts to provide a Central source of information, which allows it to be fully informed of RC Cars. We understand the needs of the RC Car community and have called RC Hall to life, because there is no comparable platform, covering all aspects of the RC Car hobby.<\/p><p>We are proud to be a passionate group of RC Car Fans who have joined together to close the gap in the availability of Information. Frustrated by the limited opportunity to compare different RC Cars and to determine the speed of a car with the built-in electronics, exactly, we wanted to create a solution. RC Hall, you&#039;ll find not only detailed comparisons between different RC Cars, but also precise information about how fast of each model under different conditions.<\/p><p>Our Mission is to make the world of RC Cars more transparent and accessible. Whether you&#039;re an Enthusiast, an experienced RC or a newbie in the world of remote-controlled vehicles are, in the case of RC Hall you will find comprehensive information, tips, and advice to optimize your RC Car experience. Immerse yourself in the fascinating world of RC Cars and discover why RC Hall is the first point of contact for all your RC Car needs!<\/p><\/div>\t\t\t\t\t\t\t\t<\/div>\n\t\t\t\t<\/div>\n\t\t\t\t\t<\/div>\n\t\t<\/div>\n\t\t\t\t<div class=\"elementor-column elementor-col-33 elementor-top-column elementor-element elementor-element-2e4bf2d\" data-id=\"2e4bf2d\" data-element_type=\"column\">\n\t\t\t<div class=\"elementor-widget-wrap\">\n\t\t\t\t\t\t\t<\/div>\n\t\t<\/div>\n\t\t\t\t\t<\/div>\n\t\t<\/section>\n\t\t\t\t<\/div>","protected":false},"excerpt":{"rendered":"<p>\u00dcber Uns Willkommen bei RC Hall &#8211; deiner Anlaufstelle f\u00fcr umfassende Informationen rund um RC Cars! Unsere Plattform wurde gegr\u00fcndet, um RC Enthusiasten eine zentrale Informationsquelle zu bieten, die es erm\u00f6glicht, sich vollumf\u00e4nglich \u00fcber RC Cars zu informieren. Wir verstehen die Bed\u00fcrfnisse der RC Car Gemeinschaft und haben RC Hall ins Leben gerufen, weil es [&hellip;]<\/p>","protected":false},"author":1,"featured_media":0,"parent":0,"menu_order":0,"comment_status":"closed","ping_status":"closed","template":"","meta":{"footnotes":""},"class_list":["post-1359","page","type-page","status-publish","hentry"],"yoast_head":"<!-- This site is optimized with the Yoast SEO Premium plugin v21.3 (Yoast SEO v25.9) - https:\/\/yoast.com\/wordpress\/plugins\/seo\/ -->\n<title>\u00dcber uns - RC Hall<\/title>\n<meta name=\"robots\" content=\"index, follow, max-snippet:-1, max-image-preview:large, max-video-preview:-1\" \/>\n<link rel=\"canonical\" href=\"https:\/\/rc-hall.com\/en\/ueber-uns\/\" \/>\n<meta property=\"og:locale\" content=\"en_US\" \/>\n<meta property=\"og:type\" content=\"article\" \/>\n<meta property=\"og:title\" content=\"\u00dcber uns\" \/>\n<meta property=\"og:description\" content=\"\u00dcber Uns Willkommen bei RC Hall &#8211; deiner Anlaufstelle f\u00fcr umfassende Informationen rund um RC Cars! Unsere Plattform wurde gegr\u00fcndet, um RC Enthusiasten eine zentrale Informationsquelle zu bieten, die es erm\u00f6glicht, sich vollumf\u00e4nglich \u00fcber RC Cars zu informieren. Wir verstehen die Bed\u00fcrfnisse der RC Car Gemeinschaft und haben RC Hall ins Leben gerufen, weil es [&hellip;]\" \/>\n<meta property=\"og:url\" content=\"https:\/\/rc-hall.com\/en\/ueber-uns\/\" \/>\n<meta property=\"og:site_name\" content=\"RC Hall\" \/>\n<meta property=\"article:modified_time\" content=\"2024-02-04T01:10:52+00:00\" \/>\n<meta name=\"twitter:card\" content=\"summary_large_image\" \/>\n<meta name=\"twitter:label1\" content=\"Est. reading time\" \/>\n\t<meta name=\"twitter:data1\" content=\"2 minutes\" \/>\n<script type=\"application\/ld+json\" class=\"yoast-schema-graph\">{\"@context\":\"https:\/\/schema.org\",\"@graph\":[{\"@type\":\"WebPage\",\"@id\":\"https:\/\/rc-hall.com\/ueber-uns\/\",\"url\":\"https:\/\/rc-hall.com\/ueber-uns\/\",\"name\":\"\u00dcber uns - RC Hall\",\"isPartOf\":{\"@id\":\"https:\/\/rc-hall.com\/#website\"},\"datePublished\":\"2020-10-26T22:45:19+00:00\",\"dateModified\":\"2024-02-04T01:10:52+00:00\",\"breadcrumb\":{\"@id\":\"https:\/\/rc-hall.com\/ueber-uns\/#breadcrumb\"},\"inLanguage\":\"en-US\",\"potentialAction\":[{\"@type\":\"ReadAction\",\"target\":[\"https:\/\/rc-hall.com\/ueber-uns\/\"]}]},{\"@type\":\"BreadcrumbList\",\"@id\":\"https:\/\/rc-hall.com\/ueber-uns\/#breadcrumb\",\"itemListElement\":[{\"@type\":\"ListItem\",\"position\":1,\"name\":\"Startseite\",\"item\":\"https:\/\/rc-hall.com\/\"},{\"@type\":\"ListItem\",\"position\":2,\"name\":\"\u00dcber uns\"}]},{\"@type\":\"WebSite\",\"@id\":\"https:\/\/rc-hall.com\/#website\",\"url\":\"https:\/\/rc-hall.com\/\",\"name\":\"RC Hall\",\"description\":\"Der Begleiter f\u00fcr das schnelle Hobby auf vier R\u00e4dern!\",\"potentialAction\":[{\"@type\":\"SearchAction\",\"target\":{\"@type\":\"EntryPoint\",\"urlTemplate\":\"https:\/\/rc-hall.com\/?s={search_term_string}\"},\"query-input\":{\"@type\":\"PropertyValueSpecification\",\"valueRequired\":true,\"valueName\":\"search_term_string\"}}],\"inLanguage\":\"en-US\"}]}<\/script>\n<!-- \/ Yoast SEO Premium plugin. -->","yoast_head_json":{"title":"\u00dcber uns - RC Hall","robots":{"index":"index","follow":"follow","max-snippet":"max-snippet:-1","max-image-preview":"max-image-preview:large","max-video-preview":"max-video-preview:-1"},"canonical":"https:\/\/rc-hall.com\/en\/ueber-uns\/","og_locale":"en_US","og_type":"article","og_title":"\u00dcber uns","og_description":"\u00dcber Uns Willkommen bei RC Hall &#8211; deiner Anlaufstelle f\u00fcr umfassende Informationen rund um RC Cars! Unsere Plattform wurde gegr\u00fcndet, um RC Enthusiasten eine zentrale Informationsquelle zu bieten, die es erm\u00f6glicht, sich vollumf\u00e4nglich \u00fcber RC Cars zu informieren. Wir verstehen die Bed\u00fcrfnisse der RC Car Gemeinschaft und haben RC Hall ins Leben gerufen, weil es [&hellip;]","og_url":"https:\/\/rc-hall.com\/en\/ueber-uns\/","og_site_name":"RC Hall","article_modified_time":"2024-02-04T01:10:52+00:00","twitter_card":"summary_large_image","twitter_misc":{"Est. reading time":"2 minutes"},"schema":{"@context":"https:\/\/schema.org","@graph":[{"@type":"WebPage","@id":"https:\/\/rc-hall.com\/ueber-uns\/","url":"https:\/\/rc-hall.com\/ueber-uns\/","name":"\u00dcber uns - RC Hall","isPartOf":{"@id":"https:\/\/rc-hall.com\/#website"},"datePublished":"2020-10-26T22:45:19+00:00","dateModified":"2024-02-04T01:10:52+00:00","breadcrumb":{"@id":"https:\/\/rc-hall.com\/ueber-uns\/#breadcrumb"},"inLanguage":"en-US","potentialAction":[{"@type":"ReadAction","target":["https:\/\/rc-hall.com\/ueber-uns\/"]}]},{"@type":"BreadcrumbList","@id":"https:\/\/rc-hall.com\/ueber-uns\/#breadcrumb","itemListElement":[{"@type":"ListItem","position":1,"name":"Startseite","item":"https:\/\/rc-hall.com\/"},{"@type":"ListItem","position":2,"name":"\u00dcber uns"}]},{"@type":"WebSite","@id":"https:\/\/rc-hall.com\/#website","url":"https:\/\/rc-hall.com\/","name":"RC Hall","description":"Der Begleiter f\u00fcr das schnelle Hobby auf vier R\u00e4dern!","potentialAction":[{"@type":"SearchAction","target":{"@type":"EntryPoint","urlTemplate":"https:\/\/rc-hall.com\/?s={search_term_string}"},"query-input":{"@type":"PropertyValueSpecification","valueRequired":true,"valueName":"search_term_string"}}],"inLanguage":"en-US"}]}},"_links":{"self":[{"href":"https:\/\/rc-hall.com\/en\/wp-json\/wp\/v2\/pages\/1359","targetHints":{"allow":["GET"]}}],"collection":[{"href":"https:\/\/rc-hall.com\/en\/wp-json\/wp\/v2\/pages"}],"about":[{"href":"https:\/\/rc-hall.com\/en\/wp-json\/wp\/v2\/types\/page"}],"author":[{"embeddable":true,"href":"https:\/\/rc-hall.com\/en\/wp-json\/wp\/v2\/users\/1"}],"replies":[{"embeddable":true,"href":"https:\/\/rc-hall.com\/en\/wp-json\/wp\/v2\/comments?post=1359"}],"version-history":[{"count":0,"href":"https:\/\/rc-hall.com\/en\/wp-json\/wp\/v2\/pages\/1359\/revisions"}],"wp:attachment":[{"href":"https:\/\/rc-hall.com\/en\/wp-json\/wp\/v2\/media?parent=1359"}],"curies":[{"name":"wp","href":"https:\/\/api.w.org\/{rel}","templated":true}]}}