{"id":1350,"date":"2020-10-22T22:32:54","date_gmt":"2020-10-22T22:32:54","guid":{"rendered":"https:\/\/rc-hall.com\/?page_id=1350"},"modified":"2024-02-04T01:12:38","modified_gmt":"2024-02-04T01:12:38","slug":"datenschutzerklaerung","status":"publish","type":"page","link":"https:\/\/rc-hall.com\/en\/datenschutzerklaerung\/","title":{"rendered":"Privacy policy"},"content":{"rendered":"<div data-elementor-type=\"wp-page\" data-elementor-id=\"1350\" class=\"elementor elementor-1350\" data-elementor-post-type=\"page\">\n\t\t\t\t\t\t<section class=\"elementor-section elementor-top-section elementor-element elementor-element-3a6025f elementor-section-boxed elementor-section-height-default elementor-section-height-default\" data-id=\"3a6025f\" data-element_type=\"section\">\n\t\t\t\t\t\t<div class=\"elementor-container elementor-column-gap-default\">\n\t\t\t\t\t<div class=\"elementor-column elementor-col-66 elementor-top-column elementor-element elementor-element-fd6f3b7\" data-id=\"fd6f3b7\" data-element_type=\"column\">\n\t\t\t<div class=\"elementor-widget-wrap elementor-element-populated\">\n\t\t\t\t\t\t<div class=\"elementor-element elementor-element-e57a9af elementor-widget elementor-widget-heading\" data-id=\"e57a9af\" data-element_type=\"widget\" data-widget_type=\"heading.default\">\n\t\t\t\t<div class=\"elementor-widget-container\">\n\t\t\t\t\t<h2 class=\"elementor-heading-title elementor-size-default\">Privacy policy<\/h2>\t\t\t\t<\/div>\n\t\t\t\t<\/div>\n\t\t\t\t<div class=\"elementor-element elementor-element-857f2d6 elementor-widget elementor-widget-text-editor\" data-id=\"857f2d6\" data-element_type=\"widget\" data-widget_type=\"text-editor.default\">\n\t\t\t\t<div class=\"elementor-widget-container\">\n\t\t\t\t\t\t\t\t\t<p>The responsible body within the meaning of data protection laws, in particular the EU data protection basic regulation (DSGVO), is:<\/p><p>R. Remus<\/p><p><br \/>Your Affected Rights<\/p><p>Under the specified contact details of our data protection, you may exercise officer at any time the following rights:<\/p><p>Information about your stored data and their processing,<br \/>Correction of incorrect personal data,<br \/>Deletion of your stored data,<br \/>Restriction of data processing if we are not allowed to delete your data due to legal obligations,<br \/>Opposition to the processing of your data with us and<br \/>Data transferability if you have consented to data processing or have a contract with us have been completed.<\/p><p>If you have granted us consent, you can withdraw them at any time with effect for the future.<\/p><p>Sie k\u00f6nnen sich jederzeit mit einer Beschwerde an die f\u00fcr Sie zust\u00e4ndige Aufsichtsbeh\u00f6rde wenden. Ihre zust\u00e4ndige Aufsichtsbeh\u00f6rde richtet sich nach dem Bundesland Ihres Wohnsitzes, Ihrer Arbeit oder der mutma\u00dflichen Verletzung. Eine Liste der Aufsichtsbeh\u00f6rden (f\u00fcr den nicht\u00f6ffentlichen Bereich) mit Anschrift finden Sie unter: https:\/\/www.bfdi.bund.de\/DE\/Infothek\/Anschriften_Links\/anschriften_links-node.html.<br \/>The purposes of data processing by the responsible body and third parties<\/p><p>We will only process your personal data in this privacy statement mentioned purposes. A Transfer of your personal data to a third party other than the above-mentioned purposes, will not take place. We share your personal data only to third parties if:<\/p><p>You have given your Express permission to do so,<br \/>the processing for the performance of a contract with you, is required<br \/>the processing for the fulfilment of a legal obligation is required<\/p><p>the processing to safeguard legitimate interests and there is no reason to believe that you have an overriding interest worthy of protection in the non-disclosure of your data.<br \/>Collection of General information when visiting our Website<\/p><p>When you access our Website, will be collected automatically by means of a cookie, the information is General in nature. This information (Server log files) includes the type of web browser, the operating system used, the domain name of your Internet Service Provider and the like. This is exclusively information which does not allow any conclusions to be drawn about your Person.<\/p><p>This information is technically necessary in order to content you have requested web pages to be correctly displayed and fall in use of the Internet is mandatory. You will be particularly processed for the following purposes:<\/p><p>A problem-free connection of the Website<br \/>Guarantee a smooth usage of our Website,<br \/>Evaluation of system security and stability, as well as<br \/>to further administrative purposes.<\/p><p>The processing of your personal data is based on our legitimate interest from the aforementioned purposes for data collection. We use your data to draw conclusions about your Person. Recipients of the data are only the responsible body and, if necessary, order processors.<\/p><p>Anonymous information of this kind is possibly of us. statistically evaluated in order to provide our website and to optimize the technology behind it.<br \/>Provision of chargeable services<\/p><p>For the provision of paid services that we request additional data, such as payment information to process your order. We store this data in our systems until the legal retention periods have expired.<br \/>SSL encryption<\/p><p>In order to protect the security of your data during Transmission, we use state-of-the-art encryption procedures (e.g. SSL) via HTTPS.<br \/>Newsletter<\/p><p>On the basis of your expressly given consent, we will regularly send you our Newsletter or comparable information by E-Mail to your specified E-Mail address.<\/p><p>For the receipt of the newsletter the indication of your E-Mail address is sufficient. When you subscribe to our newsletter, the data you provide will be used exclusively for this purpose. Subscribers may also be circumstances informed by E-Mail, the service or the registration of relevant (for Example, Modifications to the newsletter offer or technical conditions).<\/p><p>For an effective registration we need a valid E-Mail address. To verify that a registration is actually made by the owner of the E-Mail address, we use the &#034;Double opt-in&#034;procedure. For this purpose we log the order of the newsletter, the dispatch of a confirmation mail and the receipt of the answer required. Further data is not collected. The data will be used exclusively for sending the newsletter and will not be disclosed to third parties.<\/p><p>The consent to the storage of your personal data and their use for the newsletter dispatch can be revoked at any time. In each Newsletter, a corresponding Link is found for this. You can also unsubscribe at any time directly on this website or to us, request it via the at the end of this privacy notice specified contact way to tell.<br \/>Contact form<\/p><p>You can contact regarding questions of any kind by E-Mail or contact form to get in touch with us, you grant to us for the purpose of the contact, your voluntary consent. For this purpose, the specification of a valid E-Mail address is not required. This serves for the assignment of the request and the subsequent answering of the same. The specification of further data is optional. The information you provide will be stored for the purpose of processing the request and for possible follow-up questions. After completion of your request, personal data will be deleted automatically.<br \/>Use of script libraries (Google Webfonts)<\/p><p>Um unsere Inhalte browser\u00fcbergreifend korrekt und grafisch ansprechend darzustellen, verwenden wir auf dieser Website Scriptbibliotheken und Schriftbibliotheken wie z. B. Google Webfonts (https:\/\/www.google.com\/webfonts\/). Google Webfonts werden zur Vermeidung mehrfachen Ladens in den Cache Ihres Browsers \u00fcbertragen. Falls der Browser die Google Webfonts nicht unterst\u00fctzt oder den Zugriff unterbindet, werden Inhalte in einer Standardschrift angezeigt.<\/p><p>The call of script libraries or font libraries automatically triggers a connection to the operator of the library. It is theoretically possible \u2013 currently also unclear whether and, if so for what purposes \u2013 that operators of corresponding libraries collect data.<\/p><p>Die Datenschutzrichtlinie des Bibliothekbetreibers Google finden Sie hier: https:\/\/www.google.com\/policies\/privacy\/<br \/>Use of Google Maps<\/p><p>This website uses Google Maps API to display geographic information visually. In the case of the use of Google Maps will be collected by Google is also data on the use of the map functions by visitors, processed and used. For more information about data processing by Google, please refer to the Google privacy policy. There you can change in the data protection center is also your personal privacy settings.<\/p><p>Detailed instructions for managing your own data in connection with Google products can be found here.<br \/>Embedded YouTube Videos<\/p><p>On some of our websites we embed Youtube Videos. The operator of the corresponding Plugins is YouTube, LLC, 901 Cherry Ave., San Bruno, CA 94066, USA. If you visit a page with the YouTube Plugin, a connection is established to the servers of Youtube. In the process, Youtube will be informed which pages you visit. If you are logged into your Youtube Account, Youtube your browsing behaviour to you personally to assign. This will prevent by logging out from your Youtube Account.<\/p><p>A Youtube Video is started, the provider Cookies, the information about user behavior.<\/p><p>Anyone who has disabled the storage of Cookies for the Google Ad program, you will also need to Watch Youtube Videos with no such Cookies to expect. Youtube no-places, but also in other Cookies to personal information. You want to prevent this, you must block the Saving of Cookies in your Browser.<\/p><p>Weitere Informationen zum Datenschutz bei \u201eYoutube\u201c finden Sie in der Datenschutzerkl\u00e4rung des Anbieters unter: https:\/\/www.google.de\/intl\/de\/policies\/privacy\/<br \/>Social Plugins<\/p><p>On our websites Social Plugins of the providers listed below are used. The plug-ins you can see that they are marked with the appropriate Logo.<\/p><p>These Plugins may share information can be, including personal data, to the service operator sent and, if necessary, of this use. We prevent the unconscious and unwanted collection and Transmission of data to the service provider through a 2-click solution. To activate a desired Social Plugin, it must first be activated by clicking on the corresponding switch. Only through this activation of the Plugin is the detection of information and its Transmission to the service provider triggered. We collect no personal data by means of Social Plugins or their use.<\/p><p>We have no influence over what data an enabled Plugin collects and how the provider to be used. Currently, it must be assumed that a direct connection to the services of the provider will be expanded and at least the IP address and device-related information, and used. Also, the possibility that the service try to save Cookies on the computer in use. What are the concrete data and how it is used can be recorded, please refer to the privacy policies of the respective service provider. Note: If you are logged in at the same time, Facebook can Facebook can identify you as a visitor to a particular page.<\/p><p>We have included on our Website, the Social Media Buttons of the following companies:<br \/>Changes to our privacy policy<\/p><p>We reserve the right to adapt this privacy statement, so that it continually meets the current legal requirements or Changes in our services in the data protection Declaration, e.g. when introducing new Services. For your next visit to the new privacy statement will apply.<br \/>Questions to the data protection officer<\/p><p>If you have questions regarding data protection, please write us an E-Mail or directly contact the data protection responsible Person in our organization:<\/p><p>info@rc-hall.com<\/p>\t\t\t\t\t\t\t\t<\/div>\n\t\t\t\t<\/div>\n\t\t\t\t\t<\/div>\n\t\t<\/div>\n\t\t\t\t<div class=\"elementor-column elementor-col-33 elementor-top-column elementor-element elementor-element-c188bcb\" data-id=\"c188bcb\" data-element_type=\"column\">\n\t\t\t<div class=\"elementor-widget-wrap\">\n\t\t\t\t\t\t\t<\/div>\n\t\t<\/div>\n\t\t\t\t\t<\/div>\n\t\t<\/section>\n\t\t\t\t<\/div>","protected":false},"excerpt":{"rendered":"<p>Datenschutzerkl\u00e4rung Verantwortliche Stelle im Sinne der Datenschutzgesetze, insbesondere der EU-Datenschutzgrundverordnung (DSGVO), ist: R. Remus Ihre Betroffenenrechte Unter den angegebenen Kontaktdaten unseres Datenschutzbeauftragten k\u00f6nnen Sie jederzeit folgende Rechte aus\u00fcben: Auskunft \u00fcber Ihre bei uns gespeicherten Daten und deren Verarbeitung,Berichtigung unrichtiger personenbezogener Daten,L\u00f6schung Ihrer bei uns gespeicherten Daten,Einschr\u00e4nkung der Datenverarbeitung, sofern wir Ihre Daten aufgrund gesetzlicher Pflichten [&hellip;]<\/p>","protected":false},"author":1,"featured_media":0,"parent":0,"menu_order":0,"comment_status":"closed","ping_status":"closed","template":"","meta":{"footnotes":""},"class_list":["post-1350","page","type-page","status-publish","hentry"],"yoast_head":"<!-- This site is optimized with the Yoast SEO Premium plugin v21.3 (Yoast SEO v25.9) - https:\/\/yoast.com\/wordpress\/plugins\/seo\/ -->\n<title>Datenschutzerkl\u00e4rung - RC Hall<\/title>\n<meta name=\"robots\" content=\"index, follow, max-snippet:-1, max-image-preview:large, max-video-preview:-1\" \/>\n<link rel=\"canonical\" href=\"https:\/\/rc-hall.com\/en\/datenschutzerklaerung\/\" \/>\n<meta property=\"og:locale\" content=\"en_US\" \/>\n<meta property=\"og:type\" content=\"article\" \/>\n<meta property=\"og:title\" content=\"Datenschutzerkl\u00e4rung\" \/>\n<meta property=\"og:description\" content=\"Datenschutzerkl\u00e4rung Verantwortliche Stelle im Sinne der Datenschutzgesetze, insbesondere der EU-Datenschutzgrundverordnung (DSGVO), ist: R. Remus Ihre Betroffenenrechte Unter den angegebenen Kontaktdaten unseres Datenschutzbeauftragten k\u00f6nnen Sie jederzeit folgende Rechte aus\u00fcben: Auskunft \u00fcber Ihre bei uns gespeicherten Daten und deren Verarbeitung,Berichtigung unrichtiger personenbezogener Daten,L\u00f6schung Ihrer bei uns gespeicherten Daten,Einschr\u00e4nkung der Datenverarbeitung, sofern wir Ihre Daten aufgrund gesetzlicher Pflichten [&hellip;]\" \/>\n<meta property=\"og:url\" content=\"https:\/\/rc-hall.com\/en\/datenschutzerklaerung\/\" \/>\n<meta property=\"og:site_name\" content=\"RC Hall\" \/>\n<meta property=\"article:modified_time\" content=\"2024-02-04T01:12:38+00:00\" \/>\n<meta name=\"twitter:card\" content=\"summary_large_image\" \/>\n<meta name=\"twitter:label1\" content=\"Est. reading time\" \/>\n\t<meta name=\"twitter:data1\" content=\"8 minutes\" \/>\n<script type=\"application\/ld+json\" class=\"yoast-schema-graph\">{\"@context\":\"https:\/\/schema.org\",\"@graph\":[{\"@type\":\"WebPage\",\"@id\":\"https:\/\/rc-hall.com\/datenschutzerklaerung\/\",\"url\":\"https:\/\/rc-hall.com\/datenschutzerklaerung\/\",\"name\":\"Datenschutzerkl\u00e4rung - RC Hall\",\"isPartOf\":{\"@id\":\"https:\/\/rc-hall.com\/#website\"},\"datePublished\":\"2020-10-22T22:32:54+00:00\",\"dateModified\":\"2024-02-04T01:12:38+00:00\",\"breadcrumb\":{\"@id\":\"https:\/\/rc-hall.com\/datenschutzerklaerung\/#breadcrumb\"},\"inLanguage\":\"en-US\",\"potentialAction\":[{\"@type\":\"ReadAction\",\"target\":[\"https:\/\/rc-hall.com\/datenschutzerklaerung\/\"]}]},{\"@type\":\"BreadcrumbList\",\"@id\":\"https:\/\/rc-hall.com\/datenschutzerklaerung\/#breadcrumb\",\"itemListElement\":[{\"@type\":\"ListItem\",\"position\":1,\"name\":\"Startseite\",\"item\":\"https:\/\/rc-hall.com\/\"},{\"@type\":\"ListItem\",\"position\":2,\"name\":\"Datenschutzerkl\u00e4rung\"}]},{\"@type\":\"WebSite\",\"@id\":\"https:\/\/rc-hall.com\/#website\",\"url\":\"https:\/\/rc-hall.com\/\",\"name\":\"RC Hall\",\"description\":\"Der Begleiter f\u00fcr das schnelle Hobby auf vier R\u00e4dern!\",\"potentialAction\":[{\"@type\":\"SearchAction\",\"target\":{\"@type\":\"EntryPoint\",\"urlTemplate\":\"https:\/\/rc-hall.com\/?s={search_term_string}\"},\"query-input\":{\"@type\":\"PropertyValueSpecification\",\"valueRequired\":true,\"valueName\":\"search_term_string\"}}],\"inLanguage\":\"en-US\"}]}<\/script>\n<!-- \/ Yoast SEO Premium plugin. -->","yoast_head_json":{"title":"Datenschutzerkl\u00e4rung - RC Hall","robots":{"index":"index","follow":"follow","max-snippet":"max-snippet:-1","max-image-preview":"max-image-preview:large","max-video-preview":"max-video-preview:-1"},"canonical":"https:\/\/rc-hall.com\/en\/datenschutzerklaerung\/","og_locale":"en_US","og_type":"article","og_title":"Datenschutzerkl\u00e4rung","og_description":"Datenschutzerkl\u00e4rung Verantwortliche Stelle im Sinne der Datenschutzgesetze, insbesondere der EU-Datenschutzgrundverordnung (DSGVO), ist: R. Remus Ihre Betroffenenrechte Unter den angegebenen Kontaktdaten unseres Datenschutzbeauftragten k\u00f6nnen Sie jederzeit folgende Rechte aus\u00fcben: Auskunft \u00fcber Ihre bei uns gespeicherten Daten und deren Verarbeitung,Berichtigung unrichtiger personenbezogener Daten,L\u00f6schung Ihrer bei uns gespeicherten Daten,Einschr\u00e4nkung der Datenverarbeitung, sofern wir Ihre Daten aufgrund gesetzlicher Pflichten [&hellip;]","og_url":"https:\/\/rc-hall.com\/en\/datenschutzerklaerung\/","og_site_name":"RC Hall","article_modified_time":"2024-02-04T01:12:38+00:00","twitter_card":"summary_large_image","twitter_misc":{"Est. reading time":"8 minutes"},"schema":{"@context":"https:\/\/schema.org","@graph":[{"@type":"WebPage","@id":"https:\/\/rc-hall.com\/datenschutzerklaerung\/","url":"https:\/\/rc-hall.com\/datenschutzerklaerung\/","name":"Datenschutzerkl\u00e4rung - RC Hall","isPartOf":{"@id":"https:\/\/rc-hall.com\/#website"},"datePublished":"2020-10-22T22:32:54+00:00","dateModified":"2024-02-04T01:12:38+00:00","breadcrumb":{"@id":"https:\/\/rc-hall.com\/datenschutzerklaerung\/#breadcrumb"},"inLanguage":"en-US","potentialAction":[{"@type":"ReadAction","target":["https:\/\/rc-hall.com\/datenschutzerklaerung\/"]}]},{"@type":"BreadcrumbList","@id":"https:\/\/rc-hall.com\/datenschutzerklaerung\/#breadcrumb","itemListElement":[{"@type":"ListItem","position":1,"name":"Startseite","item":"https:\/\/rc-hall.com\/"},{"@type":"ListItem","position":2,"name":"Datenschutzerkl\u00e4rung"}]},{"@type":"WebSite","@id":"https:\/\/rc-hall.com\/#website","url":"https:\/\/rc-hall.com\/","name":"RC Hall","description":"Der Begleiter f\u00fcr das schnelle Hobby auf vier R\u00e4dern!","potentialAction":[{"@type":"SearchAction","target":{"@type":"EntryPoint","urlTemplate":"https:\/\/rc-hall.com\/?s={search_term_string}"},"query-input":{"@type":"PropertyValueSpecification","valueRequired":true,"valueName":"search_term_string"}}],"inLanguage":"en-US"}]}},"_links":{"self":[{"href":"https:\/\/rc-hall.com\/en\/wp-json\/wp\/v2\/pages\/1350","targetHints":{"allow":["GET"]}}],"collection":[{"href":"https:\/\/rc-hall.com\/en\/wp-json\/wp\/v2\/pages"}],"about":[{"href":"https:\/\/rc-hall.com\/en\/wp-json\/wp\/v2\/types\/page"}],"author":[{"embeddable":true,"href":"https:\/\/rc-hall.com\/en\/wp-json\/wp\/v2\/users\/1"}],"replies":[{"embeddable":true,"href":"https:\/\/rc-hall.com\/en\/wp-json\/wp\/v2\/comments?post=1350"}],"version-history":[{"count":0,"href":"https:\/\/rc-hall.com\/en\/wp-json\/wp\/v2\/pages\/1350\/revisions"}],"wp:attachment":[{"href":"https:\/\/rc-hall.com\/en\/wp-json\/wp\/v2\/media?parent=1350"}],"curies":[{"name":"wp","href":"https:\/\/api.w.org\/{rel}","templated":true}]}}